{"id":392,"date":"2025-06-03T14:16:43","date_gmt":"2025-06-03T14:16:43","guid":{"rendered":"https:\/\/720degrees.codelapa.com\/?page_id=392"},"modified":"2026-02-12T12:38:57","modified_gmt":"2026-02-12T12:38:57","slug":"ai-modelling-training-and-inference","status":"publish","type":"page","link":"https:\/\/720degrees.ai\/pt\/what-we-do\/artificial-intelligence\/ai-modelling-training-and-inference\/","title":{"rendered":"Automa\u00e7\u00e3o Multiagente"},"content":{"rendered":"<section class=\"section has-parallax\" id=\"section_1136970657\">\n\t\t<div class=\"section-bg fill\" data-parallax-container=\".section\" data-parallax-background data-parallax=\"-3\">\n\t\t\t<img loading=\"lazy\" decoding=\"async\" width=\"1440\" height=\"598\" src=\"https:\/\/720degrees.ai\/wp-content\/uploads\/2025\/06\/Background.png\" class=\"bg attachment-original size-original\" alt=\"\" \/>\t\t\t\t\t\t\n\t\t\t\n\n\t\t<\/div>\n\n\t\t\n\n\t\t<div class=\"section-content relative\">\n\t\t\t\n\t<div id=\"gap-808760005\" class=\"gap-element clearfix\" style=\"display:block; height:auto;\">\n\t\t\n<style>\n#gap-808760005 {\n  padding-top: 96px;\n}\n<\/style>\n\t<\/div>\n\t\n<div class=\"row align-bottom align-center\"  id=\"row-303866058\">\n\n\t<div id=\"col-272493036\" class=\"col medium-9 small-12 large-9\"  data-animate=\"fadeInUp\">\n\t\t\t\t<div class=\"col-inner text-center\"  >\n\t\t\t\n\t\t\t\n\t<div id=\"text-153512853\" class=\"text brilho-titulo\">\n\t\t\n<h1>Automa\u00e7\u00e3o Multiagente<\/h1>\n\t\t\n<style>\n#text-153512853 {\n  font-size: 1.4rem;\n}\n@media (min-width:550px) {\n  #text-153512853 {\n    font-size: 2rem;\n  }\n}\n<\/style>\n\t<\/div>\n\t\n\t<div id=\"gap-1197831029\" class=\"gap-element clearfix\" style=\"display:block; height:auto;\">\n\t\t\n<style>\n#gap-1197831029 {\n  padding-top: 1px;\n}\n<\/style>\n\t<\/div>\n\t\n\t<div id=\"text-3588578498\" class=\"text\">\n\t\t\n<h2 class=\"thin-font\">Impulsione seus neg\u00f3cios com a Automa\u00e7\u00e3o Multiagente, que unifica automa\u00e7\u00e3o inteligente, RPA e fluxos de trabalho para aumentar a efici\u00eancia, a precis\u00e3o e a escalabilidade.<\/h2>\n\t\t\n<style>\n#text-3588578498 {\n  color: rgb(146, 151, 160);\n}\n#text-3588578498 > * {\n  color: rgb(146, 151, 160);\n}\n<\/style>\n\t<\/div>\n\t\n\t\t<\/div>\n\t\t\t\t\t<\/div>\n\n\t\n<\/div>\n\t\t<\/div>\n\n\t\t\n<style>\n#section_1136970657 {\n  padding-top: 60px;\n  padding-bottom: 60px;\n  background-color: rgb(0,0,0);\n}\n#section_1136970657 .section-bg img {\n  object-position: 46% 0%;\n}\n<\/style>\n\t<\/section>\n\t\n\n\t<section class=\"section\" id=\"section_1247646358\">\n\t\t<div class=\"section-bg fill\" >\n\t\t\t\t\t\t\t\t\t\n\t\t\t\n\n\t\t<\/div>\n\n\t\t\n\n\t\t<div class=\"section-content relative\">\n\t\t\t\n<div class=\"row\"  id=\"row-362789711\">\n\n\t<div id=\"col-738387842\" class=\"col medium-9 small-12 large-12\"  >\n\t\t\t\t<div class=\"col-inner\"  >\n\t\t\t\n\t\t\t\n\t<div id=\"text-1009550051\" class=\"text\">\n\t\t\n<h2>Automa\u00e7\u00e3o Inteligente, Resultados Reais<\/h2>\n\t\t\n<style>\n#text-1009550051 {\n  color: #02bcbc;\n}\n#text-1009550051 > * {\n  color: #02bcbc;\n}\n<\/style>\n\t<\/div>\n\t\n\t<div id=\"text-1225313806\" class=\"text\">\n\t\t\n<p>Simplifique as opera\u00e7\u00f5es com sistemas multiagentes que otimizam fluxos de trabalho, reduzem custos e dimensionam com precis\u00e3o.<\/p>\n\t\t\n<style>\n#text-1225313806 {\n  color: rgb(146, 151, 160);\n}\n#text-1225313806 > * {\n  color: rgb(146, 151, 160);\n}\n<\/style>\n\t<\/div>\n\t\n\t\t<\/div>\n\t\t\t\t\t<\/div>\n\n\t\n<\/div>\n<div class=\"row align-equal\"  id=\"row-138962580\">\n\n\t<div id=\"col-474603950\" class=\"col medium-9 small-12 large-9\"  >\n\t\t\t\t<div class=\"col-inner\"  >\n\t\t\t\n\t\t\t\n\t<div id=\"gap-186641561\" class=\"gap-element clearfix\" style=\"display:block; height:auto;\">\n\t\t\n<style>\n#gap-186641561 {\n  padding-top: 6px;\n}\n<\/style>\n\t<\/div>\n\t\n\t\t<\/div>\n\t\t\t\t\t<\/div>\n\n\t\n\n\t<div id=\"col-1252612271\" class=\"col medium-4 small-12 large-4\"  data-animate=\"fadeInUp\">\n\t\t\t\t<div class=\"col-inner text-center dark\" style=\"background-color:rgb(10, 10, 10);\" >\n\t\t\t\n\t<div class=\"is-border\"\n\t\tstyle=\"border-color:rgb(18, 18, 18);border-radius:20px;border-width:1px 1px 1px 1px;\">\n\t<\/div>\n\t\t\t\n\n\t\t<div class=\"icon-box featured-box icon-box-left text-left\"  >\n\t\t\t\t\t<div class=\"icon-box-img\" style=\"width: 30px\">\n\t\t\t\t<div class=\"icon\">\n\t\t\t\t\t<div class=\"icon-inner\" >\n\t\t\t\t\t\t<img loading=\"lazy\" decoding=\"async\" width=\"300\" height=\"300\" src=\"https:\/\/720degrees.ai\/wp-content\/uploads\/2025\/05\/Group-43000.svg\" class=\"attachment-medium size-medium\" alt=\"\" \/>\t\t\t\t\t<\/div>\n\t\t\t\t<\/div>\n\t\t\t<\/div>\n\t\t\t\t<div class=\"icon-box-text last-reset\">\n\t\t\t\t\t\t\t\t\t\n\t<div id=\"text-572604192\" class=\"text uppercase\">\n\t\t\n<p style=\"height:40px;\">Aumente a produtividade com automa\u00e7\u00e3o multiagente<\/p>\n\t\t\n<style>\n#text-572604192 {\n  color: rgb(0, 254, 254);\n}\n#text-572604192 > * {\n  color: rgb(0, 254, 254);\n}\n<\/style>\n\t<\/div>\n\t\n\t\t<\/div>\n\t<\/div>\n\t\n\t\n\t<div id=\"gap-1986676226\" class=\"gap-element clearfix\" style=\"display:block; height:auto;\">\n\t\t\n<style>\n#gap-1986676226 {\n  padding-top: 15px;\n}\n<\/style>\n\t<\/div>\n\t\n\t<div id=\"text-361583493\" class=\"text\">\n\t\t\n<p style=\"height:120px;\">Aproveite a automa\u00e7\u00e3o inteligente e o RPA empresarial para otimizar opera\u00e7\u00f5es, fechar lacunas de processos e aumentar a escalabilidade em toda a sua organiza\u00e7\u00e3o.<\/p>\n\t\t\n<style>\n#text-361583493 {\n  text-align: left;\n  color: rgb(146, 151, 160);\n}\n#text-361583493 > * {\n  color: rgb(146, 151, 160);\n}\n<\/style>\n\t<\/div>\n\t\n<div class=\"text-center\"><div class=\"is-divider divider clearfix\" style=\"max-width:100%;height:1px;background-color:#121212;\"><\/div><\/div>\n<a href=\"\/pt\/contact-us\/\" class=\"button primary is-outline is-small box-shadow-5-hover lowercase\"  style=\"border-radius:10px;padding:5px 40px 5px 40px;\">\n\t\t<span>Comece agora<\/span>\n\t<\/a>\n\n\t\t<\/div>\n\t\t\t\t\n<style>\n#col-1252612271 > .col-inner {\n  padding: 30px 20px 30px 20px;\n  border-radius: 14px;\n}\n<\/style>\n\t<\/div>\n\n\t\n\n\t<div id=\"col-1541672894\" class=\"col medium-4 small-12 large-4\"  data-animate=\"fadeInUp\">\n\t\t\t\t<div class=\"col-inner text-center dark\" style=\"background-color:rgb(10, 10, 10);\" >\n\t\t\t\n\t<div class=\"is-border\"\n\t\tstyle=\"border-color:rgb(18, 18, 18);border-radius:20px;border-width:1px 1px 1px 1px;\">\n\t<\/div>\n\t\t\t\n\n\t\t<div class=\"icon-box featured-box icon-box-left text-left\"  >\n\t\t\t\t\t<div class=\"icon-box-img\" style=\"width: 30px\">\n\t\t\t\t<div class=\"icon\">\n\t\t\t\t\t<div class=\"icon-inner\" >\n\t\t\t\t\t\t<img loading=\"lazy\" decoding=\"async\" width=\"300\" height=\"300\" src=\"https:\/\/720degrees.ai\/wp-content\/uploads\/2025\/05\/Group-43000.svg\" class=\"attachment-medium size-medium\" alt=\"\" \/>\t\t\t\t\t<\/div>\n\t\t\t\t<\/div>\n\t\t\t<\/div>\n\t\t\t\t<div class=\"icon-box-text last-reset\">\n\t\t\t\t\t\t\t\t\t\n\t<div id=\"text-725816484\" class=\"text uppercase\">\n\t\t\n<p style=\"height:40px;\">Otimiza\u00e7\u00e3o Inteligente do Fluxo de Trabalho para a Era Digital<\/p>\n\t\t\n<style>\n#text-725816484 {\n  color: rgb(0, 254, 254);\n}\n#text-725816484 > * {\n  color: rgb(0, 254, 254);\n}\n<\/style>\n\t<\/div>\n\t\n\t\t<\/div>\n\t<\/div>\n\t\n\t\n\t<div id=\"gap-1513202661\" class=\"gap-element clearfix\" style=\"display:block; height:auto;\">\n\t\t\n<style>\n#gap-1513202661 {\n  padding-top: 15px;\n}\n<\/style>\n\t<\/div>\n\t\n\t<div id=\"text-2961609776\" class=\"text\">\n\t\t\n<p style=\"height:120px;\">Nossas solu\u00e7\u00f5es personalizadas orquestram v\u00e1rios agentes para fornecer automa\u00e7\u00e3o eficiente e econ\u00f4mica, gerando precis\u00e3o e excel\u00eancia operacional.<\/p>\n\t\t\n<style>\n#text-2961609776 {\n  text-align: left;\n  color: rgb(146, 151, 160);\n}\n#text-2961609776 > * {\n  color: rgb(146, 151, 160);\n}\n<\/style>\n\t<\/div>\n\t\n<div class=\"text-center\"><div class=\"is-divider divider clearfix\" style=\"max-width:100%;height:1px;background-color:#121212;\"><\/div><\/div>\n\t<div id=\"gap-1518950536\" class=\"gap-element clearfix hide-for-medium\" style=\"display:block; height:auto;\">\n\t\t\n<style>\n#gap-1518950536 {\n  padding-top: 5px;\n}\n<\/style>\n\t<\/div>\n\t\n<a href=\"\/pt\/contact-us\/\" class=\"button primary is-outline is-small box-shadow-5-hover lowercase\"  style=\"border-radius:10px;padding:5px 40px 5px 40px;\">\n\t\t<span>Comece agora<\/span>\n\t<\/a>\n\n\t\t<\/div>\n\t\t\t\t\n<style>\n#col-1541672894 > .col-inner {\n  padding: 30px 20px 30px 20px;\n  border-radius: 14px;\n}\n<\/style>\n\t<\/div>\n\n\t\n\n\t<div id=\"col-2011382321\" class=\"col medium-4 small-12 large-4\"  data-animate=\"fadeInUp\">\n\t\t\t\t<div class=\"col-inner text-center dark\" style=\"background-color:rgb(10, 10, 10);\" >\n\t\t\t\n\t<div class=\"is-border\"\n\t\tstyle=\"border-color:rgb(18, 18, 18);border-radius:20px;border-width:1px 1px 1px 1px;\">\n\t<\/div>\n\t\t\t\n\n\t\t<div class=\"icon-box featured-box icon-box-left text-left\"  >\n\t\t\t\t\t<div class=\"icon-box-img\" style=\"width: 30px\">\n\t\t\t\t<div class=\"icon\">\n\t\t\t\t\t<div class=\"icon-inner\" >\n\t\t\t\t\t\t<img loading=\"lazy\" decoding=\"async\" width=\"300\" height=\"300\" src=\"https:\/\/720degrees.ai\/wp-content\/uploads\/2025\/05\/Group-43000.svg\" class=\"attachment-medium size-medium\" alt=\"\" \/>\t\t\t\t\t<\/div>\n\t\t\t\t<\/div>\n\t\t\t<\/div>\n\t\t\t\t<div class=\"icon-box-text last-reset\">\n\t\t\t\t\t\t\t\t\t\n\t<div id=\"text-3817830355\" class=\"text uppercase\">\n\t\t\n<p style=\"height:40px;\">Automa\u00e7\u00e3o escal\u00e1vel que impulsiona o crescimento dos neg\u00f3cios<\/p>\n\t\t\n<style>\n#text-3817830355 {\n  color: rgb(0, 254, 254);\n}\n#text-3817830355 > * {\n  color: rgb(0, 254, 254);\n}\n<\/style>\n\t<\/div>\n\t\n\t\t<\/div>\n\t<\/div>\n\t\n\t\n\t<div id=\"gap-1440968484\" class=\"gap-element clearfix\" style=\"display:block; height:auto;\">\n\t\t\n<style>\n#gap-1440968484 {\n  padding-top: 15px;\n}\n<\/style>\n\t<\/div>\n\t\n\t<div id=\"text-2607926857\" class=\"text\">\n\t\t\n<p style=\"height:120px;\">Fortale\u00e7a seu neg\u00f3cio com estrat\u00e9gias de automa\u00e7\u00e3o inovadoras que reduzem custos, melhoram a integridade dos processos e d\u00e3o suporte ao sucesso a longo prazo em um mundo digital acelerado.<\/p>\n\t\t\n<style>\n#text-2607926857 {\n  text-align: left;\n  color: rgb(146, 151, 160);\n}\n#text-2607926857 > * {\n  color: rgb(146, 151, 160);\n}\n<\/style>\n\t<\/div>\n\t\n<div class=\"text-center\"><div class=\"is-divider divider clearfix\" style=\"max-width:100%;height:1px;background-color:#121212;\"><\/div><\/div>\n<a href=\"\/pt\/contact-us\/\" class=\"button primary is-outline is-small box-shadow-5-hover lowercase\"  style=\"border-radius:10px;padding:5px 40px 5px 40px;\">\n\t\t<span>Comece agora<\/span>\n\t<\/a>\n\n\t\t<\/div>\n\t\t\t\t\n<style>\n#col-2011382321 > .col-inner {\n  padding: 30px 20px 30px 20px;\n  border-radius: 14px;\n}\n<\/style>\n\t<\/div>\n\n\t\n<\/div>\n\t\t<\/div>\n\n\t\t\n<style>\n#section_1247646358 {\n  padding-top: 30px;\n  padding-bottom: 30px;\n  background-color: rgb(0,0,0);\n}\n<\/style>\n\t<\/section>\n\t\n\n\t<section class=\"section sec90\" id=\"section_2005006005\">\n\t\t<div class=\"section-bg fill\" >\n\t\t\t<img loading=\"lazy\" decoding=\"async\" width=\"1386\" height=\"832\" src=\"https:\/\/720degrees.ai\/wp-content\/uploads\/2025\/06\/Rectangle-27997.svg\" class=\"bg attachment-original size-original\" alt=\"\" \/>\t\t\t\t\t\t\n\t\t\t\n\n\t\t<\/div>\n\n\t\t\n\n\t\t<div class=\"section-content relative\">\n\t\t\t\n<div class=\"slider-wrapper relative slide-logos\" id=\"slider-483143030\" >\n    <div class=\"slider slider-nav-circle slider-nav-large slider-nav-light slider-style-focus\"\n        data-flickity-options='{            \"cellAlign\": \"center\",            \"imagesLoaded\": true,            \"lazyLoad\": 1,            \"freeScroll\": false,            \"wrapAround\": false,            \"autoPlay\": 6000,            \"pauseAutoPlayOnHover\" : true,            \"prevNextButtons\": false,            \"contain\" : true,            \"adaptiveHeight\" : true,            \"dragThreshold\" : 10,            \"percentPosition\": true,            \"pageDots\": false,            \"rightToLeft\": false,            \"draggable\": true,            \"selectedAttraction\": 0.1,            \"parallax\" : 0,            \"friction\": 0.6        }'\n        >\n        \r\n\r\n<div class=\"row\"  id=\"row-1968834994\">\r\n\r\n\n\t<div id=\"col-1682910897\" class=\"col small-12 large-12\"  >\n\t\t\t\t<div class=\"col-inner text-center\"  >\n\t\t\t\n\t\t\t\r\n\r\n\t<div class=\"img has-hover x md-x lg-x y md-y lg-y\" id=\"image_176362079\">\n\t\t\t\t\t\t\t\t<div class=\"img-inner dark\" >\n\t\t\t<img loading=\"lazy\" decoding=\"async\" width=\"120\" height=\"85\" src=\"https:\/\/720degrees.ai\/wp-content\/uploads\/2025\/06\/KPI-Logo.svg\" class=\"attachment-original size-original\" alt=\"\" \/>\t\t\t\t\t\t\n\t\t\t\t\t<\/div>\n\t\t\t\t\t\t\t\t\n<style>\n#image_176362079 {\n  width: 56%;\n}\n<\/style>\n\t<\/div>\n\t\r\n\r\n\r\n\t\t<\/div>\n\t\t\t\t\t<\/div>\n\n\t\r\n\r\n<\/div>\r\n<div class=\"row\"  id=\"row-2008665903\">\r\n\r\n\n\t<div id=\"col-406973874\" class=\"col small-12 large-12\"  >\n\t\t\t\t<div class=\"col-inner\"  >\n\t\t\t\n\t\t\t\r\n\r\n\t<div class=\"img has-hover x md-x lg-x y md-y lg-y\" id=\"image_1247808061\">\n\t\t\t\t\t\t\t\t<div class=\"img-inner dark\" >\n\t\t\t<img loading=\"lazy\" decoding=\"async\" width=\"884\" height=\"69\" src=\"https:\/\/720degrees.ai\/wp-content\/uploads\/2025\/06\/Codelapa-Desenvolvimento-de-Sites-_1_.webp\" class=\"attachment-original size-original\" alt=\"\" srcset=\"https:\/\/720degrees.ai\/wp-content\/uploads\/2025\/06\/Codelapa-Desenvolvimento-de-Sites-_1_.webp 884w, https:\/\/720degrees.ai\/wp-content\/uploads\/2025\/06\/Codelapa-Desenvolvimento-de-Sites-_1_-300x23.webp 300w, https:\/\/720degrees.ai\/wp-content\/uploads\/2025\/06\/Codelapa-Desenvolvimento-de-Sites-_1_-768x60.webp 768w\" sizes=\"auto, (max-width: 884px) 100vw, 884px\" \/>\t\t\t\t\t\t\n\t\t\t\t\t<\/div>\n\t\t\t\t\t\t\t\t\n<style>\n#image_1247808061 {\n  width: 100%;\n}\n<\/style>\n\t<\/div>\n\t\r\n\r\n\r\n\t\t<\/div>\n\t\t\t\t\t<\/div>\n\n\t\r\n\r\n<\/div>\r\n<div class=\"row\"  id=\"row-340540851\">\r\n\r\n\n\t<div id=\"col-1699329863\" class=\"col small-12 large-12\"  >\n\t\t\t\t<div class=\"col-inner\"  >\n\t\t\t\n\t\t\t\r\n\r\n\t<div class=\"img has-hover x md-x lg-x y md-y lg-y\" id=\"image_1192507530\">\n\t\t\t\t\t\t\t\t<div class=\"img-inner dark\" >\n\t\t\t<img loading=\"lazy\" decoding=\"async\" width=\"1460\" height=\"616\" src=\"https:\/\/720degrees.ai\/wp-content\/uploads\/2025\/06\/e098f00f-3c66-4218-bb2e-98f4d19cadbc.png\" class=\"attachment-original size-original\" alt=\"\" srcset=\"https:\/\/720degrees.ai\/wp-content\/uploads\/2025\/06\/e098f00f-3c66-4218-bb2e-98f4d19cadbc.png 1460w, https:\/\/720degrees.ai\/wp-content\/uploads\/2025\/06\/e098f00f-3c66-4218-bb2e-98f4d19cadbc-300x127.png 300w, https:\/\/720degrees.ai\/wp-content\/uploads\/2025\/06\/e098f00f-3c66-4218-bb2e-98f4d19cadbc-1024x432.png 1024w, https:\/\/720degrees.ai\/wp-content\/uploads\/2025\/06\/e098f00f-3c66-4218-bb2e-98f4d19cadbc-768x324.png 768w\" sizes=\"auto, (max-width: 1460px) 100vw, 1460px\" \/>\t\t\t\t\t\t\n\t\t\t\t\t<\/div>\n\t\t\t\t\t\t\t\t\n<style>\n#image_1192507530 {\n  width: 100%;\n}\n<\/style>\n\t<\/div>\n\t\r\n\r\n\r\n\t\t<\/div>\n\t\t\t\t\t<\/div>\n\n\t\r\n\r\n<\/div>\r\n\r\n     <\/div>\n\n     <div class=\"loading-spin dark large centered\"><\/div>\n\n\t\n<style>\n#slider-483143030 .flickity-slider > * {\n  max-width: 94%!important;\n}\n@media (min-width:550px) {\n  #slider-483143030 .flickity-slider > * {\n    max-width: 22%!important;\n  }\n}\n<\/style>\n<\/div>\n\n\r\n<div class=\"row\"  id=\"row-605176598\">\r\n\n\t<div id=\"col-1269372817\" class=\"col small-12 large-12\"  >\n\t\t\t\t<div class=\"col-inner text-center\"  >\n\t\t\t\n\t\t\t\t\t<\/div>\n\t\t\t\t\t<\/div>\n\n\t\r\n<div align=\"center\">PARTNERS<\/div>\r\n<\/div>\r\n\n\t<div id=\"gap-52499744\" class=\"gap-element clearfix\" style=\"display:block; height:auto;\">\n\t\t\n<style>\n#gap-52499744 {\n  padding-top: 67px;\n}\n<\/style>\n\t<\/div>\n\t\n\t<div id=\"gap-1994423449\" class=\"gap-element clearfix\" style=\"display:block; height:auto;\">\n\t\t\n<style>\n#gap-1994423449 {\n  padding-top: 12px;\n}\n<\/style>\n\t<\/div>\n\t\n<div class=\"slider-wrapper relative slide-what\" id=\"slider-1805454163\" >\n    <div class=\"slider slider-nav-circle slider-nav-large slider-nav-dark slider-style-focus\"\n        data-flickity-options='{            \"cellAlign\": \"center\",            \"imagesLoaded\": true,            \"lazyLoad\": 1,            \"freeScroll\": false,            \"wrapAround\": false,            \"autoPlay\": 6000,            \"pauseAutoPlayOnHover\" : true,            \"prevNextButtons\": false,            \"contain\" : true,            \"adaptiveHeight\" : true,            \"dragThreshold\" : 10,            \"percentPosition\": true,            \"pageDots\": false,            \"rightToLeft\": false,            \"draggable\": true,            \"selectedAttraction\": 0.1,            \"parallax\" : 0,            \"friction\": 0.6        }'\n        >\n        \n<div class=\"row row-large align-equal align-center\"  id=\"row-775359279\">\n\n\t<div id=\"col-1400467503\" class=\"col gradiente-col small-12 large-12\"  >\n\t\t\t\t<div class=\"col-inner text-left dark\" style=\"background-color:#1d1e21;\" >\n\t\t\t\n\t\t\t\n\t<div class=\"box has-hover   has-hover box-text-bottom\" >\n\n\t\t<div class=\"box-image\" style=\"border-radius:4%;\">\n\t\t\t\t\t\t<div class=\"image-cover\" style=\"padding-top:200px;\">\n\t\t\t\t<img loading=\"lazy\" decoding=\"async\" width=\"1024\" height=\"520\" src=\"https:\/\/720degrees.ai\/wp-content\/uploads\/2025\/06\/istockphoto-1493495125-1024x1024-1.jpg\" class=\"attachment-original size-original\" alt=\"\" srcset=\"https:\/\/720degrees.ai\/wp-content\/uploads\/2025\/06\/istockphoto-1493495125-1024x1024-1.jpg 1024w, https:\/\/720degrees.ai\/wp-content\/uploads\/2025\/06\/istockphoto-1493495125-1024x1024-1-300x152.jpg 300w, https:\/\/720degrees.ai\/wp-content\/uploads\/2025\/06\/istockphoto-1493495125-1024x1024-1-768x390.jpg 768w\" sizes=\"auto, (max-width: 1024px) 100vw, 1024px\" \/>\t\t\t\t<div class=\"overlay\" style=\"background-color:rgba(206, 206, 206, 0)\"><\/div>\t\t\t\t\t\t\t<\/div>\n\t\t\t\t\t<\/div>\n\n\t\t<div class=\"box-text text-center\" style=\"padding:15px 0px 0px 0px;\">\n\t\t\t<div class=\"box-text-inner\">\n\t\t\t\t\n\t<div id=\"text-160240404\" class=\"text\">\n\t\t\n<h3>Consultoria de Estrat\u00e9gia de IA<\/h3>\n\t\t\n<style>\n#text-160240404 {\n  font-size: 1.5rem;\n  text-align: left;\n  color: rgb(2, 188, 188);\n}\n#text-160240404 > * {\n  color: rgb(2, 188, 188);\n}\n@media (min-width:550px) {\n  #text-160240404 {\n    font-size: 1rem;\n  }\n}\n<\/style>\n\t<\/div>\n\t\n\t<div id=\"gap-225208811\" class=\"gap-element clearfix\" style=\"display:block; height:auto;\">\n\t\t\n<style>\n#gap-225208811 {\n  padding-top: 1px;\n}\n<\/style>\n\t<\/div>\n\t\n\t<div id=\"text-2046500823\" class=\"text\">\n\t\t\n<p>A 720 Degrees Consulting capacita empresas [\u2026]\n\t\t\n<style>\n#text-2046500823 {\n  text-align: left;\n}\n<\/style>\n\t<\/div>\n\t\n<a href=\"\/pt\/what-we-do\/artificial-intelligence\/ai-strategy-advisory\/\" class=\"button primary is-link is-small box-shadow-5-hover lowercase\"  style=\"border-radius:10px;padding:5px 40px 5px 0px;\">\n\t\t<span>Saiba mais<\/span>\n\t<i class=\"icon-angle-right\" aria-hidden=\"true\" ><\/i><\/a>\n\n\t\t\t<\/div>\n\t\t<\/div>\n\t<\/div>\n\t\n\t\t<\/div>\n\t\t\t\t\n<style>\n#col-1400467503 > .col-inner {\n  padding: 10px 10px 10px 10px;\n}\n<\/style>\n\t<\/div>\n\n\t\n\n<style>\n#row-775359279 > .col > .col-inner {\n  border-radius: 21px;\n}\n<\/style>\n<\/div>\n<div class=\"row row-large align-equal align-center\"  id=\"row-796378687\">\n\n\t<div id=\"col-1279743666\" class=\"col gradiente-col small-12 large-12\"  >\n\t\t\t\t<div class=\"col-inner text-left dark\" style=\"background-color:#1d1e21;\" >\n\t\t\t\n\t\t\t\n\t<div class=\"box has-hover   has-hover box-text-bottom\" >\n\n\t\t<div class=\"box-image\" style=\"border-radius:4%;\">\n\t\t\t\t\t\t<div class=\"image-cover\" style=\"padding-top:200px;\">\n\t\t\t\t<img loading=\"lazy\" decoding=\"async\" width=\"1254\" height=\"836\" src=\"https:\/\/720degrees.ai\/wp-content\/uploads\/2025\/06\/iStock-1919982861.jpg\" class=\"attachment-original size-original\" alt=\"\" srcset=\"https:\/\/720degrees.ai\/wp-content\/uploads\/2025\/06\/iStock-1919982861.jpg 1254w, https:\/\/720degrees.ai\/wp-content\/uploads\/2025\/06\/iStock-1919982861-300x200.jpg 300w, https:\/\/720degrees.ai\/wp-content\/uploads\/2025\/06\/iStock-1919982861-1024x683.jpg 1024w, https:\/\/720degrees.ai\/wp-content\/uploads\/2025\/06\/iStock-1919982861-768x512.jpg 768w\" sizes=\"auto, (max-width: 1254px) 100vw, 1254px\" \/>\t\t\t\t<div class=\"overlay\" style=\"background-color:rgba(206, 206, 206, 0)\"><\/div>\t\t\t\t\t\t\t<\/div>\n\t\t\t\t\t<\/div>\n\n\t\t<div class=\"box-text text-center\" style=\"padding:15px 0px 0px 0px;\">\n\t\t\t<div class=\"box-text-inner\">\n\t\t\t\t\n\t<div id=\"text-1463986866\" class=\"text\">\n\t\t\n<h3>Habilitar e implementar IA<\/h3>\n\t\t\n<style>\n#text-1463986866 {\n  font-size: 1.5rem;\n  text-align: left;\n  color: rgb(2, 188, 188);\n}\n#text-1463986866 > * {\n  color: rgb(2, 188, 188);\n}\n@media (min-width:550px) {\n  #text-1463986866 {\n    font-size: 1rem;\n  }\n}\n<\/style>\n\t<\/div>\n\t\n\t<div id=\"gap-52289524\" class=\"gap-element clearfix\" style=\"display:block; height:auto;\">\n\t\t\n<style>\n#gap-52289524 {\n  padding-top: 1px;\n}\n<\/style>\n\t<\/div>\n\t\n\t<div id=\"text-2783288319\" class=\"text\">\n\t\t\n<p>Transformamos sua vis\u00e3o em realidade com solu\u00e7\u00f5es de IA personalizadas [\u2026]\n\t\t\n<style>\n#text-2783288319 {\n  text-align: left;\n}\n<\/style>\n\t<\/div>\n\t\n<a href=\"\/pt\/what-we-do\/artificial-intelligence\/ai-enable-and-implement\/\" class=\"button primary is-link is-small box-shadow-5-hover lowercase\"  style=\"border-radius:10px;padding:5px 40px 5px 0px;\">\n\t\t<span>Saiba mais<\/span>\n\t<i class=\"icon-angle-right\" aria-hidden=\"true\" ><\/i><\/a>\n\n\t<div id=\"gap-306468191\" class=\"gap-element clearfix\" style=\"display:block; height:auto;\">\n\t\t\n<style>\n#gap-306468191 {\n  padding-top: 15px;\n}\n<\/style>\n\t<\/div>\n\t\n\t\t\t<\/div>\n\t\t<\/div>\n\t<\/div>\n\t\n\t\t<\/div>\n\t\t\t\t\n<style>\n#col-1279743666 > .col-inner {\n  padding: 10px 10px 10px 10px;\n}\n<\/style>\n\t<\/div>\n\n\t\n\n<style>\n#row-796378687 > .col > .col-inner {\n  border-radius: 21px;\n}\n<\/style>\n<\/div>\n<div class=\"row row-large align-equal align-center\"  id=\"row-1793686520\">\n\n\t<div id=\"col-1710637537\" class=\"col gradiente-col small-12 large-12\"  >\n\t\t\t\t<div class=\"col-inner text-left dark\" style=\"background-color:#1d1e21;\" >\n\t\t\t\n\t\t\t\n\t<div class=\"box has-hover   has-hover box-text-bottom\" >\n\n\t\t<div class=\"box-image\" style=\"border-radius:4%;\">\n\t\t\t\t\t\t<div class=\"image-cover\" style=\"padding-top:200px;\">\n\t\t\t\t<img loading=\"lazy\" decoding=\"async\" width=\"1284\" height=\"817\" src=\"https:\/\/720degrees.ai\/wp-content\/uploads\/2025\/06\/iStock-1447084057.jpg\" class=\"attachment-original size-original\" alt=\"\" srcset=\"https:\/\/720degrees.ai\/wp-content\/uploads\/2025\/06\/iStock-1447084057.jpg 1284w, https:\/\/720degrees.ai\/wp-content\/uploads\/2025\/06\/iStock-1447084057-300x191.jpg 300w, https:\/\/720degrees.ai\/wp-content\/uploads\/2025\/06\/iStock-1447084057-1024x652.jpg 1024w, https:\/\/720degrees.ai\/wp-content\/uploads\/2025\/06\/iStock-1447084057-768x489.jpg 768w\" sizes=\"auto, (max-width: 1284px) 100vw, 1284px\" \/>\t\t\t\t<div class=\"overlay\" style=\"background-color:rgba(206, 206, 206, 0)\"><\/div>\t\t\t\t\t\t\t<\/div>\n\t\t\t\t\t<\/div>\n\n\t\t<div class=\"box-text text-center\" style=\"padding:15px 0px 0px 0px;\">\n\t\t\t<div class=\"box-text-inner\">\n\t\t\t\t\n\t<div id=\"text-3721488397\" class=\"text\">\n\t\t\n<h3>Modelagem, treinamento e infer\u00eancia de IA<\/h3>\n\t\t\n<style>\n#text-3721488397 {\n  font-size: 1.5rem;\n  text-align: left;\n  color: rgb(2, 188, 188);\n}\n#text-3721488397 > * {\n  color: rgb(2, 188, 188);\n}\n@media (min-width:550px) {\n  #text-3721488397 {\n    font-size: 1rem;\n  }\n}\n<\/style>\n\t<\/div>\n\t\n\t<div id=\"gap-1502156742\" class=\"gap-element clearfix\" style=\"display:block; height:auto;\">\n\t\t\n<style>\n#gap-1502156742 {\n  padding-top: 1px;\n}\n<\/style>\n\t<\/div>\n\t\n\t<div id=\"text-2163079720\" class=\"text\">\n\t\t\n<p>A 720 Degrees desenvolve modelos avan\u00e7ados de IA \u2014 preditivos [\u2026]\n\t\t\n<style>\n#text-2163079720 {\n  text-align: left;\n}\n<\/style>\n\t<\/div>\n\t\n<a href=\"\/pt\/what-we-do\/artificial-intelligence\/ai-modelling-and-training\/\" class=\"button primary is-link is-small box-shadow-5-hover lowercase\"  style=\"border-radius:10px;padding:5px 40px 5px 0px;\">\n\t\t<span>Saiba mais<\/span>\n\t<i class=\"icon-angle-right\" aria-hidden=\"true\" ><\/i><\/a>\n\n\t\t\t<\/div>\n\t\t<\/div>\n\t<\/div>\n\t\n\t\t<\/div>\n\t\t\t\t\n<style>\n#col-1710637537 > .col-inner {\n  padding: 10px 10px 10px 10px;\n}\n<\/style>\n\t<\/div>\n\n\t\n\n<style>\n#row-1793686520 > .col > .col-inner {\n  border-radius: 21px;\n}\n<\/style>\n<\/div>\n     <\/div>\n\n     <div class=\"loading-spin dark large centered\"><\/div>\n\n\t\n<style>\n#slider-1805454163 .flickity-slider > * {\n  max-width: 100%!important;\n}\n@media (min-width:550px) {\n  #slider-1805454163 .flickity-slider > * {\n    max-width: 33%!important;\n  }\n}\n<\/style>\n<\/div>\n\n\n\t\t<\/div>\n\n\t\t\n<style>\n#section_2005006005 {\n  padding-top: 30px;\n  padding-bottom: 30px;\n  background-color: rgb(0,0,0);\n}\n#section_2005006005 .section-bg img {\n  object-position: 58% 0%;\n}\n<\/style>\n\t<\/section>","protected":false},"excerpt":{"rendered":"","protected":false},"author":1,"featured_media":0,"parent":380,"menu_order":0,"comment_status":"closed","ping_status":"closed","template":"page-transparent-header.php","meta":{"inline_featured_image":false,"footnotes":""},"class_list":["post-392","page","type-page","status-publish","hentry"],"_links":{"self":[{"href":"https:\/\/720degrees.ai\/pt\/wp-json\/wp\/v2\/pages\/392","targetHints":{"allow":["GET"]}}],"collection":[{"href":"https:\/\/720degrees.ai\/pt\/wp-json\/wp\/v2\/pages"}],"about":[{"href":"https:\/\/720degrees.ai\/pt\/wp-json\/wp\/v2\/types\/page"}],"author":[{"embeddable":true,"href":"https:\/\/720degrees.ai\/pt\/wp-json\/wp\/v2\/users\/1"}],"replies":[{"embeddable":true,"href":"https:\/\/720degrees.ai\/pt\/wp-json\/wp\/v2\/comments?post=392"}],"version-history":[{"count":31,"href":"https:\/\/720degrees.ai\/pt\/wp-json\/wp\/v2\/pages\/392\/revisions"}],"predecessor-version":[{"id":1446,"href":"https:\/\/720degrees.ai\/pt\/wp-json\/wp\/v2\/pages\/392\/revisions\/1446"}],"up":[{"embeddable":true,"href":"https:\/\/720degrees.ai\/pt\/wp-json\/wp\/v2\/pages\/380"}],"wp:attachment":[{"href":"https:\/\/720degrees.ai\/pt\/wp-json\/wp\/v2\/media?parent=392"}],"curies":[{"name":"wp","href":"https:\/\/api.w.org\/{rel}","templated":true}]}}