{"id":391,"date":"2025-06-03T14:14:21","date_gmt":"2025-06-03T14:14:21","guid":{"rendered":"https:\/\/720degrees.codelapa.com\/?page_id=391"},"modified":"2026-02-12T13:09:25","modified_gmt":"2026-02-12T13:09:25","slug":"ai-modelling-and-training","status":"publish","type":"page","link":"https:\/\/720degrees.ai\/pt\/what-we-do\/artificial-intelligence\/ai-modelling-and-training\/","title":{"rendered":"Modelagem e Treinamento de IA"},"content":{"rendered":"<section class=\"section has-parallax\" id=\"section_856344018\">\n\t\t<div class=\"section-bg fill\" data-parallax-container=\".section\" data-parallax-background data-parallax=\"-3\">\n\t\t\t<img loading=\"lazy\" decoding=\"async\" width=\"1440\" height=\"598\" src=\"https:\/\/720degrees.ai\/wp-content\/uploads\/2025\/06\/Background.png\" class=\"bg attachment-original size-original\" alt=\"\" \/>\t\t\t\t\t\t\n\t\t\t\n\n\t\t<\/div>\n\n\t\t\n\n\t\t<div class=\"section-content relative\">\n\t\t\t\n\t<div id=\"gap-1659310314\" class=\"gap-element clearfix\" style=\"display:block; height:auto;\">\n\t\t\n<style>\n#gap-1659310314 {\n  padding-top: 96px;\n}\n<\/style>\n\t<\/div>\n\t\n<div class=\"row align-bottom align-center\"  id=\"row-2086417507\">\n\n\t<div id=\"col-616629003\" class=\"col medium-8 small-12 large-8\"  data-animate=\"fadeInUp\">\n\t\t\t\t<div class=\"col-inner text-center\"  >\n\t\t\t\n\t\t\t\n\t<div id=\"text-1849817766\" class=\"text brilho-titulo\">\n\t\t\n<h1>Modelagem, treinamento e infer\u00eancia de IA<\/h1>\n\t\t\n<style>\n#text-1849817766 {\n  font-size: 1.4rem;\n}\n@media (min-width:550px) {\n  #text-1849817766 {\n    font-size: 2rem;\n  }\n}\n<\/style>\n\t<\/div>\n\t\n\t<div id=\"gap-1785687451\" class=\"gap-element clearfix\" style=\"display:block; height:auto;\">\n\t\t\n<style>\n#gap-1785687451 {\n  padding-top: 1px;\n}\n<\/style>\n\t<\/div>\n\t\n\t<div id=\"text-2508100646\" class=\"text\">\n\t\t\n<h2 class=\"thin-font\">A 720 Degrees desenvolve modelos de IA personalizados \u2014 preditivos, prescritivos e generativos \u2014 possibilitando decis\u00f5es mais inteligentes e excel\u00eancia operacional por meio de solu\u00e7\u00f5es personalizadas e dados de qualidade.<\/h2>\n\t\t\n<style>\n#text-2508100646 {\n  color: rgb(146, 151, 160);\n}\n#text-2508100646 > * {\n  color: rgb(146, 151, 160);\n}\n<\/style>\n\t<\/div>\n\t\n\t\t<\/div>\n\t\t\t\t\t<\/div>\n\n\t\n<\/div>\n\t\t<\/div>\n\n\t\t\n<style>\n#section_856344018 {\n  padding-top: 60px;\n  padding-bottom: 60px;\n  background-color: rgb(0,0,0);\n}\n#section_856344018 .section-bg img {\n  object-position: 46% 0%;\n}\n<\/style>\n\t<\/section>\n\t\n\n\t<section class=\"section\" id=\"section_1471197256\">\n\t\t<div class=\"section-bg fill\" >\n\t\t\t\t\t\t\t\t\t\n\t\t\t\n\n\t\t<\/div>\n\n\t\t\n\n\t\t<div class=\"section-content relative\">\n\t\t\t\n<div class=\"row\"  id=\"row-645802960\">\n\n\t<div id=\"col-617539414\" class=\"col medium-9 small-12 large-12\"  >\n\t\t\t\t<div class=\"col-inner\"  >\n\t\t\t\n\t\t\t\n\t<div id=\"text-852926829\" class=\"text\">\n\t\t\n<h3>Capacitando a intelig\u00eancia empresarial com solu\u00e7\u00f5es de IA personalizadas<\/h3>\n\t\t\n<style>\n#text-852926829 {\n  color: #02bcbc;\n}\n#text-852926829 > * {\n  color: #02bcbc;\n}\n<\/style>\n\t<\/div>\n\t\n\t<div id=\"text-480168951\" class=\"text\">\n\t\t\n<p>A 720 Degrees fornece modelos de IA personalizados e estrat\u00e9gias baseadas em dados para otimizar decis\u00f5es e impulsionar a inova\u00e7\u00e3o.<\/p>\n\t\t\n<style>\n#text-480168951 {\n  color: rgb(146, 151, 160);\n}\n#text-480168951 > * {\n  color: rgb(146, 151, 160);\n}\n<\/style>\n\t<\/div>\n\t\n\t\t<\/div>\n\t\t\t\t\t<\/div>\n\n\t\n<\/div>\n<div class=\"row align-equal\"  id=\"row-807277705\">\n\n\t<div id=\"col-1289349959\" class=\"col medium-9 small-12 large-9\"  >\n\t\t\t\t<div class=\"col-inner\"  >\n\t\t\t\n\t\t\t\n\t<div id=\"gap-446092534\" class=\"gap-element clearfix\" style=\"display:block; height:auto;\">\n\t\t\n<style>\n#gap-446092534 {\n  padding-top: 6px;\n}\n<\/style>\n\t<\/div>\n\t\n\t\t<\/div>\n\t\t\t\t\t<\/div>\n\n\t\n\n\t<div id=\"col-982951687\" class=\"col medium-4 small-12 large-4\"  data-animate=\"fadeInUp\">\n\t\t\t\t<div class=\"col-inner text-center dark\" style=\"background-color:rgb(10, 10, 10);\" >\n\t\t\t\n\t<div class=\"is-border\"\n\t\tstyle=\"border-color:rgb(18, 18, 18);border-radius:20px;border-width:1px 1px 1px 1px;\">\n\t<\/div>\n\t\t\t\n\n\t\t<div class=\"icon-box featured-box icon-box-left text-left\"  >\n\t\t\t\t\t<div class=\"icon-box-img\" style=\"width: 30px\">\n\t\t\t\t<div class=\"icon\">\n\t\t\t\t\t<div class=\"icon-inner\" >\n\t\t\t\t\t\t<img loading=\"lazy\" decoding=\"async\" width=\"300\" height=\"300\" src=\"https:\/\/720degrees.ai\/wp-content\/uploads\/2025\/05\/Group-43000.svg\" class=\"attachment-medium size-medium\" alt=\"\" \/>\t\t\t\t\t<\/div>\n\t\t\t\t<\/div>\n\t\t\t<\/div>\n\t\t\t\t<div class=\"icon-box-text last-reset\">\n\t\t\t\t\t\t\t\t\t\n\t<div id=\"text-340911856\" class=\"text uppercase\">\n\t\t\n<p>Decis\u00f5es mais inteligentes com modelos de IA personalizados<\/p>\n\t\t\n<style>\n#text-340911856 {\n  color: rgb(0, 254, 254);\n}\n#text-340911856 > * {\n  color: rgb(0, 254, 254);\n}\n<\/style>\n\t<\/div>\n\t\n\t\t<\/div>\n\t<\/div>\n\t\n\t\n\t<div id=\"gap-1671213820\" class=\"gap-element clearfix\" style=\"display:block; height:auto;\">\n\t\t\n<style>\n#gap-1671213820 {\n  padding-top: 15px;\n}\n<\/style>\n\t<\/div>\n\t\n\t<div id=\"text-3208660808\" class=\"text\">\n\t\t\n<p style=\"height:120px;\">A 720 Degrees desenvolve solu\u00e7\u00f5es de IA preditivas, prescritivas e generativas adaptadas \u00e0s necessidades complexas dos neg\u00f3cios, capacitando a tomada de decis\u00f5es baseadas em dados com precis\u00e3o.<\/p>\n\t\t\n<style>\n#text-3208660808 {\n  text-align: left;\n  color: rgb(146, 151, 160);\n}\n#text-3208660808 > * {\n  color: rgb(146, 151, 160);\n}\n<\/style>\n\t<\/div>\n\t\n<div class=\"text-center\"><div class=\"is-divider divider clearfix\" style=\"max-width:100%;height:1px;background-color:#121212;\"><\/div><\/div>\n<a href=\"\/pt\/contact-us\/\" class=\"button primary is-outline is-small box-shadow-5-hover lowercase\"  style=\"border-radius:10px;padding:5px 40px 5px 40px;\">\n\t\t<span>Comece agora<\/span>\n\t<\/a>\n\n\t\t<\/div>\n\t\t\t\t\n<style>\n#col-982951687 > .col-inner {\n  padding: 30px 20px 30px 20px;\n  border-radius: 14px;\n}\n<\/style>\n\t<\/div>\n\n\t\n\n\t<div id=\"col-1071184369\" class=\"col medium-4 small-12 large-4\"  data-animate=\"fadeInUp\">\n\t\t\t\t<div class=\"col-inner text-center dark\" style=\"background-color:rgb(10, 10, 10);\" >\n\t\t\t\n\t<div class=\"is-border\"\n\t\tstyle=\"border-color:rgb(18, 18, 18);border-radius:20px;border-width:1px 1px 1px 1px;\">\n\t<\/div>\n\t\t\t\n\n\t\t<div class=\"icon-box featured-box icon-box-left text-left\"  >\n\t\t\t\t\t<div class=\"icon-box-img\" style=\"width: 30px\">\n\t\t\t\t<div class=\"icon\">\n\t\t\t\t\t<div class=\"icon-inner\" >\n\t\t\t\t\t\t<img loading=\"lazy\" decoding=\"async\" width=\"300\" height=\"300\" src=\"https:\/\/720degrees.ai\/wp-content\/uploads\/2025\/05\/Group-43000.svg\" class=\"attachment-medium size-medium\" alt=\"\" \/>\t\t\t\t\t<\/div>\n\t\t\t\t<\/div>\n\t\t\t<\/div>\n\t\t\t\t<div class=\"icon-box-text last-reset\">\n\t\t\t\t\t\t\t\t\t\n\t<div id=\"text-2236445627\" class=\"text uppercase\">\n\t\t\n<p>IA personalizada para desafios empresariais em evolu\u00e7\u00e3o<\/p>\n\t\t\n<style>\n#text-2236445627 {\n  color: rgb(0, 254, 254);\n}\n#text-2236445627 > * {\n  color: rgb(0, 254, 254);\n}\n<\/style>\n\t<\/div>\n\t\n\t\t<\/div>\n\t<\/div>\n\t\n\t\n\t<div id=\"gap-1553392114\" class=\"gap-element clearfix\" style=\"display:block; height:auto;\">\n\t\t\n<style>\n#gap-1553392114 {\n  padding-top: 15px;\n}\n<\/style>\n\t<\/div>\n\t\n\t<div id=\"text-2910766471\" class=\"text\">\n\t\t\n<p style=\"height:120px;\">Nossas solu\u00e7\u00f5es avan\u00e7adas de modelagem de IA e dados de treinamento de alta qualidade oferecem sistemas adapt\u00e1veis \u200b\u200be alinhados a objetivos que d\u00e3o suporte \u00e0 excel\u00eancia operacional e ao crescimento estrat\u00e9gico.<\/p>\n\t\t\n<style>\n#text-2910766471 {\n  text-align: left;\n  color: rgb(146, 151, 160);\n}\n#text-2910766471 > * {\n  color: rgb(146, 151, 160);\n}\n<\/style>\n\t<\/div>\n\t\n<div class=\"text-center\"><div class=\"is-divider divider clearfix\" style=\"max-width:100%;height:1px;background-color:#121212;\"><\/div><\/div>\n<a href=\"\/pt\/contact-us\/\" class=\"button primary is-outline is-small box-shadow-5-hover lowercase\"  style=\"border-radius:10px;padding:5px 40px 5px 40px;\">\n\t\t<span>Comece agora<\/span>\n\t<\/a>\n\n\t\t<\/div>\n\t\t\t\t\n<style>\n#col-1071184369 > .col-inner {\n  padding: 30px 20px 30px 20px;\n  border-radius: 14px;\n}\n<\/style>\n\t<\/div>\n\n\t\n\n\t<div id=\"col-126053481\" class=\"col medium-4 small-12 large-4\"  data-animate=\"fadeInUp\">\n\t\t\t\t<div class=\"col-inner text-center dark\" style=\"background-color:rgb(10, 10, 10);\" >\n\t\t\t\n\t<div class=\"is-border\"\n\t\tstyle=\"border-color:rgb(18, 18, 18);border-radius:20px;border-width:1px 1px 1px 1px;\">\n\t<\/div>\n\t\t\t\n\n\t\t<div class=\"icon-box featured-box icon-box-left text-left\"  >\n\t\t\t\t\t<div class=\"icon-box-img\" style=\"width: 30px\">\n\t\t\t\t<div class=\"icon\">\n\t\t\t\t\t<div class=\"icon-inner\" >\n\t\t\t\t\t\t<img loading=\"lazy\" decoding=\"async\" width=\"300\" height=\"300\" src=\"https:\/\/720degrees.ai\/wp-content\/uploads\/2025\/05\/Group-43000.svg\" class=\"attachment-medium size-medium\" alt=\"\" \/>\t\t\t\t\t<\/div>\n\t\t\t\t<\/div>\n\t\t\t<\/div>\n\t\t\t\t<div class=\"icon-box-text last-reset\">\n\t\t\t\t\t\t\t\t\t\n\t<div id=\"text-1047796902\" class=\"text uppercase\">\n\t\t\n<p>IA de precis\u00e3o: dos dados ao impacto<\/p>\n\t\t\n<style>\n#text-1047796902 {\n  color: rgb(0, 254, 254);\n}\n#text-1047796902 > * {\n  color: rgb(0, 254, 254);\n}\n<\/style>\n\t<\/div>\n\t\n\t\t<\/div>\n\t<\/div>\n\t\n\t\n\t<div id=\"gap-298031876\" class=\"gap-element clearfix\" style=\"display:block; height:auto;\">\n\t\t\n<style>\n#gap-298031876 {\n  padding-top: 15px;\n}\n<\/style>\n\t<\/div>\n\t\n\t<div id=\"text-1414790534\" class=\"text\">\n\t\t\n<p style=\"height:120px;\">Libere todo o potencial dos seus dados com modelos de IA personalizados, projetados para atender aos seus desafios espec\u00edficos e impulsionar o sucesso em um cen\u00e1rio tecnol\u00f3gico em r\u00e1pida mudan\u00e7a.<\/p>\n\t\t\n<style>\n#text-1414790534 {\n  text-align: left;\n  color: rgb(146, 151, 160);\n}\n#text-1414790534 > * {\n  color: rgb(146, 151, 160);\n}\n<\/style>\n\t<\/div>\n\t\n<div class=\"text-center\"><div class=\"is-divider divider clearfix\" style=\"max-width:100%;height:1px;background-color:#121212;\"><\/div><\/div>\n<a href=\"\/pt\/contact-us\/\" class=\"button primary is-outline is-small box-shadow-5-hover lowercase\"  style=\"border-radius:10px;padding:5px 40px 5px 40px;\">\n\t\t<span>Comece agora<\/span>\n\t<\/a>\n\n\t\t<\/div>\n\t\t\t\t\n<style>\n#col-126053481 > .col-inner {\n  padding: 30px 20px 30px 20px;\n  border-radius: 14px;\n}\n<\/style>\n\t<\/div>\n\n\t\n<\/div>\n\t\t<\/div>\n\n\t\t\n<style>\n#section_1471197256 {\n  padding-top: 30px;\n  padding-bottom: 30px;\n  background-color: rgb(0,0,0);\n}\n<\/style>\n\t<\/section>\n\t\n\n\t<section class=\"section sec90\" id=\"section_1533915665\">\n\t\t<div class=\"section-bg fill\" >\n\t\t\t<img loading=\"lazy\" decoding=\"async\" width=\"1386\" height=\"832\" src=\"https:\/\/720degrees.ai\/wp-content\/uploads\/2025\/06\/Rectangle-27997.svg\" class=\"bg attachment-original size-original\" alt=\"\" \/>\t\t\t\t\t\t\n\t\t\t\n\n\t\t<\/div>\n\n\t\t\n\n\t\t<div class=\"section-content relative\">\n\t\t\t\n<div class=\"slider-wrapper relative slide-logos\" id=\"slider-2106787104\" >\n    <div class=\"slider slider-nav-circle slider-nav-large slider-nav-light slider-style-focus\"\n        data-flickity-options='{            \"cellAlign\": \"center\",            \"imagesLoaded\": true,            \"lazyLoad\": 1,            \"freeScroll\": false,            \"wrapAround\": false,            \"autoPlay\": 6000,            \"pauseAutoPlayOnHover\" : true,            \"prevNextButtons\": false,            \"contain\" : true,            \"adaptiveHeight\" : true,            \"dragThreshold\" : 10,            \"percentPosition\": true,            \"pageDots\": false,            \"rightToLeft\": false,            \"draggable\": true,            \"selectedAttraction\": 0.1,            \"parallax\" : 0,            \"friction\": 0.6        }'\n        >\n        \r\n\r\n<div class=\"row\"  id=\"row-534088040\">\r\n\r\n\n\t<div id=\"col-430372598\" class=\"col small-12 large-12\"  >\n\t\t\t\t<div class=\"col-inner text-center\"  >\n\t\t\t\n\t\t\t\r\n\r\n\t<div class=\"img has-hover x md-x lg-x y md-y lg-y\" id=\"image_185373358\">\n\t\t\t\t\t\t\t\t<div class=\"img-inner dark\" >\n\t\t\t<img loading=\"lazy\" decoding=\"async\" width=\"120\" height=\"85\" src=\"https:\/\/720degrees.ai\/wp-content\/uploads\/2025\/06\/KPI-Logo.svg\" class=\"attachment-original size-original\" alt=\"\" \/>\t\t\t\t\t\t\n\t\t\t\t\t<\/div>\n\t\t\t\t\t\t\t\t\n<style>\n#image_185373358 {\n  width: 56%;\n}\n<\/style>\n\t<\/div>\n\t\r\n\r\n\r\n\t\t<\/div>\n\t\t\t\t\t<\/div>\n\n\t\r\n\r\n<\/div>\r\n<div class=\"row\"  id=\"row-277364512\">\r\n\r\n\n\t<div id=\"col-1220586057\" class=\"col small-12 large-12\"  >\n\t\t\t\t<div class=\"col-inner\"  >\n\t\t\t\n\t\t\t\r\n\r\n\t<div class=\"img has-hover x md-x lg-x y md-y lg-y\" id=\"image_2137421769\">\n\t\t\t\t\t\t\t\t<div class=\"img-inner dark\" >\n\t\t\t<img loading=\"lazy\" decoding=\"async\" width=\"884\" height=\"69\" src=\"https:\/\/720degrees.ai\/wp-content\/uploads\/2025\/06\/Codelapa-Desenvolvimento-de-Sites-_1_.webp\" class=\"attachment-original size-original\" alt=\"\" srcset=\"https:\/\/720degrees.ai\/wp-content\/uploads\/2025\/06\/Codelapa-Desenvolvimento-de-Sites-_1_.webp 884w, https:\/\/720degrees.ai\/wp-content\/uploads\/2025\/06\/Codelapa-Desenvolvimento-de-Sites-_1_-300x23.webp 300w, https:\/\/720degrees.ai\/wp-content\/uploads\/2025\/06\/Codelapa-Desenvolvimento-de-Sites-_1_-768x60.webp 768w\" sizes=\"auto, (max-width: 884px) 100vw, 884px\" \/>\t\t\t\t\t\t\n\t\t\t\t\t<\/div>\n\t\t\t\t\t\t\t\t\n<style>\n#image_2137421769 {\n  width: 100%;\n}\n<\/style>\n\t<\/div>\n\t\r\n\r\n\r\n\t\t<\/div>\n\t\t\t\t\t<\/div>\n\n\t\r\n\r\n<\/div>\r\n<div class=\"row\"  id=\"row-157705290\">\r\n\r\n\n\t<div id=\"col-665707562\" class=\"col small-12 large-12\"  >\n\t\t\t\t<div class=\"col-inner\"  >\n\t\t\t\n\t\t\t\r\n\r\n\t<div class=\"img has-hover x md-x lg-x y md-y lg-y\" id=\"image_408652114\">\n\t\t\t\t\t\t\t\t<div class=\"img-inner dark\" >\n\t\t\t<img loading=\"lazy\" decoding=\"async\" width=\"1460\" height=\"616\" src=\"https:\/\/720degrees.ai\/wp-content\/uploads\/2025\/06\/e098f00f-3c66-4218-bb2e-98f4d19cadbc.png\" class=\"attachment-original size-original\" alt=\"\" srcset=\"https:\/\/720degrees.ai\/wp-content\/uploads\/2025\/06\/e098f00f-3c66-4218-bb2e-98f4d19cadbc.png 1460w, https:\/\/720degrees.ai\/wp-content\/uploads\/2025\/06\/e098f00f-3c66-4218-bb2e-98f4d19cadbc-300x127.png 300w, https:\/\/720degrees.ai\/wp-content\/uploads\/2025\/06\/e098f00f-3c66-4218-bb2e-98f4d19cadbc-1024x432.png 1024w, https:\/\/720degrees.ai\/wp-content\/uploads\/2025\/06\/e098f00f-3c66-4218-bb2e-98f4d19cadbc-768x324.png 768w\" sizes=\"auto, (max-width: 1460px) 100vw, 1460px\" \/>\t\t\t\t\t\t\n\t\t\t\t\t<\/div>\n\t\t\t\t\t\t\t\t\n<style>\n#image_408652114 {\n  width: 100%;\n}\n<\/style>\n\t<\/div>\n\t\r\n\r\n\r\n\t\t<\/div>\n\t\t\t\t\t<\/div>\n\n\t\r\n\r\n<\/div>\r\n\r\n     <\/div>\n\n     <div class=\"loading-spin dark large centered\"><\/div>\n\n\t\n<style>\n#slider-2106787104 .flickity-slider > * {\n  max-width: 94%!important;\n}\n@media (min-width:550px) {\n  #slider-2106787104 .flickity-slider > * {\n    max-width: 22%!important;\n  }\n}\n<\/style>\n<\/div>\n\n\r\n<div class=\"row\"  id=\"row-1726180345\">\r\n\n\t<div id=\"col-501366780\" class=\"col small-12 large-12\"  >\n\t\t\t\t<div class=\"col-inner text-center\"  >\n\t\t\t\n\t\t\t\t\t<\/div>\n\t\t\t\t\t<\/div>\n\n\t\r\n<div align=\"center\">PARTNERS<\/div>\r\n<\/div>\r\n\n\t<div id=\"gap-2143317273\" class=\"gap-element clearfix\" style=\"display:block; height:auto;\">\n\t\t\n<style>\n#gap-2143317273 {\n  padding-top: 67px;\n}\n<\/style>\n\t<\/div>\n\t\n\t<div id=\"gap-1461370549\" class=\"gap-element clearfix\" style=\"display:block; height:auto;\">\n\t\t\n<style>\n#gap-1461370549 {\n  padding-top: 12px;\n}\n<\/style>\n\t<\/div>\n\t\n<div class=\"slider-wrapper relative slide-what\" id=\"slider-1276962743\" >\n    <div class=\"slider slider-nav-circle slider-nav-large slider-nav-dark slider-style-focus\"\n        data-flickity-options='{            \"cellAlign\": \"center\",            \"imagesLoaded\": true,            \"lazyLoad\": 1,            \"freeScroll\": false,            \"wrapAround\": false,            \"autoPlay\": 6000,            \"pauseAutoPlayOnHover\" : true,            \"prevNextButtons\": false,            \"contain\" : true,            \"adaptiveHeight\" : true,            \"dragThreshold\" : 10,            \"percentPosition\": true,            \"pageDots\": false,            \"rightToLeft\": false,            \"draggable\": true,            \"selectedAttraction\": 0.1,            \"parallax\" : 0,            \"friction\": 0.6        }'\n        >\n        \n<div class=\"row row-large align-equal align-center\"  id=\"row-119971248\">\n\n\t<div id=\"col-669250813\" class=\"col gradiente-col small-12 large-12\"  >\n\t\t\t\t<div class=\"col-inner text-left dark\" style=\"background-color:#1d1e21;\" >\n\t\t\t\n\t\t\t\n\t<div class=\"box has-hover   has-hover box-text-bottom\" >\n\n\t\t<div class=\"box-image\" style=\"border-radius:4%;\">\n\t\t\t\t\t\t<div class=\"image-cover\" style=\"padding-top:200px;\">\n\t\t\t\t<img loading=\"lazy\" decoding=\"async\" width=\"1024\" height=\"520\" src=\"https:\/\/720degrees.ai\/wp-content\/uploads\/2025\/06\/istockphoto-1493495125-1024x1024-1.jpg\" class=\"attachment-original size-original\" alt=\"\" srcset=\"https:\/\/720degrees.ai\/wp-content\/uploads\/2025\/06\/istockphoto-1493495125-1024x1024-1.jpg 1024w, https:\/\/720degrees.ai\/wp-content\/uploads\/2025\/06\/istockphoto-1493495125-1024x1024-1-300x152.jpg 300w, https:\/\/720degrees.ai\/wp-content\/uploads\/2025\/06\/istockphoto-1493495125-1024x1024-1-768x390.jpg 768w\" sizes=\"auto, (max-width: 1024px) 100vw, 1024px\" \/>\t\t\t\t<div class=\"overlay\" style=\"background-color:rgba(206, 206, 206, 0)\"><\/div>\t\t\t\t\t\t\t<\/div>\n\t\t\t\t\t<\/div>\n\n\t\t<div class=\"box-text text-center\" style=\"padding:15px 0px 0px 0px;\">\n\t\t\t<div class=\"box-text-inner\">\n\t\t\t\t\n\t<div id=\"text-429054364\" class=\"text\">\n\t\t\n<h3>Consultoria de Estrat\u00e9gia de IA<\/h3>\n\t\t\n<style>\n#text-429054364 {\n  font-size: 1.5rem;\n  text-align: left;\n  color: rgb(2, 188, 188);\n}\n#text-429054364 > * {\n  color: rgb(2, 188, 188);\n}\n@media (min-width:550px) {\n  #text-429054364 {\n    font-size: 1rem;\n  }\n}\n<\/style>\n\t<\/div>\n\t\n\t<div id=\"gap-1944064649\" class=\"gap-element clearfix\" style=\"display:block; height:auto;\">\n\t\t\n<style>\n#gap-1944064649 {\n  padding-top: 1px;\n}\n<\/style>\n\t<\/div>\n\t\n\t<div id=\"text-2304129233\" class=\"text\">\n\t\t\n<p>A 720 Degrees Consulting capacita empresas [\u2026]\n\t\t\n<style>\n#text-2304129233 {\n  text-align: left;\n}\n<\/style>\n\t<\/div>\n\t\n<a href=\"\/pt\/what-we-do\/artificial-intelligence\/ai-strategy-advisory\/\" class=\"button primary is-link is-small box-shadow-5-hover lowercase\"  style=\"border-radius:10px;padding:5px 40px 5px 0px;\">\n\t\t<span>Saiba mais<\/span>\n\t<i class=\"icon-angle-right\" aria-hidden=\"true\" ><\/i><\/a>\n\n\t\t\t<\/div>\n\t\t<\/div>\n\t<\/div>\n\t\n\t\t<\/div>\n\t\t\t\t\n<style>\n#col-669250813 > .col-inner {\n  padding: 10px 10px 10px 10px;\n}\n<\/style>\n\t<\/div>\n\n\t\n\n<style>\n#row-119971248 > .col > .col-inner {\n  border-radius: 21px;\n}\n<\/style>\n<\/div>\n<div class=\"row row-large align-equal align-center\"  id=\"row-1583306493\">\n\n\t<div id=\"col-336898041\" class=\"col gradiente-col small-12 large-12\"  >\n\t\t\t\t<div class=\"col-inner text-left dark\" style=\"background-color:#1d1e21;\" >\n\t\t\t\n\t\t\t\n\t<div class=\"box has-hover   has-hover box-text-bottom\" >\n\n\t\t<div class=\"box-image\" style=\"border-radius:4%;\">\n\t\t\t\t\t\t<div class=\"image-cover\" style=\"padding-top:200px;\">\n\t\t\t\t<img loading=\"lazy\" decoding=\"async\" width=\"1254\" height=\"836\" src=\"https:\/\/720degrees.ai\/wp-content\/uploads\/2025\/06\/iStock-1919982861.jpg\" class=\"attachment-original size-original\" alt=\"\" srcset=\"https:\/\/720degrees.ai\/wp-content\/uploads\/2025\/06\/iStock-1919982861.jpg 1254w, https:\/\/720degrees.ai\/wp-content\/uploads\/2025\/06\/iStock-1919982861-300x200.jpg 300w, https:\/\/720degrees.ai\/wp-content\/uploads\/2025\/06\/iStock-1919982861-1024x683.jpg 1024w, https:\/\/720degrees.ai\/wp-content\/uploads\/2025\/06\/iStock-1919982861-768x512.jpg 768w\" sizes=\"auto, (max-width: 1254px) 100vw, 1254px\" \/>\t\t\t\t<div class=\"overlay\" style=\"background-color:rgba(206, 206, 206, 0)\"><\/div>\t\t\t\t\t\t\t<\/div>\n\t\t\t\t\t<\/div>\n\n\t\t<div class=\"box-text text-center\" style=\"padding:15px 0px 0px 0px;\">\n\t\t\t<div class=\"box-text-inner\">\n\t\t\t\t\n\t<div id=\"text-1578716767\" class=\"text\">\n\t\t\n<h3>Habilitar e implementar IA<\/h3>\n\t\t\n<style>\n#text-1578716767 {\n  font-size: 1.5rem;\n  text-align: left;\n  color: rgb(2, 188, 188);\n}\n#text-1578716767 > * {\n  color: rgb(2, 188, 188);\n}\n@media (min-width:550px) {\n  #text-1578716767 {\n    font-size: 1rem;\n  }\n}\n<\/style>\n\t<\/div>\n\t\n\t<div id=\"gap-1158473022\" class=\"gap-element clearfix\" style=\"display:block; height:auto;\">\n\t\t\n<style>\n#gap-1158473022 {\n  padding-top: 1px;\n}\n<\/style>\n\t<\/div>\n\t\n\t<div id=\"text-1504468924\" class=\"text\">\n\t\t\n<p>Transformamos sua vis\u00e3o em realidade com solu\u00e7\u00f5es de IA personalizadas [\u2026]\n\t\t\n<style>\n#text-1504468924 {\n  text-align: left;\n}\n<\/style>\n\t<\/div>\n\t\n<a href=\"\/pt\/what-we-do\/artificial-intelligence\/ai-enable-and-implement\/\" class=\"button primary is-link is-small box-shadow-5-hover lowercase\"  style=\"border-radius:10px;padding:5px 40px 5px 0px;\">\n\t\t<span>Saiba mais<\/span>\n\t<i class=\"icon-angle-right\" aria-hidden=\"true\" ><\/i><\/a>\n\n\t\t\t<\/div>\n\t\t<\/div>\n\t<\/div>\n\t\n\t\t<\/div>\n\t\t\t\t\n<style>\n#col-336898041 > .col-inner {\n  padding: 10px 10px 10px 10px;\n}\n<\/style>\n\t<\/div>\n\n\t\n\n<style>\n#row-1583306493 > .col > .col-inner {\n  border-radius: 21px;\n}\n<\/style>\n<\/div>\n<div class=\"row row-large align-equal align-center\"  id=\"row-812856206\">\n\n\t<div id=\"col-2111426439\" class=\"col gradiente-col small-12 large-12\"  >\n\t\t\t\t<div class=\"col-inner text-left dark\" style=\"background-color:#1d1e21;\" >\n\t\t\t\n\t\t\t\n\t<div class=\"box has-hover   has-hover box-text-bottom\" >\n\n\t\t<div class=\"box-image\" style=\"border-radius:4%;\">\n\t\t\t\t\t\t<div class=\"image-cover\" style=\"padding-top:200px;\">\n\t\t\t\t<img loading=\"lazy\" decoding=\"async\" width=\"1336\" height=\"784\" src=\"https:\/\/720degrees.ai\/wp-content\/uploads\/2025\/06\/iStock-2202094405.jpg\" class=\"attachment-original size-original\" alt=\"\" srcset=\"https:\/\/720degrees.ai\/wp-content\/uploads\/2025\/06\/iStock-2202094405.jpg 1336w, https:\/\/720degrees.ai\/wp-content\/uploads\/2025\/06\/iStock-2202094405-300x176.jpg 300w, https:\/\/720degrees.ai\/wp-content\/uploads\/2025\/06\/iStock-2202094405-1024x601.jpg 1024w, https:\/\/720degrees.ai\/wp-content\/uploads\/2025\/06\/iStock-2202094405-768x451.jpg 768w\" sizes=\"auto, (max-width: 1336px) 100vw, 1336px\" \/>\t\t\t\t<div class=\"overlay\" style=\"background-color:rgba(206, 206, 206, 0)\"><\/div>\t\t\t\t\t\t\t<\/div>\n\t\t\t\t\t<\/div>\n\n\t\t<div class=\"box-text text-center\" style=\"padding:15px 0px 0px 0px;\">\n\t\t\t<div class=\"box-text-inner\">\n\t\t\t\t\n\t<div id=\"text-3919850147\" class=\"text\">\n\t\t\n<h3>Automa\u00e7\u00e3o Multiagente<\/p>\n\t\t\n<style>\n#text-3919850147 {\n  font-size: 1.5rem;\n  text-align: left;\n  color: rgb(2, 188, 188);\n}\n#text-3919850147 > * {\n  color: rgb(2, 188, 188);\n}\n@media (min-width:550px) {\n  #text-3919850147 {\n    font-size: 1rem;\n  }\n}\n<\/style>\n\t<\/div>\n\t\n\t<div id=\"gap-1111071390\" class=\"gap-element clearfix\" style=\"display:block; height:auto;\">\n\t\t\n<style>\n#gap-1111071390 {\n  padding-top: 1px;\n}\n<\/style>\n\t<\/div>\n\t\n\t<div id=\"text-2723444701\" class=\"text\">\n\t\t\n<p>N\u00f3s capacitamos seu neg\u00f3cio com Automa\u00e7\u00e3o Multiagente [\u2026]\n\t\t\n<style>\n#text-2723444701 {\n  text-align: left;\n}\n<\/style>\n\t<\/div>\n\t\n<a href=\"\/pt\/what-we-do\/artificial-intelligence\/ai-modelling-training-and-inference\/\" class=\"button primary is-link is-small box-shadow-5-hover lowercase\"  style=\"border-radius:10px;padding:5px 40px 5px 0px;\">\n\t\t<span>Saiba mais<\/span>\n\t<i class=\"icon-angle-right\" aria-hidden=\"true\" ><\/i><\/a>\n\n\t\t\t<\/div>\n\t\t<\/div>\n\t<\/div>\n\t\n\t\t<\/div>\n\t\t\t\t\n<style>\n#col-2111426439 > .col-inner {\n  padding: 10px 10px 10px 10px;\n}\n<\/style>\n\t<\/div>\n\n\t\n\n<style>\n#row-812856206 > .col > .col-inner {\n  border-radius: 21px;\n}\n<\/style>\n<\/div>\n     <\/div>\n\n     <div class=\"loading-spin dark large centered\"><\/div>\n\n\t\n<style>\n#slider-1276962743 .flickity-slider > * {\n  max-width: 100%!important;\n}\n@media (min-width:550px) {\n  #slider-1276962743 .flickity-slider > * {\n    max-width: 33%!important;\n  }\n}\n<\/style>\n<\/div>\n\n\n\t\t<\/div>\n\n\t\t\n<style>\n#section_1533915665 {\n  padding-top: 30px;\n  padding-bottom: 30px;\n  background-color: rgb(0,0,0);\n}\n#section_1533915665 .section-bg img {\n  object-position: 58% 0%;\n}\n<\/style>\n\t<\/section>","protected":false},"excerpt":{"rendered":"","protected":false},"author":1,"featured_media":0,"parent":380,"menu_order":0,"comment_status":"closed","ping_status":"closed","template":"page-transparent-header.php","meta":{"inline_featured_image":false,"footnotes":""},"class_list":["post-391","page","type-page","status-publish","hentry"],"_links":{"self":[{"href":"https:\/\/720degrees.ai\/pt\/wp-json\/wp\/v2\/pages\/391","targetHints":{"allow":["GET"]}}],"collection":[{"href":"https:\/\/720degrees.ai\/pt\/wp-json\/wp\/v2\/pages"}],"about":[{"href":"https:\/\/720degrees.ai\/pt\/wp-json\/wp\/v2\/types\/page"}],"author":[{"embeddable":true,"href":"https:\/\/720degrees.ai\/pt\/wp-json\/wp\/v2\/users\/1"}],"replies":[{"embeddable":true,"href":"https:\/\/720degrees.ai\/pt\/wp-json\/wp\/v2\/comments?post=391"}],"version-history":[{"count":28,"href":"https:\/\/720degrees.ai\/pt\/wp-json\/wp\/v2\/pages\/391\/revisions"}],"predecessor-version":[{"id":1463,"href":"https:\/\/720degrees.ai\/pt\/wp-json\/wp\/v2\/pages\/391\/revisions\/1463"}],"up":[{"embeddable":true,"href":"https:\/\/720degrees.ai\/pt\/wp-json\/wp\/v2\/pages\/380"}],"wp:attachment":[{"href":"https:\/\/720degrees.ai\/pt\/wp-json\/wp\/v2\/media?parent=391"}],"curies":[{"name":"wp","href":"https:\/\/api.w.org\/{rel}","templated":true}]}}