{"id":384,"date":"2025-06-03T14:03:43","date_gmt":"2025-06-03T14:03:43","guid":{"rendered":"https:\/\/720degrees.codelapa.com\/?page_id=384"},"modified":"2025-06-03T16:49:40","modified_gmt":"2025-06-03T16:49:40","slug":"digital-consulting","status":"publish","type":"page","link":"https:\/\/720degrees.ai\/pt\/what-we-do\/digital-consulting\/","title":{"rendered":"Consultoria Digital"},"content":{"rendered":"<section class=\"section has-parallax\" id=\"section_320571073\">\n\t\t<div class=\"section-bg fill\" data-parallax-container=\".section\" data-parallax-background data-parallax=\"-3\">\n\t\t\t<img loading=\"lazy\" decoding=\"async\" width=\"1440\" height=\"598\" src=\"https:\/\/720degrees.ai\/wp-content\/uploads\/2025\/06\/Background.png\" class=\"bg attachment-original size-original\" alt=\"\" \/>\t\t\t\t\t\t\n\t\t\t\n\n\t\t<\/div>\n\n\t\t\n\n\t\t<div class=\"section-content relative\">\n\t\t\t\n\t<div id=\"gap-356719321\" class=\"gap-element clearfix\" style=\"display:block; height:auto;\">\n\t\t\n<style>\n#gap-356719321 {\n  padding-top: 96px;\n}\n<\/style>\n\t<\/div>\n\t\n<div class=\"row align-middle align-center\"  id=\"row-1410222504\">\n\n\t<div id=\"col-1373875243\" class=\"col medium-4 small-12 large-4\"  >\n\t\t\t\t<div class=\"col-inner\" style=\"background-color:rgb(29, 30, 33);\" >\n\t\t\t\n\t<div class=\"is-border\"\n\t\tstyle=\"border-color:rgba(255, 255, 255, 0.221);border-radius:100px;border-width:1px 0px 0px 1px;margin:-5px -5px -5px -5px;\">\n\t<\/div>\n\t\t\t\n\n\t\t<div class=\"icon-box featured-box icon-box-left text-left\"  >\n\t\t\t\t\t<div class=\"icon-box-img\" style=\"width: 20px\">\n\t\t\t\t<div class=\"icon\">\n\t\t\t\t\t<div class=\"icon-inner\" >\n\t\t\t\t\t\t<img loading=\"lazy\" decoding=\"async\" width=\"300\" height=\"300\" src=\"https:\/\/720degrees.ai\/wp-content\/uploads\/2025\/05\/Group-43051.svg\" class=\"attachment-medium size-medium\" alt=\"\" \/>\t\t\t\t\t<\/div>\n\t\t\t\t<\/div>\n\t\t\t<\/div>\n\t\t\t\t<div class=\"icon-box-text last-reset\">\n\t\t\t\t\t\t\t\t\t\n<p>Insight. Innovation. Impact. <a href=\"https:\/\/720degrees.codelapa.com\/wp-content\/uploads\/2025\/05\/Button.svg\" target=\"_blank\" rel=\"noopener\"><img loading=\"lazy\" decoding=\"async\" class=\"alignnone wp-image-89\" src=\"https:\/\/720degrees.codelapa.com\/wp-content\/uploads\/2025\/05\/Button.svg\" alt=\"\" width=\"25\" height=\"25\" \/><\/a><\/p>\n\t\t<\/div>\n\t<\/div>\n\t\n\t\n\t\t<\/div>\n\t\t\t\t\n<style>\n#col-1373875243 > .col-inner {\n  padding: 8px 20px 10px 20px;\n  border-radius: 100px;\n}\n<\/style>\n\t<\/div>\n\n\t\n<\/div>\n<div class=\"row align-bottom align-center\"  id=\"row-168241255\">\n\n\t<div id=\"col-1249553787\" class=\"col medium-8 small-12 large-8\"  data-animate=\"fadeInUp\">\n\t\t\t\t<div class=\"col-inner text-center\"  >\n\t\t\t\n\t\t\t\n\t<div id=\"text-805325513\" class=\"text brilho-titulo\">\n\t\t\n<h1>Nossa Perspectiva<br \/>Sobre IA<\/h1>\n\t\t\n<style>\n#text-805325513 {\n  font-size: 1.4rem;\n}\n@media (min-width:550px) {\n  #text-805325513 {\n    font-size: 2rem;\n  }\n}\n<\/style>\n\t<\/div>\n\t\n\t<div id=\"gap-1473379898\" class=\"gap-element clearfix\" style=\"display:block; height:auto;\">\n\t\t\n<style>\n#gap-1473379898 {\n  padding-top: 1px;\n}\n<\/style>\n\t<\/div>\n\t\n\t<div id=\"text-92807468\" class=\"text\">\n\t\t\n<p>A transforma\u00e7\u00e3o digital est\u00e1 remodelando o desenvolvimento de software, com a intelig\u00eancia artificial (IA) emergindo como uma for\u00e7a motriz cr\u00edtica.<\/p>\n\t\t\n<style>\n#text-92807468 {\n  color: rgb(146, 151, 160);\n}\n#text-92807468 > * {\n  color: rgb(146, 151, 160);\n}\n<\/style>\n\t<\/div>\n\t\n\t\t<\/div>\n\t\t\t\t\t<\/div>\n\n\t\n\n\t<div id=\"col-1903257716\" class=\"col medium-5 small-12 large-5\"  >\n\t\t\t\t<div class=\"col-inner text-center\"  >\n\t\t\t\n\t\t\t\n<a class=\"button primary is-outline is-small box-shadow-5-hover lowercase\"  style=\"border-radius:10px;padding:5px 40px 5px 40px;\">\n\t\t<span>Comece agora<\/span>\n\t<\/a>\n\n\t\t<\/div>\n\t\t\t\t\t<\/div>\n\n\t\n<\/div>\n\t\t<\/div>\n\n\t\t\n<style>\n#section_320571073 {\n  padding-top: 60px;\n  padding-bottom: 60px;\n  background-color: rgb(0,0,0);\n}\n#section_320571073 .section-bg img {\n  object-position: 46% 0%;\n}\n<\/style>\n\t<\/section>\n\t\n\n\t<section class=\"section\" id=\"section_79547057\">\n\t\t<div class=\"section-bg fill\" >\n\t\t\t\t\t\t\t\t\t\n\t\t\t\n\n\t\t<\/div>\n\n\t\t\n\n\t\t<div class=\"section-content relative\">\n\t\t\t\n<div class=\"row\"  id=\"row-1986936924\">\n\n\t<div id=\"col-506692042\" class=\"col medium-9 small-12 large-12\"  >\n\t\t\t\t<div class=\"col-inner\"  >\n\t\t\t\n\t\t\t\n\t<div id=\"text-1602436411\" class=\"text\">\n\t\t\n<h2>Strategic AI Services<\/h2>\n\t\t\n<style>\n#text-1602436411 {\n  color: #008080;\n}\n#text-1602436411 > * {\n  color: #008080;\n}\n<\/style>\n\t<\/div>\n\t\n\t<div id=\"text-2491948039\" class=\"text\">\n\t\t\n<p>From vision to value, we guide your AI journey with strategic insights and the right tech decisions to unlock real impact.<br \/>\n\t\t\n<style>\n#text-2491948039 {\n  color: rgb(146, 151, 160);\n}\n#text-2491948039 > * {\n  color: rgb(146, 151, 160);\n}\n<\/style>\n\t<\/div>\n\t\n\t\t<\/div>\n\t\t\t\t\t<\/div>\n\n\t\n<\/div>\n<div class=\"row align-equal\"  id=\"row-757694430\">\n\n\t<div id=\"col-1844006141\" class=\"col medium-9 small-12 large-9\"  >\n\t\t\t\t<div class=\"col-inner\"  >\n\t\t\t\n\t\t\t\n\t<div id=\"gap-1340236199\" class=\"gap-element clearfix\" style=\"display:block; height:auto;\">\n\t\t\n<style>\n#gap-1340236199 {\n  padding-top: 6px;\n}\n<\/style>\n\t<\/div>\n\t\n\t\t<\/div>\n\t\t\t\t\t<\/div>\n\n\t\n\n\t<div id=\"col-2143920881\" class=\"col medium-4 small-12 large-4\"  data-animate=\"fadeInUp\">\n\t\t\t\t<div class=\"col-inner text-center dark\" style=\"background-color:rgb(10, 10, 10);\" >\n\t\t\t\n\t<div class=\"is-border\"\n\t\tstyle=\"border-color:rgb(18, 18, 18);border-radius:20px;border-width:1px 1px 1px 1px;\">\n\t<\/div>\n\t\t\t\n\n\t\t<div class=\"icon-box featured-box icon-box-left text-left\"  >\n\t\t\t\t\t<div class=\"icon-box-img\" style=\"width: 30px\">\n\t\t\t\t<div class=\"icon\">\n\t\t\t\t\t<div class=\"icon-inner\" >\n\t\t\t\t\t\t<img loading=\"lazy\" decoding=\"async\" width=\"300\" height=\"300\" src=\"https:\/\/720degrees.ai\/wp-content\/uploads\/2025\/05\/Group-43000.svg\" class=\"attachment-medium size-medium\" alt=\"\" \/>\t\t\t\t\t<\/div>\n\t\t\t\t<\/div>\n\t\t\t<\/div>\n\t\t\t\t<div class=\"icon-box-text last-reset\">\n\t\t\t\t\t\t\t\t\t\n\t<div id=\"text-2663997028\" class=\"text uppercase\">\n\t\t\n<p>COMPUTER VISION &amp; GENERATIVE VIDEO<br \/>\n\t\t\n<style>\n#text-2663997028 {\n  color: rgb(0, 254, 254);\n}\n#text-2663997028 > * {\n  color: rgb(0, 254, 254);\n}\n<\/style>\n\t<\/div>\n\t\n\t\t<\/div>\n\t<\/div>\n\t\n\t\n\t<div id=\"gap-1990963258\" class=\"gap-element clearfix\" style=\"display:block; height:auto;\">\n\t\t\n<style>\n#gap-1990963258 {\n  padding-top: 15px;\n}\n<\/style>\n\t<\/div>\n\t\n\t<div id=\"text-1648496552\" class=\"text\">\n\t\t\n<p>Turn visuals into value with cutting-edge computer vision solutions!<br \/>\n\t\t\n<style>\n#text-1648496552 {\n  font-size: 0.75rem;\n  text-align: left;\n  color: rgb(146, 151, 160);\n}\n#text-1648496552 > * {\n  color: rgb(146, 151, 160);\n}\n<\/style>\n\t<\/div>\n\t\n<div class=\"text-center\"><div class=\"is-divider divider clearfix\" style=\"max-width:100%;height:1px;background-color:#121212;\"><\/div><\/div>\n<a class=\"button primary is-outline is-small box-shadow-5-hover lowercase\"  style=\"border-radius:10px;padding:5px 40px 5px 40px;\">\n\t\t<span>Comece agora<\/span>\n\t<\/a>\n\n\t\t<\/div>\n\t\t\t\t\n<style>\n#col-2143920881 > .col-inner {\n  padding: 30px 20px 30px 20px;\n  border-radius: 14px;\n}\n<\/style>\n\t<\/div>\n\n\t\n\n\t<div id=\"col-112609238\" class=\"col medium-4 small-12 large-4\"  data-animate=\"fadeInUp\">\n\t\t\t\t<div class=\"col-inner text-center dark\" style=\"background-color:rgb(10, 10, 10);\" >\n\t\t\t\n\t<div class=\"is-border\"\n\t\tstyle=\"border-color:rgb(18, 18, 18);border-radius:20px;border-width:1px 1px 1px 1px;\">\n\t<\/div>\n\t\t\t\n\n\t\t<div class=\"icon-box featured-box icon-box-left text-left\"  >\n\t\t\t\t\t<div class=\"icon-box-img\" style=\"width: 30px\">\n\t\t\t\t<div class=\"icon\">\n\t\t\t\t\t<div class=\"icon-inner\" >\n\t\t\t\t\t\t<img loading=\"lazy\" decoding=\"async\" width=\"300\" height=\"300\" src=\"https:\/\/720degrees.ai\/wp-content\/uploads\/2025\/05\/Group-43000.svg\" class=\"attachment-medium size-medium\" alt=\"\" \/>\t\t\t\t\t<\/div>\n\t\t\t\t<\/div>\n\t\t\t<\/div>\n\t\t\t\t<div class=\"icon-box-text last-reset\">\n\t\t\t\t\t\t\t\t\t\n\t<div id=\"text-456557007\" class=\"text uppercase\">\n\t\t\n<p>MACHINE LEARNING<br \/>\n\t\t\n<style>\n#text-456557007 {\n  color: rgb(0, 254, 254);\n}\n#text-456557007 > * {\n  color: rgb(0, 254, 254);\n}\n<\/style>\n\t<\/div>\n\t\n\t\t<\/div>\n\t<\/div>\n\t\n\t\n\t<div id=\"gap-1069500852\" class=\"gap-element clearfix\" style=\"display:block; height:auto;\">\n\t\t\n<style>\n#gap-1069500852 {\n  padding-top: 15px;\n}\n<\/style>\n\t<\/div>\n\t\n\t<div id=\"text-4095419213\" class=\"text\">\n\t\t\n<p>Unleash data\u2019s potential with predictive, automated machine learning solutions!<br \/>\n\t\t\n<style>\n#text-4095419213 {\n  font-size: 0.75rem;\n  text-align: left;\n  color: rgb(146, 151, 160);\n}\n#text-4095419213 > * {\n  color: rgb(146, 151, 160);\n}\n<\/style>\n\t<\/div>\n\t\n<div class=\"text-center\"><div class=\"is-divider divider clearfix\" style=\"max-width:100%;height:1px;background-color:#121212;\"><\/div><\/div>\n<a class=\"button primary is-outline is-small box-shadow-5-hover lowercase\"  style=\"border-radius:10px;padding:5px 40px 5px 40px;\">\n\t\t<span>Comece agora<\/span>\n\t<\/a>\n\n\t\t<\/div>\n\t\t\t\t\n<style>\n#col-112609238 > .col-inner {\n  padding: 30px 20px 30px 20px;\n  border-radius: 14px;\n}\n<\/style>\n\t<\/div>\n\n\t\n\n\t<div id=\"col-1334245550\" class=\"col medium-4 small-12 large-4\"  data-animate=\"fadeInUp\">\n\t\t\t\t<div class=\"col-inner text-center dark\" style=\"background-color:rgb(10, 10, 10);\" >\n\t\t\t\n\t<div class=\"is-border\"\n\t\tstyle=\"border-color:rgb(18, 18, 18);border-radius:20px;border-width:1px 1px 1px 1px;\">\n\t<\/div>\n\t\t\t\n\n\t\t<div class=\"icon-box featured-box icon-box-left text-left\"  >\n\t\t\t\t\t<div class=\"icon-box-img\" style=\"width: 30px\">\n\t\t\t\t<div class=\"icon\">\n\t\t\t\t\t<div class=\"icon-inner\" >\n\t\t\t\t\t\t<img loading=\"lazy\" decoding=\"async\" width=\"300\" height=\"300\" src=\"https:\/\/720degrees.ai\/wp-content\/uploads\/2025\/05\/Group-43000.svg\" class=\"attachment-medium size-medium\" alt=\"\" \/>\t\t\t\t\t<\/div>\n\t\t\t\t<\/div>\n\t\t\t<\/div>\n\t\t\t\t<div class=\"icon-box-text last-reset\">\n\t\t\t\t\t\t\t\t\t\n\t<div id=\"text-3174737725\" class=\"text uppercase\">\n\t\t\n<p>AI AS A SERVICE<br \/>\n\t\t\n<style>\n#text-3174737725 {\n  color: rgb(0, 254, 254);\n}\n#text-3174737725 > * {\n  color: rgb(0, 254, 254);\n}\n<\/style>\n\t<\/div>\n\t\n\t\t<\/div>\n\t<\/div>\n\t\n\t\n\t<div id=\"gap-2026789703\" class=\"gap-element clearfix\" style=\"display:block; height:auto;\">\n\t\t\n<style>\n#gap-2026789703 {\n  padding-top: 15px;\n}\n<\/style>\n\t<\/div>\n\t\n\t<div id=\"text-993462493\" class=\"text\">\n\t\t\n<p>On-demand AI power, driving agility and cost-effective innovation!<br \/>\n\t\t\n<style>\n#text-993462493 {\n  font-size: 0.75rem;\n  text-align: left;\n  color: rgb(146, 151, 160);\n}\n#text-993462493 > * {\n  color: rgb(146, 151, 160);\n}\n<\/style>\n\t<\/div>\n\t\n<div class=\"text-center\"><div class=\"is-divider divider clearfix\" style=\"max-width:100%;height:1px;background-color:#121212;\"><\/div><\/div>\n<a class=\"button primary is-outline is-small box-shadow-5-hover lowercase\"  style=\"border-radius:10px;padding:5px 40px 5px 40px;\">\n\t\t<span>Comece agora<\/span>\n\t<\/a>\n\n\t\t<\/div>\n\t\t\t\t\n<style>\n#col-1334245550 > .col-inner {\n  padding: 30px 20px 30px 20px;\n  border-radius: 14px;\n}\n<\/style>\n\t<\/div>\n\n\t\n<\/div>\n\t\t<\/div>\n\n\t\t\n<style>\n#section_79547057 {\n  padding-top: 30px;\n  padding-bottom: 30px;\n  background-color: rgb(0,0,0);\n}\n<\/style>\n\t<\/section>\n\t\n\n\t<section class=\"section sec90\" id=\"section_721149160\">\n\t\t<div class=\"section-bg fill\" >\n\t\t\t<img loading=\"lazy\" decoding=\"async\" width=\"1386\" height=\"832\" src=\"https:\/\/720degrees.ai\/wp-content\/uploads\/2025\/06\/Rectangle-27997.svg\" class=\"bg attachment-original size-original\" alt=\"\" \/>\t\t\t\t\t\t\n\t\t\t\n\n\t\t<\/div>\n\n\t\t\n\n\t\t<div class=\"section-content relative\">\n\t\t\t\n<div class=\"slider-wrapper relative slide-logos\" id=\"slider-90242237\" >\n    <div class=\"slider slider-nav-circle slider-nav-large slider-nav-light slider-style-focus\"\n        data-flickity-options='{            \"cellAlign\": \"center\",            \"imagesLoaded\": true,            \"lazyLoad\": 1,            \"freeScroll\": false,            \"wrapAround\": false,            \"autoPlay\": 6000,            \"pauseAutoPlayOnHover\" : true,            \"prevNextButtons\": false,            \"contain\" : true,            \"adaptiveHeight\" : true,            \"dragThreshold\" : 10,            \"percentPosition\": true,            \"pageDots\": false,            \"rightToLeft\": false,            \"draggable\": true,            \"selectedAttraction\": 0.1,            \"parallax\" : 0,            \"friction\": 0.6        }'\n        >\n        \r\n\r\n<div class=\"row\"  id=\"row-1434991435\">\r\n\r\n\n\t<div id=\"col-1902825170\" class=\"col small-12 large-12\"  >\n\t\t\t\t<div class=\"col-inner text-center\"  >\n\t\t\t\n\t\t\t\r\n\r\n\t<div class=\"img has-hover x md-x lg-x y md-y lg-y\" id=\"image_1598753201\">\n\t\t\t\t\t\t\t\t<div class=\"img-inner dark\" >\n\t\t\t<img loading=\"lazy\" decoding=\"async\" width=\"120\" height=\"85\" src=\"https:\/\/720degrees.ai\/wp-content\/uploads\/2025\/06\/KPI-Logo.svg\" class=\"attachment-original size-original\" alt=\"\" \/>\t\t\t\t\t\t\n\t\t\t\t\t<\/div>\n\t\t\t\t\t\t\t\t\n<style>\n#image_1598753201 {\n  width: 56%;\n}\n<\/style>\n\t<\/div>\n\t\r\n\r\n\r\n\t\t<\/div>\n\t\t\t\t\t<\/div>\n\n\t\r\n\r\n<\/div>\r\n<div class=\"row\"  id=\"row-485900083\">\r\n\r\n\n\t<div id=\"col-1513667486\" class=\"col small-12 large-12\"  >\n\t\t\t\t<div class=\"col-inner\"  >\n\t\t\t\n\t\t\t\r\n\r\n\t<div class=\"img has-hover x md-x lg-x y md-y lg-y\" id=\"image_1515851834\">\n\t\t\t\t\t\t\t\t<div class=\"img-inner dark\" >\n\t\t\t<img loading=\"lazy\" decoding=\"async\" width=\"884\" height=\"69\" src=\"https:\/\/720degrees.ai\/wp-content\/uploads\/2025\/06\/Codelapa-Desenvolvimento-de-Sites-_1_.webp\" class=\"attachment-original size-original\" alt=\"\" srcset=\"https:\/\/720degrees.ai\/wp-content\/uploads\/2025\/06\/Codelapa-Desenvolvimento-de-Sites-_1_.webp 884w, https:\/\/720degrees.ai\/wp-content\/uploads\/2025\/06\/Codelapa-Desenvolvimento-de-Sites-_1_-300x23.webp 300w, https:\/\/720degrees.ai\/wp-content\/uploads\/2025\/06\/Codelapa-Desenvolvimento-de-Sites-_1_-768x60.webp 768w\" sizes=\"auto, (max-width: 884px) 100vw, 884px\" \/>\t\t\t\t\t\t\n\t\t\t\t\t<\/div>\n\t\t\t\t\t\t\t\t\n<style>\n#image_1515851834 {\n  width: 100%;\n}\n<\/style>\n\t<\/div>\n\t\r\n\r\n\r\n\t\t<\/div>\n\t\t\t\t\t<\/div>\n\n\t\r\n\r\n<\/div>\r\n<div class=\"row\"  id=\"row-1258090279\">\r\n\r\n\n\t<div id=\"col-277577501\" class=\"col small-12 large-12\"  >\n\t\t\t\t<div class=\"col-inner\"  >\n\t\t\t\n\t\t\t\r\n\r\n\t<div class=\"img has-hover x md-x lg-x y md-y lg-y\" id=\"image_375757272\">\n\t\t\t\t\t\t\t\t<div class=\"img-inner dark\" >\n\t\t\t<img loading=\"lazy\" decoding=\"async\" width=\"1460\" height=\"616\" src=\"https:\/\/720degrees.ai\/wp-content\/uploads\/2025\/06\/e098f00f-3c66-4218-bb2e-98f4d19cadbc.png\" class=\"attachment-original size-original\" alt=\"\" srcset=\"https:\/\/720degrees.ai\/wp-content\/uploads\/2025\/06\/e098f00f-3c66-4218-bb2e-98f4d19cadbc.png 1460w, https:\/\/720degrees.ai\/wp-content\/uploads\/2025\/06\/e098f00f-3c66-4218-bb2e-98f4d19cadbc-300x127.png 300w, https:\/\/720degrees.ai\/wp-content\/uploads\/2025\/06\/e098f00f-3c66-4218-bb2e-98f4d19cadbc-1024x432.png 1024w, https:\/\/720degrees.ai\/wp-content\/uploads\/2025\/06\/e098f00f-3c66-4218-bb2e-98f4d19cadbc-768x324.png 768w\" sizes=\"auto, (max-width: 1460px) 100vw, 1460px\" \/>\t\t\t\t\t\t\n\t\t\t\t\t<\/div>\n\t\t\t\t\t\t\t\t\n<style>\n#image_375757272 {\n  width: 100%;\n}\n<\/style>\n\t<\/div>\n\t\r\n\r\n\r\n\t\t<\/div>\n\t\t\t\t\t<\/div>\n\n\t\r\n\r\n<\/div>\r\n\r\n     <\/div>\n\n     <div class=\"loading-spin dark large centered\"><\/div>\n\n\t\n<style>\n#slider-90242237 .flickity-slider > * {\n  max-width: 94%!important;\n}\n@media (min-width:550px) {\n  #slider-90242237 .flickity-slider > * {\n    max-width: 22%!important;\n  }\n}\n<\/style>\n<\/div>\n\n\r\n<div class=\"row\"  id=\"row-1251520576\">\r\n\n\t<div id=\"col-1280755135\" class=\"col small-12 large-12\"  >\n\t\t\t\t<div class=\"col-inner text-center\"  >\n\t\t\t\n\t\t\t\t\t<\/div>\n\t\t\t\t\t<\/div>\n\n\t\r\n<div align=\"center\">PARTNERS<\/div>\r\n<\/div>\r\n\n\t<div id=\"gap-742533130\" class=\"gap-element clearfix\" style=\"display:block; height:auto;\">\n\t\t\n<style>\n#gap-742533130 {\n  padding-top: 67px;\n}\n<\/style>\n\t<\/div>\n\t\n\t<div id=\"gap-1402118672\" class=\"gap-element clearfix\" style=\"display:block; height:auto;\">\n\t\t\n<style>\n#gap-1402118672 {\n  padding-top: 12px;\n}\n<\/style>\n\t<\/div>\n\t\n<div class=\"row row-large align-equal align-center\"  id=\"row-943324835\">\n\n\t<div id=\"col-844280973\" class=\"col gradiente-col medium-4 small-12 large-4\"  >\n\t\t\t\t<div class=\"col-inner text-left dark\" style=\"background-color:#02bcbc;\" >\n\t\t\t\n\t\t\t\n\t<div class=\"box has-hover   has-hover box-text-bottom\" >\n\n\t\t<div class=\"box-image\" style=\"border-radius:4%;\">\n\t\t\t\t\t\t<div class=\"\" >\n\t\t\t\t<img loading=\"lazy\" decoding=\"async\" width=\"2073\" height=\"2090\" src=\"https:\/\/720degrees.ai\/wp-content\/uploads\/2025\/05\/FUNDO-VERDE.jpg\" class=\"attachment-original size-original\" alt=\"\" srcset=\"https:\/\/720degrees.ai\/wp-content\/uploads\/2025\/05\/FUNDO-VERDE.jpg 2073w, https:\/\/720degrees.ai\/wp-content\/uploads\/2025\/05\/FUNDO-VERDE-298x300.jpg 298w, https:\/\/720degrees.ai\/wp-content\/uploads\/2025\/05\/FUNDO-VERDE-1016x1024.jpg 1016w, https:\/\/720degrees.ai\/wp-content\/uploads\/2025\/05\/FUNDO-VERDE-150x150.jpg 150w, https:\/\/720degrees.ai\/wp-content\/uploads\/2025\/05\/FUNDO-VERDE-768x774.jpg 768w, https:\/\/720degrees.ai\/wp-content\/uploads\/2025\/05\/FUNDO-VERDE-1524x1536.jpg 1524w, https:\/\/720degrees.ai\/wp-content\/uploads\/2025\/05\/FUNDO-VERDE-2031x2048.jpg 2031w\" sizes=\"auto, (max-width: 2073px) 100vw, 2073px\" \/>\t\t\t\t<div class=\"overlay\" style=\"background-color:rgb(206, 206, 206)\"><\/div>\t\t\t\t\t\t\t<\/div>\n\t\t\t\t\t<\/div>\n\n\t\t<div class=\"box-text text-center\" style=\"padding:15px 0px 0px 0px;\">\n\t\t\t<div class=\"box-text-inner\">\n\t\t\t\t\n\t<div id=\"text-1519510707\" class=\"text\">\n\t\t\n<h3>Modelagem, treinamento e infer\u00eancia de IA<\/h3>\n\t\t\n<style>\n#text-1519510707 {\n  font-size: 1.5rem;\n  text-align: left;\n  color: rgb(2, 188, 188);\n}\n#text-1519510707 > * {\n  color: rgb(2, 188, 188);\n}\n@media (min-width:550px) {\n  #text-1519510707 {\n    font-size: 1rem;\n  }\n}\n<\/style>\n\t<\/div>\n\t\n\t<div id=\"gap-1024128032\" class=\"gap-element clearfix\" style=\"display:block; height:auto;\">\n\t\t\n<style>\n#gap-1024128032 {\n  padding-top: 1px;\n}\n<\/style>\n\t<\/div>\n\t\n\t<div id=\"text-1620200094\" class=\"text\">\n\t\t\n<p>Implementing ethical, scalable AI solutions for lasting business impact.<br \/>\n\t\t\n<style>\n#text-1620200094 {\n  text-align: left;\n}\n<\/style>\n\t<\/div>\n\t\n\t<div id=\"gap-32376315\" class=\"gap-element clearfix\" style=\"display:block; height:auto;\">\n\t\t\n<style>\n#gap-32376315 {\n  padding-top: 15px;\n}\n<\/style>\n\t<\/div>\n\t\n\t\t\t<\/div>\n\t\t<\/div>\n\t<\/div>\n\t\n<a class=\"button primary is-link is-small box-shadow-5-hover lowercase\"  style=\"border-radius:10px;padding:5px 40px 5px 0px;\">\n\t\t<span>Saiba mais<\/span>\n\t<i class=\"icon-angle-right\" aria-hidden=\"true\" ><\/i><\/a>\n\n\t\t<\/div>\n\t\t\t\t\n<style>\n#col-844280973 > .col-inner {\n  padding: 10px 10px 10px 10px;\n}\n<\/style>\n\t<\/div>\n\n\t\n\n\t<div id=\"col-1694653032\" class=\"col gradiente-col medium-4 small-12 large-4\"  >\n\t\t\t\t<div class=\"col-inner text-left dark\" style=\"background-color:#02bcbc;\" >\n\t\t\t\n\t\t\t\n\t<div class=\"box has-hover   has-hover box-text-bottom\" >\n\n\t\t<div class=\"box-image\" style=\"border-radius:5%;\">\n\t\t\t\t\t\t<div class=\"\" >\n\t\t\t\t<img loading=\"lazy\" decoding=\"async\" width=\"2073\" height=\"2090\" src=\"https:\/\/720degrees.ai\/wp-content\/uploads\/2025\/05\/FUNDO-VERDE.jpg\" class=\"attachment-original size-original\" alt=\"\" srcset=\"https:\/\/720degrees.ai\/wp-content\/uploads\/2025\/05\/FUNDO-VERDE.jpg 2073w, https:\/\/720degrees.ai\/wp-content\/uploads\/2025\/05\/FUNDO-VERDE-298x300.jpg 298w, https:\/\/720degrees.ai\/wp-content\/uploads\/2025\/05\/FUNDO-VERDE-1016x1024.jpg 1016w, https:\/\/720degrees.ai\/wp-content\/uploads\/2025\/05\/FUNDO-VERDE-150x150.jpg 150w, https:\/\/720degrees.ai\/wp-content\/uploads\/2025\/05\/FUNDO-VERDE-768x774.jpg 768w, https:\/\/720degrees.ai\/wp-content\/uploads\/2025\/05\/FUNDO-VERDE-1524x1536.jpg 1524w, https:\/\/720degrees.ai\/wp-content\/uploads\/2025\/05\/FUNDO-VERDE-2031x2048.jpg 2031w\" sizes=\"auto, (max-width: 2073px) 100vw, 2073px\" \/>\t\t\t\t<div class=\"overlay\" style=\"background-color:rgb(206, 206, 206)\"><\/div>\t\t\t\t\t\t\t<\/div>\n\t\t\t\t\t<\/div>\n\n\t\t<div class=\"box-text text-center\" style=\"padding:15px 0px 0px 0px;\">\n\t\t\t<div class=\"box-text-inner\">\n\t\t\t\t\n\t<div id=\"text-1802425642\" class=\"text\">\n\t\t\n<h3>Modelagem, treinamento e infer\u00eancia de IA<\/h3>\n\t\t\n<style>\n#text-1802425642 {\n  font-size: 1.5rem;\n  text-align: left;\n  color: rgb(2, 188, 188);\n}\n#text-1802425642 > * {\n  color: rgb(2, 188, 188);\n}\n@media (min-width:550px) {\n  #text-1802425642 {\n    font-size: 1rem;\n  }\n}\n<\/style>\n\t<\/div>\n\t\n\t<div id=\"gap-393731282\" class=\"gap-element clearfix\" style=\"display:block; height:auto;\">\n\t\t\n<style>\n#gap-393731282 {\n  padding-top: 1px;\n}\n<\/style>\n\t<\/div>\n\t\n\t<div id=\"text-4221019485\" class=\"text\">\n\t\t\n<p>Implementing ethical, scalable AI solutions for lasting business impact.<br \/>\n\t\t\n<style>\n#text-4221019485 {\n  text-align: left;\n}\n<\/style>\n\t<\/div>\n\t\n\t<div id=\"gap-635868148\" class=\"gap-element clearfix\" style=\"display:block; height:auto;\">\n\t\t\n<style>\n#gap-635868148 {\n  padding-top: 15px;\n}\n<\/style>\n\t<\/div>\n\t\n\t\t\t<\/div>\n\t\t<\/div>\n\t<\/div>\n\t\n<a class=\"button primary is-link is-small box-shadow-5-hover lowercase\"  style=\"border-radius:10px;padding:5px 40px 5px 0px;\">\n\t\t<span>Saiba mais<\/span>\n\t<i class=\"icon-angle-right\" aria-hidden=\"true\" ><\/i><\/a>\n\n\t\t<\/div>\n\t\t\t\t\n<style>\n#col-1694653032 > .col-inner {\n  padding: 10px 10px 10px 10px;\n}\n<\/style>\n\t<\/div>\n\n\t\n\n\t<div id=\"col-1277033130\" class=\"col gradiente-col medium-4 small-12 large-4\"  >\n\t\t\t\t<div class=\"col-inner text-left dark\" style=\"background-color:#02bcbc;\" >\n\t\t\t\n\t\t\t\n\t<div class=\"box has-hover   has-hover box-text-bottom\" >\n\n\t\t<div class=\"box-image\" style=\"border-radius:5%;\">\n\t\t\t\t\t\t<div class=\"\" >\n\t\t\t\t<img loading=\"lazy\" decoding=\"async\" width=\"2073\" height=\"2090\" src=\"https:\/\/720degrees.ai\/wp-content\/uploads\/2025\/05\/FUNDO-VERDE.jpg\" class=\"attachment-original size-original\" alt=\"\" srcset=\"https:\/\/720degrees.ai\/wp-content\/uploads\/2025\/05\/FUNDO-VERDE.jpg 2073w, https:\/\/720degrees.ai\/wp-content\/uploads\/2025\/05\/FUNDO-VERDE-298x300.jpg 298w, https:\/\/720degrees.ai\/wp-content\/uploads\/2025\/05\/FUNDO-VERDE-1016x1024.jpg 1016w, https:\/\/720degrees.ai\/wp-content\/uploads\/2025\/05\/FUNDO-VERDE-150x150.jpg 150w, https:\/\/720degrees.ai\/wp-content\/uploads\/2025\/05\/FUNDO-VERDE-768x774.jpg 768w, https:\/\/720degrees.ai\/wp-content\/uploads\/2025\/05\/FUNDO-VERDE-1524x1536.jpg 1524w, https:\/\/720degrees.ai\/wp-content\/uploads\/2025\/05\/FUNDO-VERDE-2031x2048.jpg 2031w\" sizes=\"auto, (max-width: 2073px) 100vw, 2073px\" \/>\t\t\t\t<div class=\"overlay\" style=\"background-color:rgb(206, 206, 206)\"><\/div>\t\t\t\t\t\t\t<\/div>\n\t\t\t\t\t<\/div>\n\n\t\t<div class=\"box-text text-center\" style=\"padding:15px 0px 0px 0px;\">\n\t\t\t<div class=\"box-text-inner\">\n\t\t\t\t\n\t<div id=\"text-604263958\" class=\"text\">\n\t\t\n<h3>Modelagem, treinamento e infer\u00eancia de IA<\/h3>\n\t\t\n<style>\n#text-604263958 {\n  font-size: 1.5rem;\n  text-align: left;\n  color: rgb(2, 188, 188);\n}\n#text-604263958 > * {\n  color: rgb(2, 188, 188);\n}\n@media (min-width:550px) {\n  #text-604263958 {\n    font-size: 1rem;\n  }\n}\n<\/style>\n\t<\/div>\n\t\n\t<div id=\"gap-1289167054\" class=\"gap-element clearfix\" style=\"display:block; height:auto;\">\n\t\t\n<style>\n#gap-1289167054 {\n  padding-top: 1px;\n}\n<\/style>\n\t<\/div>\n\t\n\t<div id=\"text-1971018385\" class=\"text\">\n\t\t\n<p>Implementing ethical, scalable AI solutions for lasting business impact.<br \/>\n\t\t\n<style>\n#text-1971018385 {\n  text-align: left;\n}\n<\/style>\n\t<\/div>\n\t\n\t<div id=\"gap-607836502\" class=\"gap-element clearfix\" style=\"display:block; height:auto;\">\n\t\t\n<style>\n#gap-607836502 {\n  padding-top: 15px;\n}\n<\/style>\n\t<\/div>\n\t\n\t\t\t<\/div>\n\t\t<\/div>\n\t<\/div>\n\t\n<a class=\"button primary is-link is-small box-shadow-5-hover lowercase\"  style=\"border-radius:10px;padding:5px 40px 5px 0px;\">\n\t\t<span>Saiba mais<\/span>\n\t<i class=\"icon-angle-right\" aria-hidden=\"true\" ><\/i><\/a>\n\n\t\t<\/div>\n\t\t\t\t\n<style>\n#col-1277033130 > .col-inner {\n  padding: 10px 10px 10px 10px;\n}\n<\/style>\n\t<\/div>\n\n\t\n\n<style>\n#row-943324835 > .col > .col-inner {\n  border-radius: 21px;\n}\n<\/style>\n<\/div>\n\t\t<\/div>\n\n\t\t\n<style>\n#section_721149160 {\n  padding-top: 30px;\n  padding-bottom: 30px;\n  background-color: rgb(0,0,0);\n}\n#section_721149160 .section-bg img {\n  object-position: 58% 0%;\n}\n<\/style>\n\t<\/section>","protected":false},"excerpt":{"rendered":"","protected":false},"author":1,"featured_media":0,"parent":522,"menu_order":0,"comment_status":"closed","ping_status":"closed","template":"","meta":{"inline_featured_image":false,"footnotes":""},"class_list":["post-384","page","type-page","status-publish","hentry"],"_links":{"self":[{"href":"https:\/\/720degrees.ai\/pt\/wp-json\/wp\/v2\/pages\/384","targetHints":{"allow":["GET"]}}],"collection":[{"href":"https:\/\/720degrees.ai\/pt\/wp-json\/wp\/v2\/pages"}],"about":[{"href":"https:\/\/720degrees.ai\/pt\/wp-json\/wp\/v2\/types\/page"}],"author":[{"embeddable":true,"href":"https:\/\/720degrees.ai\/pt\/wp-json\/wp\/v2\/users\/1"}],"replies":[{"embeddable":true,"href":"https:\/\/720degrees.ai\/pt\/wp-json\/wp\/v2\/comments?post=384"}],"version-history":[{"count":2,"href":"https:\/\/720degrees.ai\/pt\/wp-json\/wp\/v2\/pages\/384\/revisions"}],"predecessor-version":[{"id":493,"href":"https:\/\/720degrees.ai\/pt\/wp-json\/wp\/v2\/pages\/384\/revisions\/493"}],"up":[{"embeddable":true,"href":"https:\/\/720degrees.ai\/pt\/wp-json\/wp\/v2\/pages\/522"}],"wp:attachment":[{"href":"https:\/\/720degrees.ai\/pt\/wp-json\/wp\/v2\/media?parent=384"}],"curies":[{"name":"wp","href":"https:\/\/api.w.org\/{rel}","templated":true}]}}