{"id":382,"date":"2025-06-03T14:03:24","date_gmt":"2025-06-03T14:03:24","guid":{"rendered":"https:\/\/720degrees.codelapa.com\/?page_id=382"},"modified":"2025-06-03T16:49:08","modified_gmt":"2025-06-03T16:49:08","slug":"business-consulting","status":"publish","type":"page","link":"https:\/\/720degrees.ai\/pt\/what-we-do\/business-consulting\/","title":{"rendered":"Consultoria Empresarial"},"content":{"rendered":"<section class=\"section has-parallax\" id=\"section_233320209\">\n\t\t<div class=\"section-bg fill\" data-parallax-container=\".section\" data-parallax-background data-parallax=\"-3\">\n\t\t\t<img loading=\"lazy\" decoding=\"async\" width=\"1440\" height=\"598\" src=\"https:\/\/720degrees.ai\/wp-content\/uploads\/2025\/06\/Background.png\" class=\"bg attachment-original size-original\" alt=\"\" \/>\t\t\t\t\t\t\n\t\t\t\n\n\t\t<\/div>\n\n\t\t\n\n\t\t<div class=\"section-content relative\">\n\t\t\t\n\t<div id=\"gap-608786300\" class=\"gap-element clearfix\" style=\"display:block; height:auto;\">\n\t\t\n<style>\n#gap-608786300 {\n  padding-top: 96px;\n}\n<\/style>\n\t<\/div>\n\t\n<div class=\"row align-middle align-center\"  id=\"row-2043005884\">\n\n\t<div id=\"col-37192942\" class=\"col medium-4 small-12 large-4\"  >\n\t\t\t\t<div class=\"col-inner\" style=\"background-color:rgb(29, 30, 33);\" >\n\t\t\t\n\t<div class=\"is-border\"\n\t\tstyle=\"border-color:rgba(255, 255, 255, 0.221);border-radius:100px;border-width:1px 0px 0px 1px;margin:-5px -5px -5px -5px;\">\n\t<\/div>\n\t\t\t\n\n\t\t<div class=\"icon-box featured-box icon-box-left text-left\"  >\n\t\t\t\t\t<div class=\"icon-box-img\" style=\"width: 20px\">\n\t\t\t\t<div class=\"icon\">\n\t\t\t\t\t<div class=\"icon-inner\" >\n\t\t\t\t\t\t<img loading=\"lazy\" decoding=\"async\" width=\"300\" height=\"300\" src=\"https:\/\/720degrees.ai\/wp-content\/uploads\/2025\/05\/Group-43051.svg\" class=\"attachment-medium size-medium\" alt=\"\" \/>\t\t\t\t\t<\/div>\n\t\t\t\t<\/div>\n\t\t\t<\/div>\n\t\t\t\t<div class=\"icon-box-text last-reset\">\n\t\t\t\t\t\t\t\t\t\n<p>Insight. Innovation. Impact. <a href=\"https:\/\/720degrees.codelapa.com\/wp-content\/uploads\/2025\/05\/Button.svg\" target=\"_blank\" rel=\"noopener\"><img loading=\"lazy\" decoding=\"async\" class=\"alignnone wp-image-89\" src=\"https:\/\/720degrees.codelapa.com\/wp-content\/uploads\/2025\/05\/Button.svg\" alt=\"\" width=\"25\" height=\"25\" \/><\/a><\/p>\n\t\t<\/div>\n\t<\/div>\n\t\n\t\n\t\t<\/div>\n\t\t\t\t\n<style>\n#col-37192942 > .col-inner {\n  padding: 8px 20px 10px 20px;\n  border-radius: 100px;\n}\n<\/style>\n\t<\/div>\n\n\t\n<\/div>\n<div class=\"row align-bottom align-center\"  id=\"row-1166911573\">\n\n\t<div id=\"col-1637733956\" class=\"col medium-8 small-12 large-8\"  data-animate=\"fadeInUp\">\n\t\t\t\t<div class=\"col-inner text-center\"  >\n\t\t\t\n\t\t\t\n\t<div id=\"text-523860043\" class=\"text brilho-titulo\">\n\t\t\n<h1>Nossa Perspectiva<br \/>Sobre IA<\/h1>\n\t\t\n<style>\n#text-523860043 {\n  font-size: 1.4rem;\n}\n@media (min-width:550px) {\n  #text-523860043 {\n    font-size: 2rem;\n  }\n}\n<\/style>\n\t<\/div>\n\t\n\t<div id=\"gap-1889878144\" class=\"gap-element clearfix\" style=\"display:block; height:auto;\">\n\t\t\n<style>\n#gap-1889878144 {\n  padding-top: 1px;\n}\n<\/style>\n\t<\/div>\n\t\n\t<div id=\"text-1516700058\" class=\"text\">\n\t\t\n<p>A transforma\u00e7\u00e3o digital est\u00e1 remodelando o desenvolvimento de software, com a intelig\u00eancia artificial (IA) emergindo como uma for\u00e7a motriz cr\u00edtica.<\/p>\n\t\t\n<style>\n#text-1516700058 {\n  color: rgb(146, 151, 160);\n}\n#text-1516700058 > * {\n  color: rgb(146, 151, 160);\n}\n<\/style>\n\t<\/div>\n\t\n\t\t<\/div>\n\t\t\t\t\t<\/div>\n\n\t\n\n\t<div id=\"col-1806798354\" class=\"col medium-5 small-12 large-5\"  >\n\t\t\t\t<div class=\"col-inner text-center\"  >\n\t\t\t\n\t\t\t\n<a class=\"button primary is-outline is-small box-shadow-5-hover lowercase\"  style=\"border-radius:10px;padding:5px 40px 5px 40px;\">\n\t\t<span>Comece agora<\/span>\n\t<\/a>\n\n\t\t<\/div>\n\t\t\t\t\t<\/div>\n\n\t\n<\/div>\n\t\t<\/div>\n\n\t\t\n<style>\n#section_233320209 {\n  padding-top: 60px;\n  padding-bottom: 60px;\n  background-color: rgb(0,0,0);\n}\n#section_233320209 .section-bg img {\n  object-position: 46% 0%;\n}\n<\/style>\n\t<\/section>\n\t\n\n\t<section class=\"section\" id=\"section_1188119373\">\n\t\t<div class=\"section-bg fill\" >\n\t\t\t\t\t\t\t\t\t\n\t\t\t\n\n\t\t<\/div>\n\n\t\t\n\n\t\t<div class=\"section-content relative\">\n\t\t\t\n<div class=\"row\"  id=\"row-257485892\">\n\n\t<div id=\"col-364518950\" class=\"col medium-9 small-12 large-12\"  >\n\t\t\t\t<div class=\"col-inner\"  >\n\t\t\t\n\t\t\t\n\t<div id=\"text-711189890\" class=\"text\">\n\t\t\n<h2>Strategic AI Services<\/h2>\n\t\t\n<style>\n#text-711189890 {\n  color: #008080;\n}\n#text-711189890 > * {\n  color: #008080;\n}\n<\/style>\n\t<\/div>\n\t\n\t<div id=\"text-3315945305\" class=\"text\">\n\t\t\n<p>From vision to value, we guide your AI journey with strategic insights and the right tech decisions to unlock real impact.<br \/>\n\t\t\n<style>\n#text-3315945305 {\n  color: rgb(146, 151, 160);\n}\n#text-3315945305 > * {\n  color: rgb(146, 151, 160);\n}\n<\/style>\n\t<\/div>\n\t\n\t\t<\/div>\n\t\t\t\t\t<\/div>\n\n\t\n<\/div>\n<div class=\"row align-equal\"  id=\"row-1987180113\">\n\n\t<div id=\"col-596967571\" class=\"col medium-9 small-12 large-9\"  >\n\t\t\t\t<div class=\"col-inner\"  >\n\t\t\t\n\t\t\t\n\t<div id=\"gap-531208389\" class=\"gap-element clearfix\" style=\"display:block; height:auto;\">\n\t\t\n<style>\n#gap-531208389 {\n  padding-top: 6px;\n}\n<\/style>\n\t<\/div>\n\t\n\t\t<\/div>\n\t\t\t\t\t<\/div>\n\n\t\n\n\t<div id=\"col-1861331802\" class=\"col medium-4 small-12 large-4\"  data-animate=\"fadeInUp\">\n\t\t\t\t<div class=\"col-inner text-center dark\" style=\"background-color:rgb(10, 10, 10);\" >\n\t\t\t\n\t<div class=\"is-border\"\n\t\tstyle=\"border-color:rgb(18, 18, 18);border-radius:20px;border-width:1px 1px 1px 1px;\">\n\t<\/div>\n\t\t\t\n\n\t\t<div class=\"icon-box featured-box icon-box-left text-left\"  >\n\t\t\t\t\t<div class=\"icon-box-img\" style=\"width: 30px\">\n\t\t\t\t<div class=\"icon\">\n\t\t\t\t\t<div class=\"icon-inner\" >\n\t\t\t\t\t\t<img loading=\"lazy\" decoding=\"async\" width=\"300\" height=\"300\" src=\"https:\/\/720degrees.ai\/wp-content\/uploads\/2025\/05\/Group-43000.svg\" class=\"attachment-medium size-medium\" alt=\"\" \/>\t\t\t\t\t<\/div>\n\t\t\t\t<\/div>\n\t\t\t<\/div>\n\t\t\t\t<div class=\"icon-box-text last-reset\">\n\t\t\t\t\t\t\t\t\t\n\t<div id=\"text-4118274057\" class=\"text uppercase\">\n\t\t\n<p>COMPUTER VISION &amp; GENERATIVE VIDEO<br \/>\n\t\t\n<style>\n#text-4118274057 {\n  color: rgb(0, 254, 254);\n}\n#text-4118274057 > * {\n  color: rgb(0, 254, 254);\n}\n<\/style>\n\t<\/div>\n\t\n\t\t<\/div>\n\t<\/div>\n\t\n\t\n\t<div id=\"gap-735766066\" class=\"gap-element clearfix\" style=\"display:block; height:auto;\">\n\t\t\n<style>\n#gap-735766066 {\n  padding-top: 15px;\n}\n<\/style>\n\t<\/div>\n\t\n\t<div id=\"text-100306680\" class=\"text\">\n\t\t\n<p>Turn visuals into value with cutting-edge computer vision solutions!<br \/>\n\t\t\n<style>\n#text-100306680 {\n  font-size: 0.75rem;\n  text-align: left;\n  color: rgb(146, 151, 160);\n}\n#text-100306680 > * {\n  color: rgb(146, 151, 160);\n}\n<\/style>\n\t<\/div>\n\t\n<div class=\"text-center\"><div class=\"is-divider divider clearfix\" style=\"max-width:100%;height:1px;background-color:#121212;\"><\/div><\/div>\n<a class=\"button primary is-outline is-small box-shadow-5-hover lowercase\"  style=\"border-radius:10px;padding:5px 40px 5px 40px;\">\n\t\t<span>Comece agora<\/span>\n\t<\/a>\n\n\t\t<\/div>\n\t\t\t\t\n<style>\n#col-1861331802 > .col-inner {\n  padding: 30px 20px 30px 20px;\n  border-radius: 14px;\n}\n<\/style>\n\t<\/div>\n\n\t\n\n\t<div id=\"col-7885930\" class=\"col medium-4 small-12 large-4\"  data-animate=\"fadeInUp\">\n\t\t\t\t<div class=\"col-inner text-center dark\" style=\"background-color:rgb(10, 10, 10);\" >\n\t\t\t\n\t<div class=\"is-border\"\n\t\tstyle=\"border-color:rgb(18, 18, 18);border-radius:20px;border-width:1px 1px 1px 1px;\">\n\t<\/div>\n\t\t\t\n\n\t\t<div class=\"icon-box featured-box icon-box-left text-left\"  >\n\t\t\t\t\t<div class=\"icon-box-img\" style=\"width: 30px\">\n\t\t\t\t<div class=\"icon\">\n\t\t\t\t\t<div class=\"icon-inner\" >\n\t\t\t\t\t\t<img loading=\"lazy\" decoding=\"async\" width=\"300\" height=\"300\" src=\"https:\/\/720degrees.ai\/wp-content\/uploads\/2025\/05\/Group-43000.svg\" class=\"attachment-medium size-medium\" alt=\"\" \/>\t\t\t\t\t<\/div>\n\t\t\t\t<\/div>\n\t\t\t<\/div>\n\t\t\t\t<div class=\"icon-box-text last-reset\">\n\t\t\t\t\t\t\t\t\t\n\t<div id=\"text-2830763619\" class=\"text uppercase\">\n\t\t\n<p>MACHINE LEARNING<br \/>\n\t\t\n<style>\n#text-2830763619 {\n  color: rgb(0, 254, 254);\n}\n#text-2830763619 > * {\n  color: rgb(0, 254, 254);\n}\n<\/style>\n\t<\/div>\n\t\n\t\t<\/div>\n\t<\/div>\n\t\n\t\n\t<div id=\"gap-1265637599\" class=\"gap-element clearfix\" style=\"display:block; height:auto;\">\n\t\t\n<style>\n#gap-1265637599 {\n  padding-top: 15px;\n}\n<\/style>\n\t<\/div>\n\t\n\t<div id=\"text-346710073\" class=\"text\">\n\t\t\n<p>Unleash data\u2019s potential with predictive, automated machine learning solutions!<br \/>\n\t\t\n<style>\n#text-346710073 {\n  font-size: 0.75rem;\n  text-align: left;\n  color: rgb(146, 151, 160);\n}\n#text-346710073 > * {\n  color: rgb(146, 151, 160);\n}\n<\/style>\n\t<\/div>\n\t\n<div class=\"text-center\"><div class=\"is-divider divider clearfix\" style=\"max-width:100%;height:1px;background-color:#121212;\"><\/div><\/div>\n<a class=\"button primary is-outline is-small box-shadow-5-hover lowercase\"  style=\"border-radius:10px;padding:5px 40px 5px 40px;\">\n\t\t<span>Comece agora<\/span>\n\t<\/a>\n\n\t\t<\/div>\n\t\t\t\t\n<style>\n#col-7885930 > .col-inner {\n  padding: 30px 20px 30px 20px;\n  border-radius: 14px;\n}\n<\/style>\n\t<\/div>\n\n\t\n\n\t<div id=\"col-784849298\" class=\"col medium-4 small-12 large-4\"  data-animate=\"fadeInUp\">\n\t\t\t\t<div class=\"col-inner text-center dark\" style=\"background-color:rgb(10, 10, 10);\" >\n\t\t\t\n\t<div class=\"is-border\"\n\t\tstyle=\"border-color:rgb(18, 18, 18);border-radius:20px;border-width:1px 1px 1px 1px;\">\n\t<\/div>\n\t\t\t\n\n\t\t<div class=\"icon-box featured-box icon-box-left text-left\"  >\n\t\t\t\t\t<div class=\"icon-box-img\" style=\"width: 30px\">\n\t\t\t\t<div class=\"icon\">\n\t\t\t\t\t<div class=\"icon-inner\" >\n\t\t\t\t\t\t<img loading=\"lazy\" decoding=\"async\" width=\"300\" height=\"300\" src=\"https:\/\/720degrees.ai\/wp-content\/uploads\/2025\/05\/Group-43000.svg\" class=\"attachment-medium size-medium\" alt=\"\" \/>\t\t\t\t\t<\/div>\n\t\t\t\t<\/div>\n\t\t\t<\/div>\n\t\t\t\t<div class=\"icon-box-text last-reset\">\n\t\t\t\t\t\t\t\t\t\n\t<div id=\"text-3690916109\" class=\"text uppercase\">\n\t\t\n<p>AI AS A SERVICE<br \/>\n\t\t\n<style>\n#text-3690916109 {\n  color: rgb(0, 254, 254);\n}\n#text-3690916109 > * {\n  color: rgb(0, 254, 254);\n}\n<\/style>\n\t<\/div>\n\t\n\t\t<\/div>\n\t<\/div>\n\t\n\t\n\t<div id=\"gap-1364937324\" class=\"gap-element clearfix\" style=\"display:block; height:auto;\">\n\t\t\n<style>\n#gap-1364937324 {\n  padding-top: 15px;\n}\n<\/style>\n\t<\/div>\n\t\n\t<div id=\"text-2856936353\" class=\"text\">\n\t\t\n<p>On-demand AI power, driving agility and cost-effective innovation!<br \/>\n\t\t\n<style>\n#text-2856936353 {\n  font-size: 0.75rem;\n  text-align: left;\n  color: rgb(146, 151, 160);\n}\n#text-2856936353 > * {\n  color: rgb(146, 151, 160);\n}\n<\/style>\n\t<\/div>\n\t\n<div class=\"text-center\"><div class=\"is-divider divider clearfix\" style=\"max-width:100%;height:1px;background-color:#121212;\"><\/div><\/div>\n<a class=\"button primary is-outline is-small box-shadow-5-hover lowercase\"  style=\"border-radius:10px;padding:5px 40px 5px 40px;\">\n\t\t<span>Comece agora<\/span>\n\t<\/a>\n\n\t\t<\/div>\n\t\t\t\t\n<style>\n#col-784849298 > .col-inner {\n  padding: 30px 20px 30px 20px;\n  border-radius: 14px;\n}\n<\/style>\n\t<\/div>\n\n\t\n<\/div>\n\t\t<\/div>\n\n\t\t\n<style>\n#section_1188119373 {\n  padding-top: 30px;\n  padding-bottom: 30px;\n  background-color: rgb(0,0,0);\n}\n<\/style>\n\t<\/section>\n\t\n\n\t<section class=\"section sec90\" id=\"section_116806178\">\n\t\t<div class=\"section-bg fill\" >\n\t\t\t<img loading=\"lazy\" decoding=\"async\" width=\"1386\" height=\"832\" src=\"https:\/\/720degrees.ai\/wp-content\/uploads\/2025\/06\/Rectangle-27997.svg\" class=\"bg attachment-original size-original\" alt=\"\" \/>\t\t\t\t\t\t\n\t\t\t\n\n\t\t<\/div>\n\n\t\t\n\n\t\t<div class=\"section-content relative\">\n\t\t\t\n<div class=\"slider-wrapper relative slide-logos\" id=\"slider-561175890\" >\n    <div class=\"slider slider-nav-circle slider-nav-large slider-nav-light slider-style-focus\"\n        data-flickity-options='{            \"cellAlign\": \"center\",            \"imagesLoaded\": true,            \"lazyLoad\": 1,            \"freeScroll\": false,            \"wrapAround\": false,            \"autoPlay\": 6000,            \"pauseAutoPlayOnHover\" : true,            \"prevNextButtons\": false,            \"contain\" : true,            \"adaptiveHeight\" : true,            \"dragThreshold\" : 10,            \"percentPosition\": true,            \"pageDots\": false,            \"rightToLeft\": false,            \"draggable\": true,            \"selectedAttraction\": 0.1,            \"parallax\" : 0,            \"friction\": 0.6        }'\n        >\n        \r\n\r\n<div class=\"row\"  id=\"row-1451161830\">\r\n\r\n\n\t<div id=\"col-496829216\" class=\"col small-12 large-12\"  >\n\t\t\t\t<div class=\"col-inner text-center\"  >\n\t\t\t\n\t\t\t\r\n\r\n\t<div class=\"img has-hover x md-x lg-x y md-y lg-y\" id=\"image_1595799240\">\n\t\t\t\t\t\t\t\t<div class=\"img-inner dark\" >\n\t\t\t<img loading=\"lazy\" decoding=\"async\" width=\"120\" height=\"85\" src=\"https:\/\/720degrees.ai\/wp-content\/uploads\/2025\/06\/KPI-Logo.svg\" class=\"attachment-original size-original\" alt=\"\" \/>\t\t\t\t\t\t\n\t\t\t\t\t<\/div>\n\t\t\t\t\t\t\t\t\n<style>\n#image_1595799240 {\n  width: 56%;\n}\n<\/style>\n\t<\/div>\n\t\r\n\r\n\r\n\t\t<\/div>\n\t\t\t\t\t<\/div>\n\n\t\r\n\r\n<\/div>\r\n<div class=\"row\"  id=\"row-683371552\">\r\n\r\n\n\t<div id=\"col-717011730\" class=\"col small-12 large-12\"  >\n\t\t\t\t<div class=\"col-inner\"  >\n\t\t\t\n\t\t\t\r\n\r\n\t<div class=\"img has-hover x md-x lg-x y md-y lg-y\" id=\"image_101151597\">\n\t\t\t\t\t\t\t\t<div class=\"img-inner dark\" >\n\t\t\t<img loading=\"lazy\" decoding=\"async\" width=\"884\" height=\"69\" src=\"https:\/\/720degrees.ai\/wp-content\/uploads\/2025\/06\/Codelapa-Desenvolvimento-de-Sites-_1_.webp\" class=\"attachment-original size-original\" alt=\"\" srcset=\"https:\/\/720degrees.ai\/wp-content\/uploads\/2025\/06\/Codelapa-Desenvolvimento-de-Sites-_1_.webp 884w, https:\/\/720degrees.ai\/wp-content\/uploads\/2025\/06\/Codelapa-Desenvolvimento-de-Sites-_1_-300x23.webp 300w, https:\/\/720degrees.ai\/wp-content\/uploads\/2025\/06\/Codelapa-Desenvolvimento-de-Sites-_1_-768x60.webp 768w\" sizes=\"auto, (max-width: 884px) 100vw, 884px\" \/>\t\t\t\t\t\t\n\t\t\t\t\t<\/div>\n\t\t\t\t\t\t\t\t\n<style>\n#image_101151597 {\n  width: 100%;\n}\n<\/style>\n\t<\/div>\n\t\r\n\r\n\r\n\t\t<\/div>\n\t\t\t\t\t<\/div>\n\n\t\r\n\r\n<\/div>\r\n<div class=\"row\"  id=\"row-902179362\">\r\n\r\n\n\t<div id=\"col-1294547462\" class=\"col small-12 large-12\"  >\n\t\t\t\t<div class=\"col-inner\"  >\n\t\t\t\n\t\t\t\r\n\r\n\t<div class=\"img has-hover x md-x lg-x y md-y lg-y\" id=\"image_1735426173\">\n\t\t\t\t\t\t\t\t<div class=\"img-inner dark\" >\n\t\t\t<img loading=\"lazy\" decoding=\"async\" width=\"1460\" height=\"616\" src=\"https:\/\/720degrees.ai\/wp-content\/uploads\/2025\/06\/e098f00f-3c66-4218-bb2e-98f4d19cadbc.png\" class=\"attachment-original size-original\" alt=\"\" srcset=\"https:\/\/720degrees.ai\/wp-content\/uploads\/2025\/06\/e098f00f-3c66-4218-bb2e-98f4d19cadbc.png 1460w, https:\/\/720degrees.ai\/wp-content\/uploads\/2025\/06\/e098f00f-3c66-4218-bb2e-98f4d19cadbc-300x127.png 300w, https:\/\/720degrees.ai\/wp-content\/uploads\/2025\/06\/e098f00f-3c66-4218-bb2e-98f4d19cadbc-1024x432.png 1024w, https:\/\/720degrees.ai\/wp-content\/uploads\/2025\/06\/e098f00f-3c66-4218-bb2e-98f4d19cadbc-768x324.png 768w\" sizes=\"auto, (max-width: 1460px) 100vw, 1460px\" \/>\t\t\t\t\t\t\n\t\t\t\t\t<\/div>\n\t\t\t\t\t\t\t\t\n<style>\n#image_1735426173 {\n  width: 100%;\n}\n<\/style>\n\t<\/div>\n\t\r\n\r\n\r\n\t\t<\/div>\n\t\t\t\t\t<\/div>\n\n\t\r\n\r\n<\/div>\r\n\r\n     <\/div>\n\n     <div class=\"loading-spin dark large centered\"><\/div>\n\n\t\n<style>\n#slider-561175890 .flickity-slider > * {\n  max-width: 94%!important;\n}\n@media (min-width:550px) {\n  #slider-561175890 .flickity-slider > * {\n    max-width: 22%!important;\n  }\n}\n<\/style>\n<\/div>\n\n\r\n<div class=\"row\"  id=\"row-482246160\">\r\n\n\t<div id=\"col-560899089\" class=\"col small-12 large-12\"  >\n\t\t\t\t<div class=\"col-inner text-center\"  >\n\t\t\t\n\t\t\t\t\t<\/div>\n\t\t\t\t\t<\/div>\n\n\t\r\n<div align=\"center\">PARTNERS<\/div>\r\n<\/div>\r\n\n\t<div id=\"gap-1206529900\" class=\"gap-element clearfix\" style=\"display:block; height:auto;\">\n\t\t\n<style>\n#gap-1206529900 {\n  padding-top: 67px;\n}\n<\/style>\n\t<\/div>\n\t\n\t<div id=\"gap-1263713278\" class=\"gap-element clearfix\" style=\"display:block; height:auto;\">\n\t\t\n<style>\n#gap-1263713278 {\n  padding-top: 12px;\n}\n<\/style>\n\t<\/div>\n\t\n<div class=\"row row-large align-equal align-center\"  id=\"row-1389124803\">\n\n\t<div id=\"col-1865771446\" class=\"col gradiente-col medium-4 small-12 large-4\"  >\n\t\t\t\t<div class=\"col-inner text-left dark\" style=\"background-color:#02bcbc;\" >\n\t\t\t\n\t\t\t\n\t<div class=\"box has-hover   has-hover box-text-bottom\" >\n\n\t\t<div class=\"box-image\" style=\"border-radius:4%;\">\n\t\t\t\t\t\t<div class=\"\" >\n\t\t\t\t<img loading=\"lazy\" decoding=\"async\" width=\"2073\" height=\"2090\" src=\"https:\/\/720degrees.ai\/wp-content\/uploads\/2025\/05\/FUNDO-VERDE.jpg\" class=\"attachment-original size-original\" alt=\"\" srcset=\"https:\/\/720degrees.ai\/wp-content\/uploads\/2025\/05\/FUNDO-VERDE.jpg 2073w, https:\/\/720degrees.ai\/wp-content\/uploads\/2025\/05\/FUNDO-VERDE-298x300.jpg 298w, https:\/\/720degrees.ai\/wp-content\/uploads\/2025\/05\/FUNDO-VERDE-1016x1024.jpg 1016w, https:\/\/720degrees.ai\/wp-content\/uploads\/2025\/05\/FUNDO-VERDE-150x150.jpg 150w, https:\/\/720degrees.ai\/wp-content\/uploads\/2025\/05\/FUNDO-VERDE-768x774.jpg 768w, https:\/\/720degrees.ai\/wp-content\/uploads\/2025\/05\/FUNDO-VERDE-1524x1536.jpg 1524w, https:\/\/720degrees.ai\/wp-content\/uploads\/2025\/05\/FUNDO-VERDE-2031x2048.jpg 2031w\" sizes=\"auto, (max-width: 2073px) 100vw, 2073px\" \/>\t\t\t\t<div class=\"overlay\" style=\"background-color:rgb(206, 206, 206)\"><\/div>\t\t\t\t\t\t\t<\/div>\n\t\t\t\t\t<\/div>\n\n\t\t<div class=\"box-text text-center\" style=\"padding:15px 0px 0px 0px;\">\n\t\t\t<div class=\"box-text-inner\">\n\t\t\t\t\n\t<div id=\"text-2860818671\" class=\"text\">\n\t\t\n<h3>Modelagem, treinamento e infer\u00eancia de IA<\/h3>\n\t\t\n<style>\n#text-2860818671 {\n  font-size: 1.5rem;\n  text-align: left;\n  color: rgb(2, 188, 188);\n}\n#text-2860818671 > * {\n  color: rgb(2, 188, 188);\n}\n@media (min-width:550px) {\n  #text-2860818671 {\n    font-size: 1rem;\n  }\n}\n<\/style>\n\t<\/div>\n\t\n\t<div id=\"gap-551784374\" class=\"gap-element clearfix\" style=\"display:block; height:auto;\">\n\t\t\n<style>\n#gap-551784374 {\n  padding-top: 1px;\n}\n<\/style>\n\t<\/div>\n\t\n\t<div id=\"text-2201707974\" class=\"text\">\n\t\t\n<p>Implementing ethical, scalable AI solutions for lasting business impact.<br \/>\n\t\t\n<style>\n#text-2201707974 {\n  text-align: left;\n}\n<\/style>\n\t<\/div>\n\t\n\t<div id=\"gap-1830712770\" class=\"gap-element clearfix\" style=\"display:block; height:auto;\">\n\t\t\n<style>\n#gap-1830712770 {\n  padding-top: 15px;\n}\n<\/style>\n\t<\/div>\n\t\n\t\t\t<\/div>\n\t\t<\/div>\n\t<\/div>\n\t\n<a class=\"button primary is-link is-small box-shadow-5-hover lowercase\"  style=\"border-radius:10px;padding:5px 40px 5px 0px;\">\n\t\t<span>Saiba mais<\/span>\n\t<i class=\"icon-angle-right\" aria-hidden=\"true\" ><\/i><\/a>\n\n\t\t<\/div>\n\t\t\t\t\n<style>\n#col-1865771446 > .col-inner {\n  padding: 10px 10px 10px 10px;\n}\n<\/style>\n\t<\/div>\n\n\t\n\n\t<div id=\"col-1967209085\" class=\"col gradiente-col medium-4 small-12 large-4\"  >\n\t\t\t\t<div class=\"col-inner text-left dark\" style=\"background-color:#02bcbc;\" >\n\t\t\t\n\t\t\t\n\t<div class=\"box has-hover   has-hover box-text-bottom\" >\n\n\t\t<div class=\"box-image\" style=\"border-radius:5%;\">\n\t\t\t\t\t\t<div class=\"\" >\n\t\t\t\t<img loading=\"lazy\" decoding=\"async\" width=\"2073\" height=\"2090\" src=\"https:\/\/720degrees.ai\/wp-content\/uploads\/2025\/05\/FUNDO-VERDE.jpg\" class=\"attachment-original size-original\" alt=\"\" srcset=\"https:\/\/720degrees.ai\/wp-content\/uploads\/2025\/05\/FUNDO-VERDE.jpg 2073w, https:\/\/720degrees.ai\/wp-content\/uploads\/2025\/05\/FUNDO-VERDE-298x300.jpg 298w, https:\/\/720degrees.ai\/wp-content\/uploads\/2025\/05\/FUNDO-VERDE-1016x1024.jpg 1016w, https:\/\/720degrees.ai\/wp-content\/uploads\/2025\/05\/FUNDO-VERDE-150x150.jpg 150w, https:\/\/720degrees.ai\/wp-content\/uploads\/2025\/05\/FUNDO-VERDE-768x774.jpg 768w, https:\/\/720degrees.ai\/wp-content\/uploads\/2025\/05\/FUNDO-VERDE-1524x1536.jpg 1524w, https:\/\/720degrees.ai\/wp-content\/uploads\/2025\/05\/FUNDO-VERDE-2031x2048.jpg 2031w\" sizes=\"auto, (max-width: 2073px) 100vw, 2073px\" \/>\t\t\t\t<div class=\"overlay\" style=\"background-color:rgb(206, 206, 206)\"><\/div>\t\t\t\t\t\t\t<\/div>\n\t\t\t\t\t<\/div>\n\n\t\t<div class=\"box-text text-center\" style=\"padding:15px 0px 0px 0px;\">\n\t\t\t<div class=\"box-text-inner\">\n\t\t\t\t\n\t<div id=\"text-2969784894\" class=\"text\">\n\t\t\n<h3>Modelagem, treinamento e infer\u00eancia de IA<\/h3>\n\t\t\n<style>\n#text-2969784894 {\n  font-size: 1.5rem;\n  text-align: left;\n  color: rgb(2, 188, 188);\n}\n#text-2969784894 > * {\n  color: rgb(2, 188, 188);\n}\n@media (min-width:550px) {\n  #text-2969784894 {\n    font-size: 1rem;\n  }\n}\n<\/style>\n\t<\/div>\n\t\n\t<div id=\"gap-1390025156\" class=\"gap-element clearfix\" style=\"display:block; height:auto;\">\n\t\t\n<style>\n#gap-1390025156 {\n  padding-top: 1px;\n}\n<\/style>\n\t<\/div>\n\t\n\t<div id=\"text-3541090688\" class=\"text\">\n\t\t\n<p>Implementing ethical, scalable AI solutions for lasting business impact.<br \/>\n\t\t\n<style>\n#text-3541090688 {\n  text-align: left;\n}\n<\/style>\n\t<\/div>\n\t\n\t<div id=\"gap-1536605903\" class=\"gap-element clearfix\" style=\"display:block; height:auto;\">\n\t\t\n<style>\n#gap-1536605903 {\n  padding-top: 15px;\n}\n<\/style>\n\t<\/div>\n\t\n\t\t\t<\/div>\n\t\t<\/div>\n\t<\/div>\n\t\n<a class=\"button primary is-link is-small box-shadow-5-hover lowercase\"  style=\"border-radius:10px;padding:5px 40px 5px 0px;\">\n\t\t<span>Saiba mais<\/span>\n\t<i class=\"icon-angle-right\" aria-hidden=\"true\" ><\/i><\/a>\n\n\t\t<\/div>\n\t\t\t\t\n<style>\n#col-1967209085 > .col-inner {\n  padding: 10px 10px 10px 10px;\n}\n<\/style>\n\t<\/div>\n\n\t\n\n\t<div id=\"col-1252713948\" class=\"col gradiente-col medium-4 small-12 large-4\"  >\n\t\t\t\t<div class=\"col-inner text-left dark\" style=\"background-color:#02bcbc;\" >\n\t\t\t\n\t\t\t\n\t<div class=\"box has-hover   has-hover box-text-bottom\" >\n\n\t\t<div class=\"box-image\" style=\"border-radius:5%;\">\n\t\t\t\t\t\t<div class=\"\" >\n\t\t\t\t<img loading=\"lazy\" decoding=\"async\" width=\"2073\" height=\"2090\" src=\"https:\/\/720degrees.ai\/wp-content\/uploads\/2025\/05\/FUNDO-VERDE.jpg\" class=\"attachment-original size-original\" alt=\"\" srcset=\"https:\/\/720degrees.ai\/wp-content\/uploads\/2025\/05\/FUNDO-VERDE.jpg 2073w, https:\/\/720degrees.ai\/wp-content\/uploads\/2025\/05\/FUNDO-VERDE-298x300.jpg 298w, https:\/\/720degrees.ai\/wp-content\/uploads\/2025\/05\/FUNDO-VERDE-1016x1024.jpg 1016w, https:\/\/720degrees.ai\/wp-content\/uploads\/2025\/05\/FUNDO-VERDE-150x150.jpg 150w, https:\/\/720degrees.ai\/wp-content\/uploads\/2025\/05\/FUNDO-VERDE-768x774.jpg 768w, https:\/\/720degrees.ai\/wp-content\/uploads\/2025\/05\/FUNDO-VERDE-1524x1536.jpg 1524w, https:\/\/720degrees.ai\/wp-content\/uploads\/2025\/05\/FUNDO-VERDE-2031x2048.jpg 2031w\" sizes=\"auto, (max-width: 2073px) 100vw, 2073px\" \/>\t\t\t\t<div class=\"overlay\" style=\"background-color:rgb(206, 206, 206)\"><\/div>\t\t\t\t\t\t\t<\/div>\n\t\t\t\t\t<\/div>\n\n\t\t<div class=\"box-text text-center\" style=\"padding:15px 0px 0px 0px;\">\n\t\t\t<div class=\"box-text-inner\">\n\t\t\t\t\n\t<div id=\"text-3008422337\" class=\"text\">\n\t\t\n<h3>Modelagem, treinamento e infer\u00eancia de IA<\/h3>\n\t\t\n<style>\n#text-3008422337 {\n  font-size: 1.5rem;\n  text-align: left;\n  color: rgb(2, 188, 188);\n}\n#text-3008422337 > * {\n  color: rgb(2, 188, 188);\n}\n@media (min-width:550px) {\n  #text-3008422337 {\n    font-size: 1rem;\n  }\n}\n<\/style>\n\t<\/div>\n\t\n\t<div id=\"gap-558200507\" class=\"gap-element clearfix\" style=\"display:block; height:auto;\">\n\t\t\n<style>\n#gap-558200507 {\n  padding-top: 1px;\n}\n<\/style>\n\t<\/div>\n\t\n\t<div id=\"text-110922591\" class=\"text\">\n\t\t\n<p>Implementing ethical, scalable AI solutions for lasting business impact.<br \/>\n\t\t\n<style>\n#text-110922591 {\n  text-align: left;\n}\n<\/style>\n\t<\/div>\n\t\n\t<div id=\"gap-1096131192\" class=\"gap-element clearfix\" style=\"display:block; height:auto;\">\n\t\t\n<style>\n#gap-1096131192 {\n  padding-top: 15px;\n}\n<\/style>\n\t<\/div>\n\t\n\t\t\t<\/div>\n\t\t<\/div>\n\t<\/div>\n\t\n<a class=\"button primary is-link is-small box-shadow-5-hover lowercase\"  style=\"border-radius:10px;padding:5px 40px 5px 0px;\">\n\t\t<span>Saiba mais<\/span>\n\t<i class=\"icon-angle-right\" aria-hidden=\"true\" ><\/i><\/a>\n\n\t\t<\/div>\n\t\t\t\t\n<style>\n#col-1252713948 > .col-inner {\n  padding: 10px 10px 10px 10px;\n}\n<\/style>\n\t<\/div>\n\n\t\n\n<style>\n#row-1389124803 > .col > .col-inner {\n  border-radius: 21px;\n}\n<\/style>\n<\/div>\n\t\t<\/div>\n\n\t\t\n<style>\n#section_116806178 {\n  padding-top: 30px;\n  padding-bottom: 30px;\n  background-color: rgb(0,0,0);\n}\n#section_116806178 .section-bg img {\n  object-position: 58% 0%;\n}\n<\/style>\n\t<\/section>","protected":false},"excerpt":{"rendered":"","protected":false},"author":1,"featured_media":0,"parent":522,"menu_order":0,"comment_status":"closed","ping_status":"closed","template":"","meta":{"inline_featured_image":false,"footnotes":""},"class_list":["post-382","page","type-page","status-publish","hentry"],"_links":{"self":[{"href":"https:\/\/720degrees.ai\/pt\/wp-json\/wp\/v2\/pages\/382","targetHints":{"allow":["GET"]}}],"collection":[{"href":"https:\/\/720degrees.ai\/pt\/wp-json\/wp\/v2\/pages"}],"about":[{"href":"https:\/\/720degrees.ai\/pt\/wp-json\/wp\/v2\/types\/page"}],"author":[{"embeddable":true,"href":"https:\/\/720degrees.ai\/pt\/wp-json\/wp\/v2\/users\/1"}],"replies":[{"embeddable":true,"href":"https:\/\/720degrees.ai\/pt\/wp-json\/wp\/v2\/comments?post=382"}],"version-history":[{"count":2,"href":"https:\/\/720degrees.ai\/pt\/wp-json\/wp\/v2\/pages\/382\/revisions"}],"predecessor-version":[{"id":492,"href":"https:\/\/720degrees.ai\/pt\/wp-json\/wp\/v2\/pages\/382\/revisions\/492"}],"up":[{"embeddable":true,"href":"https:\/\/720degrees.ai\/pt\/wp-json\/wp\/v2\/pages\/522"}],"wp:attachment":[{"href":"https:\/\/720degrees.ai\/pt\/wp-json\/wp\/v2\/media?parent=382"}],"curies":[{"name":"wp","href":"https:\/\/api.w.org\/{rel}","templated":true}]}}