{"id":276,"date":"2025-06-02T21:42:39","date_gmt":"2025-06-02T21:42:39","guid":{"rendered":"https:\/\/720degrees.codelapa.com\/?page_id=276"},"modified":"2025-06-04T16:28:23","modified_gmt":"2025-06-04T16:28:23","slug":"our-insights","status":"publish","type":"page","link":"https:\/\/720degrees.ai\/pt\/our-insights\/","title":{"rendered":"Nossos Insights"},"content":{"rendered":"<section class=\"section has-parallax\" id=\"section_24893856\">\n\t\t<div class=\"section-bg fill\" data-parallax-container=\".section\" data-parallax-background data-parallax=\"-6\">\n\t\t\t<img loading=\"lazy\" decoding=\"async\" width=\"1440\" height=\"598\" src=\"https:\/\/720degrees.ai\/wp-content\/uploads\/2025\/06\/Background.png\" class=\"bg attachment-original size-original\" alt=\"\" \/>\t\t\t\t\t\t\n\t\t\t\n\n\t\t<\/div>\n\n\t\t\n\n\t\t<div class=\"section-content relative\">\n\t\t\t\n\t<div id=\"gap-978994418\" class=\"gap-element clearfix\" style=\"display:block; height:auto;\">\n\t\t\n<style>\n#gap-978994418 {\n  padding-top: 96px;\n}\n<\/style>\n\t<\/div>\n\t\n<div class=\"row align-bottom align-center\"  id=\"row-513688017\">\n\n\t<div id=\"col-552444985\" class=\"col medium-9 small-12 large-9\"  data-animate=\"fadeInUp\">\n\t\t\t\t<div class=\"col-inner text-center\"  >\n\t\t\t\n\t\t\t\n\t<div id=\"text-1261206328\" class=\"text brilho-titulo\">\n\t\t\n<h1>Nossa Perspectiva<br \/>Sobre IA<\/h1>\n\t\t\n<style>\n#text-1261206328 {\n  font-size: 1.4rem;\n}\n@media (min-width:550px) {\n  #text-1261206328 {\n    font-size: 2rem;\n  }\n}\n<\/style>\n\t<\/div>\n\t\n\t<div id=\"gap-1836652008\" class=\"gap-element clearfix\" style=\"display:block; height:auto;\">\n\t\t\n<style>\n#gap-1836652008 {\n  padding-top: 1px;\n}\n<\/style>\n\t<\/div>\n\t\n\t<div id=\"text-1074099527\" class=\"text\">\n\t\t\n<h2 class=\"thin-font\">A transforma\u00e7\u00e3o digital est\u00e1 remodelando o desenvolvimento de software, com a intelig\u00eancia artificial (IA) emergindo como uma for\u00e7a motriz cr\u00edtica.<\/h2>\n\t\t\n<style>\n#text-1074099527 {\n  color: rgb(146, 151, 160);\n}\n#text-1074099527 > * {\n  color: rgb(146, 151, 160);\n}\n<\/style>\n\t<\/div>\n\t\n\t\t<\/div>\n\t\t\t\t\t<\/div>\n\n\t\n<\/div>\n\t\t<\/div>\n\n\t\t\n<style>\n#section_24893856 {\n  padding-top: 60px;\n  padding-bottom: 60px;\n  background-color: rgb(0,0,0);\n}\n<\/style>\n\t<\/section>\n\t\n\n\t<section class=\"section dark\" id=\"section_1449314969\">\n\t\t<div class=\"section-bg fill\" >\n\t\t\t\t\t\t\t\t\t\n\t\t\t\n\n\t\t<\/div>\n\n\t\t\n\n\t\t<div class=\"section-content relative\">\n\t\t\t\n<div class=\"row align-middle align-center\"  id=\"row-257438479\">\n\n\t<div id=\"col-433954755\" class=\"col small-12 large-12\"  >\n\t\t\t\t<div class=\"col-inner\"  >\n\t\t\t\n\t\t\t\n\t<div id=\"text-3451588298\" class=\"text\">\n\t\t\n<h2>O Impacto da IA \u200b\u200bno Desenvolvimento de<br \/>Software Moderno<\/h2>\n\t\t\n<style>\n#text-3451588298 {\n  color: rgb(2, 188, 188);\n}\n#text-3451588298 > * {\n  color: rgb(2, 188, 188);\n}\n<\/style>\n\t<\/div>\n\t\n\t<div id=\"gap-1079068067\" class=\"gap-element clearfix\" style=\"display:block; height:auto;\">\n\t\t\n<style>\n#gap-1079068067 {\n  padding-top: 1px;\n}\n<\/style>\n\t<\/div>\n\t\n\t<div id=\"text-997030817\" class=\"text\">\n\t\t\n<p class=\"translation-block\">A Intelig\u00eancia Artificial est\u00e1 se tornando um pilar central na evolu\u00e7\u00e3o do desenvolvimento de software. <strong>Com aproximadamente 70% das empresas integrando IA em seus processos de desenvolvimento, o foco mudou das pr\u00e1ticas <\/strong>tradicionais para uma abordagem mais \u00e1gil e orientada por insights. A IA n\u00e3o apenas agiliza tarefas repetitivas, mas tamb\u00e9m aprimora a tomada de decis\u00f5es e a inova\u00e7\u00e3o.<\/p>\n<p class=\"translation-block\">No entanto, essa transforma\u00e7\u00e3o tamb\u00e9m traz desafios, especialmente em rela\u00e7\u00e3o \u00e0 prontid\u00e3o da equipe, quest\u00f5es \u00e9ticas e transpar\u00eancia de dados. <strong>As organiza\u00e7\u00f5es que adotam a IA estrategicamente j\u00e1 est\u00e3o observando ganhos operacionais e uma vantagem competitiva no mercado.<\/strong><\/p>\n\t\t\n<style>\n#text-997030817 {\n  color: rgb(146, 151, 160);\n}\n#text-997030817 > * {\n  color: rgb(146, 151, 160);\n}\n<\/style>\n\t<\/div>\n\t\n\t\t<\/div>\n\t\t\t\t\t<\/div>\n\n\t\n<\/div>\n<div class=\"row align-equal\"  id=\"row-2086078246\">\n\n\t<div id=\"col-924133636\" class=\"col medium-4 small-12 large-4\"  >\n\t\t\t\t<div class=\"col-inner\" style=\"background-color:#0a0a0a;\" >\n\t\t\t\n\t<div class=\"is-border\"\n\t\tstyle=\"border-color:#141414;border-radius:10px;border-width:1px 1px 1px 1px;\">\n\t<\/div>\n\t\t\t\n\n\t\t<div class=\"icon-box featured-box icon-box-left text-left\"  >\n\t\t\t\t\t<div class=\"icon-box-img\" style=\"width: 20px\">\n\t\t\t\t<div class=\"icon\">\n\t\t\t\t\t<div class=\"icon-inner\" >\n\t\t\t\t\t\t<img loading=\"lazy\" decoding=\"async\" width=\"300\" height=\"300\" src=\"https:\/\/720degrees.ai\/wp-content\/uploads\/2025\/05\/Group-43000.svg\" class=\"attachment-medium size-medium\" alt=\"\" \/>\t\t\t\t\t<\/div>\n\t\t\t\t<\/div>\n\t\t\t<\/div>\n\t\t\t\t<div class=\"icon-box-text last-reset\">\n\t\t\t\t\t\t\t\t\t\n\t<div id=\"gap-254943856\" class=\"gap-element clearfix\" style=\"display:block; height:auto;\">\n\t\t\n<style>\n#gap-254943856 {\n  padding-top: 5px;\n}\n<\/style>\n\t<\/div>\n\t\n\t<div id=\"text-2421113830\" class=\"text\">\n\t\t\n<h3 class=\"thin-font\">Benef\u00edcios Operacionais<\/h3>\n\t\t\n<style>\n#text-2421113830 {\n  font-size: 0.95rem;\n  color: rgb(2, 188, 188);\n}\n#text-2421113830 > * {\n  color: rgb(2, 188, 188);\n}\n<\/style>\n\t<\/div>\n\t\n\t<div id=\"gap-844481430\" class=\"gap-element clearfix\" style=\"display:block; height:auto;\">\n\t\t\n<style>\n#gap-844481430 {\n  padding-top: 1px;\n}\n<\/style>\n\t<\/div>\n\t\n\t\t<\/div>\n\t<\/div>\n\t\n\t\n\t<div id=\"gap-919656999\" class=\"gap-element clearfix\" style=\"display:block; height:auto;\">\n\t\t\n<style>\n#gap-919656999 {\n  padding-top: 15px;\n}\n<\/style>\n\t<\/div>\n\t\n\t<div id=\"text-2024415452\" class=\"text\">\n\t\t\n<ul>\n<li>Automatiza tarefas repetitivas e manuais<\/li>\n<li>Oferece insights valiosos para decis\u00f5es mais inteligentes<\/li>\n<li>Aumenta a efici\u00eancia operacional em at\u00e9 30%<\/li>\n<li>Acelera os processos de tomada de decis\u00e3o<\/li>\n<li>Melhora a experi\u00eancia do usu\u00e1rio e a competitividade<\/li>\n<\/ul>\n\t\t\n<style>\n#text-2024415452 {\n  font-size: 0.75rem;\n  color: rgb(146, 151, 160);\n}\n#text-2024415452 > * {\n  color: rgb(146, 151, 160);\n}\n<\/style>\n\t<\/div>\n\t\n<div class=\"text-center\"><div class=\"is-divider divider clearfix\" style=\"max-width:100%;height:1px;background-color:#141414;\"><\/div><\/div>\n\t\t<\/div>\n\t\t\t\t\n<style>\n#col-924133636 > .col-inner {\n  padding: 30px 30px 20px 30px;\n  border-radius: 10px;\n}\n<\/style>\n\t<\/div>\n\n\t\n\n\t<div id=\"col-231896500\" class=\"col medium-4 small-12 large-4\"  >\n\t\t\t\t<div class=\"col-inner\" style=\"background-color:#0a0a0a;\" >\n\t\t\t\n\t<div class=\"is-border\"\n\t\tstyle=\"border-color:#141414;border-radius:10px;border-width:1px 1px 1px 1px;\">\n\t<\/div>\n\t\t\t\n\n\t\t<div class=\"icon-box featured-box icon-box-left text-left\"  >\n\t\t\t\t\t<div class=\"icon-box-img\" style=\"width: 20px\">\n\t\t\t\t<div class=\"icon\">\n\t\t\t\t\t<div class=\"icon-inner\" >\n\t\t\t\t\t\t<img loading=\"lazy\" decoding=\"async\" width=\"300\" height=\"300\" src=\"https:\/\/720degrees.ai\/wp-content\/uploads\/2025\/05\/Group-43000.svg\" class=\"attachment-medium size-medium\" alt=\"\" \/>\t\t\t\t\t<\/div>\n\t\t\t\t<\/div>\n\t\t\t<\/div>\n\t\t\t\t<div class=\"icon-box-text last-reset\">\n\t\t\t\t\t\t\t\t\t\n\t<div id=\"gap-1093714951\" class=\"gap-element clearfix\" style=\"display:block; height:auto;\">\n\t\t\n<style>\n#gap-1093714951 {\n  padding-top: 5px;\n}\n<\/style>\n\t<\/div>\n\t\n\t<div id=\"text-4258885747\" class=\"text\">\n\t\t\n<h4 class=\"thin-font\">Desafios a serem enfrentados<\/h4>\n\t\t\n<style>\n#text-4258885747 {\n  font-size: 0.95rem;\n  color: #02bcbc;\n}\n#text-4258885747 > * {\n  color: #02bcbc;\n}\n<\/style>\n\t<\/div>\n\t\n\t<div id=\"gap-735486293\" class=\"gap-element clearfix\" style=\"display:block; height:auto;\">\n\t\t\n<style>\n#gap-735486293 {\n  padding-top: 1px;\n}\n<\/style>\n\t<\/div>\n\t\n\t\t<\/div>\n\t<\/div>\n\t\n\t\n\t<div id=\"gap-1734524618\" class=\"gap-element clearfix\" style=\"display:block; height:auto;\">\n\t\t\n<style>\n#gap-1734524618 {\n  padding-top: 15px;\n}\n<\/style>\n\t<\/div>\n\t\n\t<div id=\"text-429409795\" class=\"text\">\n\t\t\n<ul>\n<li>Necessidade de requalifica\u00e7\u00e3o das equipes de desenvolvimento<\/li>\n<li>Promovendo uma cultura de inova\u00e7\u00e3o<\/li>\n<li>Mantendo pr\u00e1ticas \u00e9ticas de IA<\/li>\n<li>Garantindo transpar\u00eancia e privacidade de dados<\/li>\n<\/ul>\n\t\t\n<style>\n#text-429409795 {\n  font-size: 0.75rem;\n  color: rgb(146, 151, 160);\n}\n#text-429409795 > * {\n  color: rgb(146, 151, 160);\n}\n<\/style>\n\t<\/div>\n\t\n<div class=\"text-center\"><div class=\"is-divider divider clearfix\" style=\"max-width:100%;height:1px;background-color:#141414;\"><\/div><\/div>\n\t\t<\/div>\n\t\t\t\t\n<style>\n#col-231896500 > .col-inner {\n  padding: 30px 30px 20px 30px;\n  border-radius: 10px;\n}\n<\/style>\n\t<\/div>\n\n\t\n\n\t<div id=\"col-225144236\" class=\"col medium-4 small-12 large-4\"  >\n\t\t\t\t<div class=\"col-inner\" style=\"background-color:#0a0a0a;\" >\n\t\t\t\n\t<div class=\"is-border\"\n\t\tstyle=\"border-color:#141414;border-radius:10px;border-width:1px 1px 1px 1px;\">\n\t<\/div>\n\t\t\t\n\n\t\t<div class=\"icon-box featured-box icon-box-left text-left\"  >\n\t\t\t\t\t<div class=\"icon-box-img\" style=\"width: 20px\">\n\t\t\t\t<div class=\"icon\">\n\t\t\t\t\t<div class=\"icon-inner\" >\n\t\t\t\t\t\t<img loading=\"lazy\" decoding=\"async\" width=\"300\" height=\"300\" src=\"https:\/\/720degrees.ai\/wp-content\/uploads\/2025\/05\/Group-43000.svg\" class=\"attachment-medium size-medium\" alt=\"\" \/>\t\t\t\t\t<\/div>\n\t\t\t\t<\/div>\n\t\t\t<\/div>\n\t\t\t\t<div class=\"icon-box-text last-reset\">\n\t\t\t\t\t\t\t\t\t\n\t<div id=\"gap-1941936895\" class=\"gap-element clearfix\" style=\"display:block; height:auto;\">\n\t\t\n<style>\n#gap-1941936895 {\n  padding-top: 5px;\n}\n<\/style>\n\t<\/div>\n\t\n\t<div id=\"text-3806506907\" class=\"text\">\n\t\t\n<h3 class=\"thin-font\">Dicas de Implementa\u00e7\u00e3o Estrat\u00e9gica<\/h3>\n\t\t\n<style>\n#text-3806506907 {\n  font-size: 0.95rem;\n  color: rgb(2, 188, 188);\n}\n#text-3806506907 > * {\n  color: rgb(2, 188, 188);\n}\n@media (min-width:550px) {\n  #text-3806506907 {\n    font-size: 0.85rem;\n  }\n}\n<\/style>\n\t<\/div>\n\t\n\t<div id=\"gap-1144766909\" class=\"gap-element clearfix\" style=\"display:block; height:auto;\">\n\t\t\n<style>\n#gap-1144766909 {\n  padding-top: 1px;\n}\n<\/style>\n\t<\/div>\n\t\n\t\t<\/div>\n\t<\/div>\n\t\n\t\n\t<div id=\"gap-1079417302\" class=\"gap-element clearfix\" style=\"display:block; height:auto;\">\n\t\t\n<style>\n#gap-1079417302 {\n  padding-top: 15px;\n}\n<\/style>\n\t<\/div>\n\t\n\t<div id=\"text-4281133023\" class=\"text\">\n\t\t\n<ul>\n<li>Invista no treinamento cont\u00ednuo da equipe<\/li>\n<li>Estabele\u00e7a pol\u00edticas de IA claras e \u00e9ticas<\/li>\n<li>Promova a colabora\u00e7\u00e3o entre departamentos<\/li>\n<\/ul>\n\t\t\n<style>\n#text-4281133023 {\n  font-size: 0.75rem;\n  color: rgb(146, 151, 160);\n}\n#text-4281133023 > * {\n  color: rgb(146, 151, 160);\n}\n<\/style>\n\t<\/div>\n\t\n<div class=\"text-center\"><div class=\"is-divider divider clearfix\" style=\"max-width:100%;height:1px;background-color:#141414;\"><\/div><\/div>\n\t\t<\/div>\n\t\t\t\t\n<style>\n#col-225144236 > .col-inner {\n  padding: 30px 30px 20px 30px;\n  border-radius: 10px;\n}\n<\/style>\n\t<\/div>\n\n\t\n<\/div>\n\t\t<\/div>\n\n\t\t\n<style>\n#section_1449314969 {\n  padding-top: 60px;\n  padding-bottom: 60px;\n  background-color: #000000;\n}\n<\/style>\n\t<\/section>\n\t\n\n\t<section class=\"section sec90 has-parallax\" id=\"section_22018581\">\n\t\t<div class=\"section-bg fill\" data-parallax-container=\".section\" data-parallax-background data-parallax=\"-2\">\n\t\t\t<img loading=\"lazy\" decoding=\"async\" width=\"2079\" height=\"944\" src=\"https:\/\/720degrees.ai\/wp-content\/uploads\/2025\/06\/Rectangle-27997.jpg\" class=\"bg attachment-original size-original\" alt=\"\" \/>\t\t\t\t\t\t\n\t\t\t\n\n\t\t<\/div>\n\n\t\t\n\n\t\t<div class=\"section-content relative\">\n\t\t\t\n\n<div class=\"row align-middle align-center\"  id=\"row-2008821978\">\n\n\n\t<div id=\"col-1775560118\" class=\"col medium-3 small-12 large-3\"  >\n\t\t\t\t<div class=\"col-inner\"  >\n\t\t\t\n\t\t\t\n\n\t<div class=\"box has-hover img-radius flip  has-hover box-overlay dark box-text-bottom\" >\n\n\t\t<div class=\"box-image\" style=\"border-radius:4%;\">\n\t\t\t\t\t\t<div class=\"\" >\n\t\t\t\t<img loading=\"lazy\" decoding=\"async\" width=\"413\" height=\"600\" src=\"https:\/\/720degrees.ai\/wp-content\/uploads\/2025\/06\/1735559676_011.jpg\" class=\"attachment-original size-original\" alt=\"\" srcset=\"https:\/\/720degrees.ai\/wp-content\/uploads\/2025\/06\/1735559676_011.jpg 413w, https:\/\/720degrees.ai\/wp-content\/uploads\/2025\/06\/1735559676_011-207x300.jpg 207w\" sizes=\"auto, (max-width: 413px) 100vw, 413px\" \/>\t\t\t\t<div class=\"overlay\" style=\"background-color:rgba(53, 53, 53, 0)\"><\/div>\t\t\t\t\t\t\t<\/div>\n\t\t\t\t\t<\/div>\n\n\t\t<div class=\"box-text show-on-hover hover-blur text-center\" style=\"padding:0px 20px 50px 20px;\">\n\t\t\t<div class=\"box-text-inner\">\n\t\t\t\t\n\n\t<div id=\"text-1244936326\" class=\"text\">\n\t\t\n\n<h4>Hist\u00f3rias<\/h4>\n\n\t\t\n<style>\n#text-1244936326 {\n  text-align: left;\n}\n<\/style>\n\t<\/div>\n\t\n\t<div id=\"gap-2077543102\" class=\"gap-element clearfix\" style=\"display:block; height:auto;\">\n\t\t\n<style>\n#gap-2077543102 {\n  padding-top: 5px;\n}\n<\/style>\n\t<\/div>\n\t\n\n\t<div id=\"text-2192609531\" class=\"text\">\n\t\t\n\n<p>O que \u00e9 poss\u00edvel quando a tecnologia encontra a transforma\u00e7\u00e3o orientada por prop\u00f3sito?<\/p>\n\n\t\t\n<style>\n#text-2192609531 {\n  text-align: left;\n}\n<\/style>\n\t<\/div>\n\t\n\n\t\t\t<\/div>\n\t\t<\/div>\n\t<\/div>\n\t\n\n\t\t<\/div>\n\t\t\t\t\t<\/div>\n\n\t\n\n\t<div id=\"col-1762033703\" class=\"col medium-3 small-12 large-3\"  >\n\t\t\t\t<div class=\"col-inner\"  >\n\t\t\t\n\t\t\t\n\n\t<div class=\"box has-hover img-radius  has-hover box-overlay dark box-text-bottom\" >\n\n\t\t<div class=\"box-image\" style=\"border-radius:4%;\">\n\t\t\t\t\t\t<div class=\"\" >\n\t\t\t\t<img loading=\"lazy\" decoding=\"async\" width=\"413\" height=\"600\" src=\"https:\/\/720degrees.ai\/wp-content\/uploads\/2025\/06\/1735559842_012.jpg\" class=\"attachment-original size-original\" alt=\"\" srcset=\"https:\/\/720degrees.ai\/wp-content\/uploads\/2025\/06\/1735559842_012.jpg 413w, https:\/\/720degrees.ai\/wp-content\/uploads\/2025\/06\/1735559842_012-207x300.jpg 207w\" sizes=\"auto, (max-width: 413px) 100vw, 413px\" \/>\t\t\t\t<div class=\"overlay\" style=\"background-color:rgba(53, 53, 53, 0)\"><\/div>\t\t\t\t\t\t\t<\/div>\n\t\t\t\t\t<\/div>\n\n\t\t<div class=\"box-text show-on-hover hover-blur text-center\" style=\"padding:0px 20px 50px 20px;\">\n\t\t\t<div class=\"box-text-inner\">\n\t\t\t\t\n\n\t<div id=\"text-3649274048\" class=\"text\">\n\t\t\n\n<h4>Estudos<\/h4>\n\n\t\t\n<style>\n#text-3649274048 {\n  text-align: left;\n}\n<\/style>\n\t<\/div>\n\t\n\t<div id=\"gap-669421030\" class=\"gap-element clearfix\" style=\"display:block; height:auto;\">\n\t\t\n<style>\n#gap-669421030 {\n  padding-top: 5px;\n}\n<\/style>\n\t<\/div>\n\t\n\n\t<div id=\"text-3727657738\" class=\"text\">\n\t\t\n\n<p>O que as tend\u00eancias globais podem nos ensinar sobre a constru\u00e7\u00e3o de um futuro sustent\u00e1vel?<\/p>\n\n\t\t\n<style>\n#text-3727657738 {\n  text-align: left;\n}\n<\/style>\n\t<\/div>\n\t\n\n\t\t\t<\/div>\n\t\t<\/div>\n\t<\/div>\n\t\n\n\t\t<\/div>\n\t\t\t\t\t<\/div>\n\n\t\n\n\t<div id=\"col-1948712797\" class=\"col medium-3 small-12 large-3\"  >\n\t\t\t\t<div class=\"col-inner\"  >\n\t\t\t\n\t\t\t\n\n\t<div class=\"box has-hover img-radius  has-hover box-overlay dark box-text-bottom\" >\n\n\t\t<div class=\"box-image\" style=\"border-radius:4%;\">\n\t\t\t\t\t\t<div class=\"\" >\n\t\t\t\t<img loading=\"lazy\" decoding=\"async\" width=\"411\" height=\"600\" src=\"https:\/\/720degrees.ai\/wp-content\/uploads\/2025\/06\/1737247118_16981-1.jpg\" class=\"attachment-original size-original\" alt=\"\" srcset=\"https:\/\/720degrees.ai\/wp-content\/uploads\/2025\/06\/1737247118_16981-1.jpg 411w, https:\/\/720degrees.ai\/wp-content\/uploads\/2025\/06\/1737247118_16981-1-206x300.jpg 206w\" sizes=\"auto, (max-width: 411px) 100vw, 411px\" \/>\t\t\t\t<div class=\"overlay\" style=\"background-color:rgba(53, 53, 53, 0)\"><\/div>\t\t\t\t\t\t\t<\/div>\n\t\t\t\t\t<\/div>\n\n\t\t<div class=\"box-text show-on-hover hover-blur text-center\" style=\"padding:0px 20px 50px 20px;\">\n\t\t\t<div class=\"box-text-inner\">\n\t\t\t\t\n\n\t<div id=\"text-1293188942\" class=\"text\">\n\t\t\n\n<h4>IA em A\u00e7\u00e3o<\/h4>\n\n\t\t\n<style>\n#text-1293188942 {\n  text-align: left;\n}\n<\/style>\n\t<\/div>\n\t\n\t<div id=\"gap-1367990528\" class=\"gap-element clearfix\" style=\"display:block; height:auto;\">\n\t\t\n<style>\n#gap-1367990528 {\n  padding-top: 5px;\n}\n<\/style>\n\t<\/div>\n\t\n\n\t<div id=\"text-2138035308\" class=\"text\">\n\t\t\n\n<p>Descubra as aplica\u00e7\u00f5es reais da IA \u200b\u200bem todos os setores.<\/p>\n\n\t\t\n<style>\n#text-2138035308 {\n  text-align: left;\n}\n<\/style>\n\t<\/div>\n\t\n\n\t\t\t<\/div>\n\t\t<\/div>\n\t<\/div>\n\t\n\n\t\t<\/div>\n\t\t\t\t\t<\/div>\n\n\t\n\n\t<div id=\"col-1110135432\" class=\"col medium-3 small-12 large-3\"  >\n\t\t\t\t<div class=\"col-inner\"  >\n\t\t\t\n\t\t\t\n\n\t<div class=\"box has-hover img-radius  has-hover box-overlay dark box-text-bottom\" >\n\n\t\t<div class=\"box-image\" style=\"border-radius:4%;\">\n\t\t\t\t\t\t<div class=\"\" >\n\t\t\t\t<img loading=\"lazy\" decoding=\"async\" width=\"416\" height=\"605\" src=\"https:\/\/720degrees.ai\/wp-content\/uploads\/2025\/06\/1736200275_6303-1.jpg\" class=\"attachment-original size-original\" alt=\"\" srcset=\"https:\/\/720degrees.ai\/wp-content\/uploads\/2025\/06\/1736200275_6303-1.jpg 416w, https:\/\/720degrees.ai\/wp-content\/uploads\/2025\/06\/1736200275_6303-1-206x300.jpg 206w\" sizes=\"auto, (max-width: 416px) 100vw, 416px\" \/>\t\t\t\t<div class=\"overlay\" style=\"background-color:rgba(53, 53, 53, 0)\"><\/div>\t\t\t\t\t\t\t<\/div>\n\t\t\t\t\t<\/div>\n\n\t\t<div class=\"box-text show-on-hover hover-blur text-center\" style=\"padding:0px 20px 50px 20px;\">\n\t\t\t<div class=\"box-text-inner\">\n\t\t\t\t\n\n\t<div id=\"text-515104954\" class=\"text\">\n\t\t\n\n<h4>Perspectiva<\/h4>\n\n\t\t\n<style>\n#text-515104954 {\n  text-align: left;\n}\n<\/style>\n\t<\/div>\n\t\n\t<div id=\"gap-353366325\" class=\"gap-element clearfix\" style=\"display:block; height:auto;\">\n\t\t\n<style>\n#gap-353366325 {\n  padding-top: 5px;\n}\n<\/style>\n\t<\/div>\n\t\n\n\t<div id=\"text-1926353239\" class=\"text\">\n\t\t\n\n<p>Como a IA pode remodelar ind\u00fastrias e criar um mundo mais justo?<\/p>\n\n\t\t\n<style>\n#text-1926353239 {\n  text-align: left;\n}\n<\/style>\n\t<\/div>\n\t\n\n\t\t\t<\/div>\n\t\t<\/div>\n\t<\/div>\n\t\n\n\t\t<\/div>\n\t\t\t\t\t<\/div>\n\n\t\n\n<\/div>\n\n\t\t<\/div>\n\n\t\t\n<style>\n#section_22018581 {\n  padding-top: 60px;\n  padding-bottom: 60px;\n  background-color: rgb(0,0,0);\n}\n<\/style>\n\t<\/section>\n\t\n\n\t<section class=\"section\" id=\"section_723177485\">\n\t\t<div class=\"section-bg fill\" >\n\t\t\t\t\t\t\t\t\t\n\t\t\t\n\n\t\t<\/div>\n\n\t\t\n\n\t\t<div class=\"section-content relative\">\n\t\t\t\n<div class=\"slider-wrapper relative slide-logos\" id=\"slider-253564114\" >\n    <div class=\"slider slider-nav-circle slider-nav-large slider-nav-light slider-style-focus\"\n        data-flickity-options='{            \"cellAlign\": \"center\",            \"imagesLoaded\": true,            \"lazyLoad\": 1,            \"freeScroll\": false,            \"wrapAround\": false,            \"autoPlay\": 6000,            \"pauseAutoPlayOnHover\" : true,            \"prevNextButtons\": false,            \"contain\" : true,            \"adaptiveHeight\" : true,            \"dragThreshold\" : 10,            \"percentPosition\": true,            \"pageDots\": false,            \"rightToLeft\": false,            \"draggable\": true,            \"selectedAttraction\": 0.1,            \"parallax\" : 0,            \"friction\": 0.6        }'\n        >\n        \r\n\r\n<div class=\"row\"  id=\"row-1907248247\">\r\n\r\n\n\t<div id=\"col-951409993\" class=\"col small-12 large-12\"  >\n\t\t\t\t<div class=\"col-inner text-center\"  >\n\t\t\t\n\t\t\t\r\n\r\n\t<div class=\"img has-hover x md-x lg-x y md-y lg-y\" id=\"image_1427698400\">\n\t\t\t\t\t\t\t\t<div class=\"img-inner dark\" >\n\t\t\t<img loading=\"lazy\" decoding=\"async\" width=\"120\" height=\"85\" src=\"https:\/\/720degrees.ai\/wp-content\/uploads\/2025\/06\/KPI-Logo.svg\" class=\"attachment-original size-original\" alt=\"\" \/>\t\t\t\t\t\t\n\t\t\t\t\t<\/div>\n\t\t\t\t\t\t\t\t\n<style>\n#image_1427698400 {\n  width: 56%;\n}\n<\/style>\n\t<\/div>\n\t\r\n\r\n\r\n\t\t<\/div>\n\t\t\t\t\t<\/div>\n\n\t\r\n\r\n<\/div>\r\n<div class=\"row\"  id=\"row-1796934563\">\r\n\r\n\n\t<div id=\"col-1169937765\" class=\"col small-12 large-12\"  >\n\t\t\t\t<div class=\"col-inner\"  >\n\t\t\t\n\t\t\t\r\n\r\n\t<div class=\"img has-hover x md-x lg-x y md-y lg-y\" id=\"image_2066652852\">\n\t\t\t\t\t\t\t\t<div class=\"img-inner dark\" >\n\t\t\t<img loading=\"lazy\" decoding=\"async\" width=\"884\" height=\"69\" src=\"https:\/\/720degrees.ai\/wp-content\/uploads\/2025\/06\/Codelapa-Desenvolvimento-de-Sites-_1_.webp\" class=\"attachment-original size-original\" alt=\"\" srcset=\"https:\/\/720degrees.ai\/wp-content\/uploads\/2025\/06\/Codelapa-Desenvolvimento-de-Sites-_1_.webp 884w, https:\/\/720degrees.ai\/wp-content\/uploads\/2025\/06\/Codelapa-Desenvolvimento-de-Sites-_1_-300x23.webp 300w, https:\/\/720degrees.ai\/wp-content\/uploads\/2025\/06\/Codelapa-Desenvolvimento-de-Sites-_1_-768x60.webp 768w\" sizes=\"auto, (max-width: 884px) 100vw, 884px\" \/>\t\t\t\t\t\t\n\t\t\t\t\t<\/div>\n\t\t\t\t\t\t\t\t\n<style>\n#image_2066652852 {\n  width: 100%;\n}\n<\/style>\n\t<\/div>\n\t\r\n\r\n\r\n\t\t<\/div>\n\t\t\t\t\t<\/div>\n\n\t\r\n\r\n<\/div>\r\n<div class=\"row\"  id=\"row-1456498777\">\r\n\r\n\n\t<div id=\"col-1857263619\" class=\"col small-12 large-12\"  >\n\t\t\t\t<div class=\"col-inner\"  >\n\t\t\t\n\t\t\t\r\n\r\n\t<div class=\"img has-hover x md-x lg-x y md-y lg-y\" id=\"image_983620069\">\n\t\t\t\t\t\t\t\t<div class=\"img-inner dark\" >\n\t\t\t<img loading=\"lazy\" decoding=\"async\" width=\"1460\" height=\"616\" src=\"https:\/\/720degrees.ai\/wp-content\/uploads\/2025\/06\/e098f00f-3c66-4218-bb2e-98f4d19cadbc.png\" class=\"attachment-original size-original\" alt=\"\" srcset=\"https:\/\/720degrees.ai\/wp-content\/uploads\/2025\/06\/e098f00f-3c66-4218-bb2e-98f4d19cadbc.png 1460w, https:\/\/720degrees.ai\/wp-content\/uploads\/2025\/06\/e098f00f-3c66-4218-bb2e-98f4d19cadbc-300x127.png 300w, https:\/\/720degrees.ai\/wp-content\/uploads\/2025\/06\/e098f00f-3c66-4218-bb2e-98f4d19cadbc-1024x432.png 1024w, https:\/\/720degrees.ai\/wp-content\/uploads\/2025\/06\/e098f00f-3c66-4218-bb2e-98f4d19cadbc-768x324.png 768w\" sizes=\"auto, (max-width: 1460px) 100vw, 1460px\" \/>\t\t\t\t\t\t\n\t\t\t\t\t<\/div>\n\t\t\t\t\t\t\t\t\n<style>\n#image_983620069 {\n  width: 100%;\n}\n<\/style>\n\t<\/div>\n\t\r\n\r\n\r\n\t\t<\/div>\n\t\t\t\t\t<\/div>\n\n\t\r\n\r\n<\/div>\r\n\r\n     <\/div>\n\n     <div class=\"loading-spin dark large centered\"><\/div>\n\n\t\n<style>\n#slider-253564114 .flickity-slider > * {\n  max-width: 94%!important;\n}\n@media (min-width:550px) {\n  #slider-253564114 .flickity-slider > * {\n    max-width: 22%!important;\n  }\n}\n<\/style>\n<\/div>\n\n\r\n<div class=\"row\"  id=\"row-1063399808\">\r\n\n\t<div id=\"col-1588311727\" class=\"col small-12 large-12\"  >\n\t\t\t\t<div class=\"col-inner text-center\"  >\n\t\t\t\n\t\t\t\t\t<\/div>\n\t\t\t\t\t<\/div>\n\n\t\r\n<div align=\"center\">PARTNERS<\/div>\r\n<\/div>\r\n\n\t\t<\/div>\n\n\t\t\n<style>\n#section_723177485 {\n  padding-top: 30px;\n  padding-bottom: 30px;\n  background-color: rgb(0,0,0);\n}\n<\/style>\n\t<\/section>","protected":false},"excerpt":{"rendered":"","protected":false},"author":1,"featured_media":0,"parent":0,"menu_order":0,"comment_status":"closed","ping_status":"closed","template":"page-transparent-header.php","meta":{"inline_featured_image":false,"footnotes":""},"class_list":["post-276","page","type-page","status-publish","hentry"],"_links":{"self":[{"href":"https:\/\/720degrees.ai\/pt\/wp-json\/wp\/v2\/pages\/276","targetHints":{"allow":["GET"]}}],"collection":[{"href":"https:\/\/720degrees.ai\/pt\/wp-json\/wp\/v2\/pages"}],"about":[{"href":"https:\/\/720degrees.ai\/pt\/wp-json\/wp\/v2\/types\/page"}],"author":[{"embeddable":true,"href":"https:\/\/720degrees.ai\/pt\/wp-json\/wp\/v2\/users\/1"}],"replies":[{"embeddable":true,"href":"https:\/\/720degrees.ai\/pt\/wp-json\/wp\/v2\/comments?post=276"}],"version-history":[{"count":25,"href":"https:\/\/720degrees.ai\/pt\/wp-json\/wp\/v2\/pages\/276\/revisions"}],"predecessor-version":[{"id":892,"href":"https:\/\/720degrees.ai\/pt\/wp-json\/wp\/v2\/pages\/276\/revisions\/892"}],"wp:attachment":[{"href":"https:\/\/720degrees.ai\/pt\/wp-json\/wp\/v2\/media?parent=276"}],"curies":[{"name":"wp","href":"https:\/\/api.w.org\/{rel}","templated":true}]}}