{"id":274,"date":"2025-06-02T20:41:15","date_gmt":"2025-06-02T20:41:15","guid":{"rendered":"https:\/\/720degrees.codelapa.com\/?page_id=274"},"modified":"2026-02-12T13:15:59","modified_gmt":"2026-02-12T13:15:59","slug":"ai-strategy-advisory","status":"publish","type":"page","link":"https:\/\/720degrees.ai\/pt\/what-we-do\/artificial-intelligence\/ai-strategy-advisory\/","title":{"rendered":"Consultoria de Estrat\u00e9gia de IA"},"content":{"rendered":"<section class=\"section has-parallax\" id=\"section_1929179011\">\n\t\t<div class=\"section-bg fill\" data-parallax-container=\".section\" data-parallax-background data-parallax=\"-3\">\n\t\t\t<img loading=\"lazy\" decoding=\"async\" width=\"1440\" height=\"598\" src=\"https:\/\/720degrees.ai\/wp-content\/uploads\/2025\/06\/Background.png\" class=\"bg attachment-original size-original\" alt=\"\" \/>\t\t\t\t\t\t\n\t\t\t\n\n\t\t<\/div>\n\n\t\t\n\n\t\t<div class=\"section-content relative\">\n\t\t\t\n\t<div id=\"gap-1454548882\" class=\"gap-element clearfix\" style=\"display:block; height:auto;\">\n\t\t\n<style>\n#gap-1454548882 {\n  padding-top: 96px;\n}\n<\/style>\n\t<\/div>\n\t\n<div class=\"row align-bottom align-center\"  id=\"row-1330058306\">\n\n\t<div id=\"col-1464268520\" class=\"col medium-9 small-12 large-9\"  data-animate=\"fadeInUp\">\n\t\t\t\t<div class=\"col-inner text-center\"  >\n\t\t\t\n\t\t\t\n\t<div id=\"text-2164190489\" class=\"text brilho-titulo\">\n\t\t\n<h1>Consultoria de Estrat\u00e9gia de IA<\/h1>\n\t\t\n<style>\n#text-2164190489 {\n  font-size: 1.4rem;\n}\n@media (min-width:550px) {\n  #text-2164190489 {\n    font-size: 2rem;\n  }\n}\n<\/style>\n\t<\/div>\n\t\n\t<div id=\"gap-302205970\" class=\"gap-element clearfix\" style=\"display:block; height:auto;\">\n\t\t\n<style>\n#gap-302205970 {\n  padding-top: 1px;\n}\n<\/style>\n\t<\/div>\n\t\n\t<div id=\"text-2576445933\" class=\"text\">\n\t\t\n<h2 class=\"thin-font\">A 720 Degrees Consulting oferece estrat\u00e9gias de IA personalizadas e alinhadas aos objetivos do neg\u00f3cio. Avaliamos a prontid\u00e3o e elaboramos roteiros \u00e9ticos e sustent\u00e1veis \u200b\u200bpara impulsionar o crescimento e maximizar o ROI.<\/h2>\n\t\t\n<style>\n#text-2576445933 {\n  color: rgb(146, 151, 160);\n}\n#text-2576445933 > * {\n  color: rgb(146, 151, 160);\n}\n<\/style>\n\t<\/div>\n\t\n\t\t<\/div>\n\t\t\t\t\t<\/div>\n\n\t\n<\/div>\n\t\t<\/div>\n\n\t\t\n<style>\n#section_1929179011 {\n  padding-top: 60px;\n  padding-bottom: 60px;\n  background-color: rgb(0,0,0);\n}\n#section_1929179011 .section-bg img {\n  object-position: 46% 0%;\n}\n<\/style>\n\t<\/section>\n\t\n\n\t<section class=\"section\" id=\"section_406967823\">\n\t\t<div class=\"section-bg fill\" >\n\t\t\t\t\t\t\t\t\t\n\t\t\t\n\n\t\t<\/div>\n\n\t\t\n\n\t\t<div class=\"section-content relative\">\n\t\t\t\n<div class=\"row\"  id=\"row-20479112\">\n\n\t<div id=\"col-1027618507\" class=\"col medium-9 small-12 large-12\"  >\n\t\t\t\t<div class=\"col-inner\"  >\n\t\t\t\n\t\t\t\n\t<div id=\"text-928638426\" class=\"text\">\n\t\t\n<h3><strong>Solu\u00e7\u00f5es avan\u00e7adas de IA para decis\u00f5es empresariais mais inteligentes<\/strong><\/h3>\n\t\t\n<style>\n#text-928638426 {\n  color: #008080;\n}\n#text-928638426 > * {\n  color: #008080;\n}\n<\/style>\n\t<\/div>\n\t\n\t<div id=\"text-2234092976\" class=\"text\">\n\t\t\n<p>Estrat\u00e9gias personalizadas de IA para impulsionar o crescimento com impacto \u00e9tico e sustent\u00e1vel e forte ROI.<\/p>\n\t\t\n<style>\n#text-2234092976 {\n  color: rgb(146, 151, 160);\n}\n#text-2234092976 > * {\n  color: rgb(146, 151, 160);\n}\n<\/style>\n\t<\/div>\n\t\n\t\t<\/div>\n\t\t\t\t\t<\/div>\n\n\t\n<\/div>\n<div class=\"row align-equal\"  id=\"row-1294168471\">\n\n\t<div id=\"col-325254222\" class=\"col medium-9 small-12 large-9\"  >\n\t\t\t\t<div class=\"col-inner\"  >\n\t\t\t\n\t\t\t\n\t<div id=\"gap-86942118\" class=\"gap-element clearfix\" style=\"display:block; height:auto;\">\n\t\t\n<style>\n#gap-86942118 {\n  padding-top: 6px;\n}\n<\/style>\n\t<\/div>\n\t\n\t\t<\/div>\n\t\t\t\t\t<\/div>\n\n\t\n\n\t<div id=\"col-1403938832\" class=\"col medium-4 small-12 large-4\"  data-animate=\"fadeInUp\">\n\t\t\t\t<div class=\"col-inner text-center dark\" style=\"background-color:rgb(10, 10, 10);\" >\n\t\t\t\n\t<div class=\"is-border\"\n\t\tstyle=\"border-color:rgb(18, 18, 18);border-radius:20px;border-width:1px 1px 1px 1px;\">\n\t<\/div>\n\t\t\t\n\n\t\t<div class=\"icon-box featured-box icon-box-left text-left\"  >\n\t\t\t\t\t<div class=\"icon-box-img\" style=\"width: 30px\">\n\t\t\t\t<div class=\"icon\">\n\t\t\t\t\t<div class=\"icon-inner\" >\n\t\t\t\t\t\t<img loading=\"lazy\" decoding=\"async\" width=\"300\" height=\"300\" src=\"https:\/\/720degrees.ai\/wp-content\/uploads\/2025\/05\/Group-43000.svg\" class=\"attachment-medium size-medium\" alt=\"\" \/>\t\t\t\t\t<\/div>\n\t\t\t\t<\/div>\n\t\t\t<\/div>\n\t\t\t\t<div class=\"icon-box-text last-reset\">\n\t\t\t\t\t\t\t\t\t\n\t<div id=\"text-1990242048\" class=\"text uppercase\">\n\t\t\n<p style=\"height:50px;\">Liberando o potencial de neg\u00f3cios com estrat\u00e9gias que priorizam a IA<\/p>\n\t\t\n<style>\n#text-1990242048 {\n  color: rgb(0, 254, 254);\n}\n#text-1990242048 > * {\n  color: rgb(0, 254, 254);\n}\n<\/style>\n\t<\/div>\n\t\n\t\t<\/div>\n\t<\/div>\n\t\n\t\n\t<div id=\"gap-588462553\" class=\"gap-element clearfix\" style=\"display:block; height:auto;\">\n\t\t\n<style>\n#gap-588462553 {\n  padding-top: 15px;\n}\n<\/style>\n\t<\/div>\n\t\n\t<div id=\"text-468491124\" class=\"text\">\n\t\t\n<p style=\"height:130px;\">Descubra como a 720 Degrees Consulting ajuda as organiza\u00e7\u00f5es a aproveitar a intelig\u00eancia artificial por meio de estrat\u00e9gias personalizadas que se alinham com seus objetivos, impulsionando<\/p>\n\t\t\n<style>\n#text-468491124 {\n  text-align: left;\n  color: rgb(146, 151, 160);\n}\n#text-468491124 > * {\n  color: rgb(146, 151, 160);\n}\n<\/style>\n\t<\/div>\n\t\n<div class=\"text-center\"><div class=\"is-divider divider clearfix\" style=\"max-width:100%;height:1px;background-color:#121212;\"><\/div><\/div>\n<a href=\"\/pt\/contact-us\/\" class=\"button primary is-outline is-small box-shadow-5-hover lowercase\"  style=\"border-radius:10px;padding:5px 40px 5px 40px;\">\n\t\t<span>Comece agora<\/span>\n\t<\/a>\n\n\t\t<\/div>\n\t\t\t\t\n<style>\n#col-1403938832 > .col-inner {\n  padding: 30px 20px 30px 20px;\n  border-radius: 14px;\n}\n<\/style>\n\t<\/div>\n\n\t\n\n\t<div id=\"col-1967774085\" class=\"col medium-4 small-12 large-4\"  data-animate=\"fadeInUp\">\n\t\t\t\t<div class=\"col-inner text-center dark\" style=\"background-color:rgb(10, 10, 10);\" >\n\t\t\t\n\t<div class=\"is-border\"\n\t\tstyle=\"border-color:rgb(18, 18, 18);border-radius:20px;border-width:1px 1px 1px 1px;\">\n\t<\/div>\n\t\t\t\n\n\t\t<div class=\"icon-box featured-box icon-box-left text-left\"  >\n\t\t\t\t\t<div class=\"icon-box-img\" style=\"width: 30px\">\n\t\t\t\t<div class=\"icon\">\n\t\t\t\t\t<div class=\"icon-inner\" >\n\t\t\t\t\t\t<img loading=\"lazy\" decoding=\"async\" width=\"300\" height=\"300\" src=\"https:\/\/720degrees.ai\/wp-content\/uploads\/2025\/05\/Group-43000.svg\" class=\"attachment-medium size-medium\" alt=\"\" \/>\t\t\t\t\t<\/div>\n\t\t\t\t<\/div>\n\t\t\t<\/div>\n\t\t\t\t<div class=\"icon-box-text last-reset\">\n\t\t\t\t\t\t\t\t\t\n\t<div id=\"text-1797344697\" class=\"text uppercase\">\n\t\t\n<p style=\"height:50px;\">Integra\u00e7\u00e3o Respons\u00e1vel de IA para Crescimento Sustent\u00e1vel<\/p>\n\t\t\n<style>\n#text-1797344697 {\n  color: rgb(0, 254, 254);\n}\n#text-1797344697 > * {\n  color: rgb(0, 254, 254);\n}\n<\/style>\n\t<\/div>\n\t\n\t\t<\/div>\n\t<\/div>\n\t\n\t\n\t<div id=\"gap-211701027\" class=\"gap-element clearfix\" style=\"display:block; height:auto;\">\n\t\t\n<style>\n#gap-211701027 {\n  padding-top: 15px;\n}\n<\/style>\n\t<\/div>\n\t\n\t<div id=\"text-3983936690\" class=\"text\">\n\t\t\n<p style=\"height:130px;\">Saiba como nossa Consultoria de Estrat\u00e9gia de IA avalia sua prontid\u00e3o e cria roteiros \u00e9ticos e baseados em insights para um sucesso transformador de longo prazo.<\/p>\n\t\t\n<style>\n#text-3983936690 {\n  text-align: left;\n  color: rgb(146, 151, 160);\n}\n#text-3983936690 > * {\n  color: rgb(146, 151, 160);\n}\n<\/style>\n\t<\/div>\n\t\n<div class=\"text-center\"><div class=\"is-divider divider clearfix\" style=\"max-width:100%;height:1px;background-color:#121212;\"><\/div><\/div>\n<p><!--&#091;gap height=\"25px\" visibility=\"hide-for-medium\"&#093;--><\/p>\n<a href=\"\/pt\/contact-us\/\" class=\"button primary is-outline is-small box-shadow-5-hover lowercase\"  style=\"border-radius:10px;padding:5px 40px 5px 40px;\">\n\t\t<span>Comece agora<\/span>\n\t<\/a>\n\n\t\t<\/div>\n\t\t\t\t\n<style>\n#col-1967774085 > .col-inner {\n  padding: 30px 20px 30px 20px;\n  border-radius: 14px;\n}\n<\/style>\n\t<\/div>\n\n\t\n\n\t<div id=\"col-940632098\" class=\"col medium-4 small-12 large-4\"  data-animate=\"fadeInUp\">\n\t\t\t\t<div class=\"col-inner text-center dark\" style=\"background-color:rgb(10, 10, 10);\" >\n\t\t\t\n\t<div class=\"is-border\"\n\t\tstyle=\"border-color:rgb(18, 18, 18);border-radius:20px;border-width:1px 1px 1px 1px;\">\n\t<\/div>\n\t\t\t\n\n\t\t<div class=\"icon-box featured-box icon-box-left text-left\"  >\n\t\t\t\t\t<div class=\"icon-box-img\" style=\"width: 30px\">\n\t\t\t\t<div class=\"icon\">\n\t\t\t\t\t<div class=\"icon-inner\" >\n\t\t\t\t\t\t<img loading=\"lazy\" decoding=\"async\" width=\"300\" height=\"300\" src=\"https:\/\/720degrees.ai\/wp-content\/uploads\/2025\/05\/Group-43000.svg\" class=\"attachment-medium size-medium\" alt=\"\" \/>\t\t\t\t\t<\/div>\n\t\t\t\t<\/div>\n\t\t\t<\/div>\n\t\t\t\t<div class=\"icon-box-text last-reset\">\n\t\t\t\t\t\t\t\t\t\n\t<div id=\"text-561060904\" class=\"text uppercase\">\n\t\t\n<p style=\"height:50px;\">Maximize o ROI por meio de solu\u00e7\u00f5es de IA personalizadas<\/p>\n\t\t\n<style>\n#text-561060904 {\n  color: rgb(0, 254, 254);\n}\n#text-561060904 > * {\n  color: rgb(0, 254, 254);\n}\n<\/style>\n\t<\/div>\n\t\n\t\t<\/div>\n\t<\/div>\n\t\n\t\n\t<div id=\"gap-123483561\" class=\"gap-element clearfix\" style=\"display:block; height:auto;\">\n\t\t\n<style>\n#gap-123483561 {\n  padding-top: 15px;\n}\n<\/style>\n\t<\/div>\n\t\n\t<div id=\"text-1202062193\" class=\"text\">\n\t\t\n<p style=\"height:130px;\">Descubra como capacitamos empresas otimizando pessoas, processos e tecnologias para alcan\u00e7ar implanta\u00e7\u00e3o de IA de alto impacto e retornos sustent\u00e1veis.<\/p>\n\t\t\n<style>\n#text-1202062193 {\n  text-align: left;\n  color: rgb(146, 151, 160);\n}\n#text-1202062193 > * {\n  color: rgb(146, 151, 160);\n}\n<\/style>\n\t<\/div>\n\t\n<div class=\"text-center\"><div class=\"is-divider divider clearfix\" style=\"max-width:100%;height:1px;background-color:#121212;\"><\/div><\/div>\n<p><!--&#091;gap height=\"25px\" visibility=\"hide-for-medium\"&#093;--><\/p>\n<a href=\"\/pt\/contact-us\/\" class=\"button primary is-outline is-small box-shadow-5-hover lowercase\"  style=\"border-radius:10px;padding:5px 40px 5px 40px;\">\n\t\t<span>Comece agora<\/span>\n\t<\/a>\n\n\t\t<\/div>\n\t\t\t\t\n<style>\n#col-940632098 > .col-inner {\n  padding: 30px 20px 30px 20px;\n  border-radius: 14px;\n}\n<\/style>\n\t<\/div>\n\n\t\n<\/div>\n\t\t<\/div>\n\n\t\t\n<style>\n#section_406967823 {\n  padding-top: 30px;\n  padding-bottom: 30px;\n  background-color: rgb(0,0,0);\n}\n<\/style>\n\t<\/section>\n\t\n\n\t<section class=\"section sec90\" id=\"section_1230993581\">\n\t\t<div class=\"section-bg fill\" >\n\t\t\t<img loading=\"lazy\" decoding=\"async\" width=\"1386\" height=\"832\" src=\"https:\/\/720degrees.ai\/wp-content\/uploads\/2025\/06\/Rectangle-27997.svg\" class=\"bg attachment-original size-original\" alt=\"\" \/>\t\t\t\t\t\t\n\t\t\t\n\n\t\t<\/div>\n\n\t\t\n\n\t\t<div class=\"section-content relative\">\n\t\t\t\n<div class=\"slider-wrapper relative slide-logos\" id=\"slider-1218932222\" >\n    <div class=\"slider slider-nav-circle slider-nav-large slider-nav-light slider-style-focus\"\n        data-flickity-options='{            \"cellAlign\": \"center\",            \"imagesLoaded\": true,            \"lazyLoad\": 1,            \"freeScroll\": false,            \"wrapAround\": false,            \"autoPlay\": 6000,            \"pauseAutoPlayOnHover\" : true,            \"prevNextButtons\": false,            \"contain\" : true,            \"adaptiveHeight\" : true,            \"dragThreshold\" : 10,            \"percentPosition\": true,            \"pageDots\": false,            \"rightToLeft\": false,            \"draggable\": true,            \"selectedAttraction\": 0.1,            \"parallax\" : 0,            \"friction\": 0.6        }'\n        >\n        \r\n\r\n<div class=\"row\"  id=\"row-1835738166\">\r\n\r\n\n\t<div id=\"col-43751984\" class=\"col small-12 large-12\"  >\n\t\t\t\t<div class=\"col-inner text-center\"  >\n\t\t\t\n\t\t\t\r\n\r\n\t<div class=\"img has-hover x md-x lg-x y md-y lg-y\" id=\"image_296608300\">\n\t\t\t\t\t\t\t\t<div class=\"img-inner dark\" >\n\t\t\t<img loading=\"lazy\" decoding=\"async\" width=\"120\" height=\"85\" src=\"https:\/\/720degrees.ai\/wp-content\/uploads\/2025\/06\/KPI-Logo.svg\" class=\"attachment-original size-original\" alt=\"\" \/>\t\t\t\t\t\t\n\t\t\t\t\t<\/div>\n\t\t\t\t\t\t\t\t\n<style>\n#image_296608300 {\n  width: 56%;\n}\n<\/style>\n\t<\/div>\n\t\r\n\r\n\r\n\t\t<\/div>\n\t\t\t\t\t<\/div>\n\n\t\r\n\r\n<\/div>\r\n<div class=\"row\"  id=\"row-258653582\">\r\n\r\n\n\t<div id=\"col-1264899362\" class=\"col small-12 large-12\"  >\n\t\t\t\t<div class=\"col-inner\"  >\n\t\t\t\n\t\t\t\r\n\r\n\t<div class=\"img has-hover x md-x lg-x y md-y lg-y\" id=\"image_12548273\">\n\t\t\t\t\t\t\t\t<div class=\"img-inner dark\" >\n\t\t\t<img loading=\"lazy\" decoding=\"async\" width=\"884\" height=\"69\" src=\"https:\/\/720degrees.ai\/wp-content\/uploads\/2025\/06\/Codelapa-Desenvolvimento-de-Sites-_1_.webp\" class=\"attachment-original size-original\" alt=\"\" srcset=\"https:\/\/720degrees.ai\/wp-content\/uploads\/2025\/06\/Codelapa-Desenvolvimento-de-Sites-_1_.webp 884w, https:\/\/720degrees.ai\/wp-content\/uploads\/2025\/06\/Codelapa-Desenvolvimento-de-Sites-_1_-300x23.webp 300w, https:\/\/720degrees.ai\/wp-content\/uploads\/2025\/06\/Codelapa-Desenvolvimento-de-Sites-_1_-768x60.webp 768w\" sizes=\"auto, (max-width: 884px) 100vw, 884px\" \/>\t\t\t\t\t\t\n\t\t\t\t\t<\/div>\n\t\t\t\t\t\t\t\t\n<style>\n#image_12548273 {\n  width: 100%;\n}\n<\/style>\n\t<\/div>\n\t\r\n\r\n\r\n\t\t<\/div>\n\t\t\t\t\t<\/div>\n\n\t\r\n\r\n<\/div>\r\n<div class=\"row\"  id=\"row-1467080346\">\r\n\r\n\n\t<div id=\"col-1218738017\" class=\"col small-12 large-12\"  >\n\t\t\t\t<div class=\"col-inner\"  >\n\t\t\t\n\t\t\t\r\n\r\n\t<div class=\"img has-hover x md-x lg-x y md-y lg-y\" id=\"image_1257701782\">\n\t\t\t\t\t\t\t\t<div class=\"img-inner dark\" >\n\t\t\t<img loading=\"lazy\" decoding=\"async\" width=\"1460\" height=\"616\" src=\"https:\/\/720degrees.ai\/wp-content\/uploads\/2025\/06\/e098f00f-3c66-4218-bb2e-98f4d19cadbc.png\" class=\"attachment-original size-original\" alt=\"\" srcset=\"https:\/\/720degrees.ai\/wp-content\/uploads\/2025\/06\/e098f00f-3c66-4218-bb2e-98f4d19cadbc.png 1460w, https:\/\/720degrees.ai\/wp-content\/uploads\/2025\/06\/e098f00f-3c66-4218-bb2e-98f4d19cadbc-300x127.png 300w, https:\/\/720degrees.ai\/wp-content\/uploads\/2025\/06\/e098f00f-3c66-4218-bb2e-98f4d19cadbc-1024x432.png 1024w, https:\/\/720degrees.ai\/wp-content\/uploads\/2025\/06\/e098f00f-3c66-4218-bb2e-98f4d19cadbc-768x324.png 768w\" sizes=\"auto, (max-width: 1460px) 100vw, 1460px\" \/>\t\t\t\t\t\t\n\t\t\t\t\t<\/div>\n\t\t\t\t\t\t\t\t\n<style>\n#image_1257701782 {\n  width: 100%;\n}\n<\/style>\n\t<\/div>\n\t\r\n\r\n\r\n\t\t<\/div>\n\t\t\t\t\t<\/div>\n\n\t\r\n\r\n<\/div>\r\n\r\n     <\/div>\n\n     <div class=\"loading-spin dark large centered\"><\/div>\n\n\t\n<style>\n#slider-1218932222 .flickity-slider > * {\n  max-width: 94%!important;\n}\n@media (min-width:550px) {\n  #slider-1218932222 .flickity-slider > * {\n    max-width: 22%!important;\n  }\n}\n<\/style>\n<\/div>\n\n\r\n<div class=\"row\"  id=\"row-1043368197\">\r\n\n\t<div id=\"col-2073708955\" class=\"col small-12 large-12\"  >\n\t\t\t\t<div class=\"col-inner text-center\"  >\n\t\t\t\n\t\t\t\t\t<\/div>\n\t\t\t\t\t<\/div>\n\n\t\r\n<div align=\"center\">PARTNERS<\/div>\r\n<\/div>\r\n\n\t<div id=\"gap-1114807264\" class=\"gap-element clearfix\" style=\"display:block; height:auto;\">\n\t\t\n<style>\n#gap-1114807264 {\n  padding-top: 67px;\n}\n<\/style>\n\t<\/div>\n\t\n\t<div id=\"gap-948207095\" class=\"gap-element clearfix\" style=\"display:block; height:auto;\">\n\t\t\n<style>\n#gap-948207095 {\n  padding-top: 12px;\n}\n<\/style>\n\t<\/div>\n\t\n<div class=\"slider-wrapper relative slide-what\" id=\"slider-347064716\" >\n    <div class=\"slider slider-nav-circle slider-nav-large slider-nav-dark slider-style-focus\"\n        data-flickity-options='{            \"cellAlign\": \"center\",            \"imagesLoaded\": true,            \"lazyLoad\": 1,            \"freeScroll\": false,            \"wrapAround\": false,            \"autoPlay\": 6000,            \"pauseAutoPlayOnHover\" : true,            \"prevNextButtons\": false,            \"contain\" : true,            \"adaptiveHeight\" : true,            \"dragThreshold\" : 10,            \"percentPosition\": true,            \"pageDots\": false,            \"rightToLeft\": false,            \"draggable\": true,            \"selectedAttraction\": 0.1,            \"parallax\" : 0,            \"friction\": 0.6        }'\n        >\n        \n<div class=\"row row-large align-equal align-center\"  id=\"row-1027687951\">\n\n\t<div id=\"col-1561619906\" class=\"col gradiente-col small-12 large-12\"  >\n\t\t\t\t<div class=\"col-inner text-left dark\" style=\"background-color:#1d1e21;\" >\n\t\t\t\n\t\t\t\n\t<div class=\"box has-hover   has-hover box-text-bottom\" >\n\n\t\t<div class=\"box-image\" style=\"border-radius:4%;\">\n\t\t\t\t\t\t<div class=\"image-cover\" style=\"padding-top:200px;\">\n\t\t\t\t<img loading=\"lazy\" decoding=\"async\" width=\"1254\" height=\"836\" src=\"https:\/\/720degrees.ai\/wp-content\/uploads\/2025\/06\/iStock-1919982861.jpg\" class=\"attachment-original size-original\" alt=\"\" srcset=\"https:\/\/720degrees.ai\/wp-content\/uploads\/2025\/06\/iStock-1919982861.jpg 1254w, https:\/\/720degrees.ai\/wp-content\/uploads\/2025\/06\/iStock-1919982861-300x200.jpg 300w, https:\/\/720degrees.ai\/wp-content\/uploads\/2025\/06\/iStock-1919982861-1024x683.jpg 1024w, https:\/\/720degrees.ai\/wp-content\/uploads\/2025\/06\/iStock-1919982861-768x512.jpg 768w\" sizes=\"auto, (max-width: 1254px) 100vw, 1254px\" \/>\t\t\t\t<div class=\"overlay\" style=\"background-color:rgba(206, 206, 206, 0)\"><\/div>\t\t\t\t\t\t\t<\/div>\n\t\t\t\t\t<\/div>\n\n\t\t<div class=\"box-text text-center\" style=\"padding:15px 0px 0px 0px;\">\n\t\t\t<div class=\"box-text-inner\">\n\t\t\t\t\n\t<div id=\"text-1142803553\" class=\"text\">\n\t\t\n<h3>Habilitar e implementar IA<\/h3>\n\t\t\n<style>\n#text-1142803553 {\n  font-size: 1.5rem;\n  text-align: left;\n  color: rgb(2, 188, 188);\n}\n#text-1142803553 > * {\n  color: rgb(2, 188, 188);\n}\n@media (min-width:550px) {\n  #text-1142803553 {\n    font-size: 1rem;\n  }\n}\n<\/style>\n\t<\/div>\n\t\n\t<div id=\"gap-619876575\" class=\"gap-element clearfix\" style=\"display:block; height:auto;\">\n\t\t\n<style>\n#gap-619876575 {\n  padding-top: 1px;\n}\n<\/style>\n\t<\/div>\n\t\n\t<div id=\"text-4010757980\" class=\"text\">\n\t\t\n<p>Transformamos sua vis\u00e3o em realidade com solu\u00e7\u00f5es de IA personalizadas [\u2026]\n\t\t\n<style>\n#text-4010757980 {\n  text-align: left;\n}\n<\/style>\n\t<\/div>\n\t\n<a href=\"\/pt\/what-we-do\/artificial-intelligence\/ai-enable-and-implement\/\" class=\"button primary is-link is-small box-shadow-5-hover lowercase\"  style=\"border-radius:10px;padding:5px 40px 5px 0px;\">\n\t\t<span>Saiba mais<\/span>\n\t<i class=\"icon-angle-right\" aria-hidden=\"true\" ><\/i><\/a>\n\n\t\t\t<\/div>\n\t\t<\/div>\n\t<\/div>\n\t\n\t\t<\/div>\n\t\t\t\t\n<style>\n#col-1561619906 > .col-inner {\n  padding: 10px 10px 10px 10px;\n}\n<\/style>\n\t<\/div>\n\n\t\n\n<style>\n#row-1027687951 > .col > .col-inner {\n  border-radius: 21px;\n}\n<\/style>\n<\/div>\n<div class=\"row row-large align-equal align-center\"  id=\"row-109979517\">\n\n\t<div id=\"col-386636208\" class=\"col gradiente-col small-12 large-12\"  >\n\t\t\t\t<div class=\"col-inner text-left dark\" style=\"background-color:#1d1e21;\" >\n\t\t\t\n\t\t\t\n\t<div class=\"box has-hover   has-hover box-text-bottom\" >\n\n\t\t<div class=\"box-image\" style=\"border-radius:4%;\">\n\t\t\t\t\t\t<div class=\"image-cover\" style=\"padding-top:200px;\">\n\t\t\t\t<img loading=\"lazy\" decoding=\"async\" width=\"1284\" height=\"817\" src=\"https:\/\/720degrees.ai\/wp-content\/uploads\/2025\/06\/iStock-1447084057.jpg\" class=\"attachment-original size-original\" alt=\"\" srcset=\"https:\/\/720degrees.ai\/wp-content\/uploads\/2025\/06\/iStock-1447084057.jpg 1284w, https:\/\/720degrees.ai\/wp-content\/uploads\/2025\/06\/iStock-1447084057-300x191.jpg 300w, https:\/\/720degrees.ai\/wp-content\/uploads\/2025\/06\/iStock-1447084057-1024x652.jpg 1024w, https:\/\/720degrees.ai\/wp-content\/uploads\/2025\/06\/iStock-1447084057-768x489.jpg 768w\" sizes=\"auto, (max-width: 1284px) 100vw, 1284px\" \/>\t\t\t\t<div class=\"overlay\" style=\"background-color:rgba(206, 206, 206, 0)\"><\/div>\t\t\t\t\t\t\t<\/div>\n\t\t\t\t\t<\/div>\n\n\t\t<div class=\"box-text text-center\" style=\"padding:15px 0px 0px 0px;\">\n\t\t\t<div class=\"box-text-inner\">\n\t\t\t\t\n\t<div id=\"text-1184292087\" class=\"text\">\n\t\t\n<h3>Modelagem, treinamento e infer\u00eancia de IA<\/h3>\n\t\t\n<style>\n#text-1184292087 {\n  font-size: 1.5rem;\n  text-align: left;\n  color: rgb(2, 188, 188);\n}\n#text-1184292087 > * {\n  color: rgb(2, 188, 188);\n}\n@media (min-width:550px) {\n  #text-1184292087 {\n    font-size: 1rem;\n  }\n}\n<\/style>\n\t<\/div>\n\t\n\t<div id=\"gap-1571255277\" class=\"gap-element clearfix\" style=\"display:block; height:auto;\">\n\t\t\n<style>\n#gap-1571255277 {\n  padding-top: 1px;\n}\n<\/style>\n\t<\/div>\n\t\n\t<div id=\"text-3895518435\" class=\"text\">\n\t\t\n<p>A 720 Degrees desenvolve modelos avan\u00e7ados de IA \u2014 preditivos [\u2026]\n\t\t\n<style>\n#text-3895518435 {\n  text-align: left;\n}\n<\/style>\n\t<\/div>\n\t\n<a href=\"\/pt\/what-we-do\/artificial-intelligence\/ai-modelling-and-training\/\" class=\"button primary is-link is-small box-shadow-5-hover lowercase\"  style=\"border-radius:10px;padding:5px 40px 5px 0px;\">\n\t\t<span>Saiba mais<\/span>\n\t<i class=\"icon-angle-right\" aria-hidden=\"true\" ><\/i><\/a>\n\n\t\t\t<\/div>\n\t\t<\/div>\n\t<\/div>\n\t\n\t\t<\/div>\n\t\t\t\t\n<style>\n#col-386636208 > .col-inner {\n  padding: 10px 10px 10px 10px;\n}\n<\/style>\n\t<\/div>\n\n\t\n\n<style>\n#row-109979517 > .col > .col-inner {\n  border-radius: 21px;\n}\n<\/style>\n<\/div>\n<div class=\"row row-large align-equal align-center\"  id=\"row-1032427624\">\n\n\t<div id=\"col-1327974340\" class=\"col gradiente-col small-12 large-12\"  >\n\t\t\t\t<div class=\"col-inner text-left dark\" style=\"background-color:#1d1e21;\" >\n\t\t\t\n\t\t\t\n\t<div class=\"box has-hover   has-hover box-text-bottom\" >\n\n\t\t<div class=\"box-image\" style=\"border-radius:4%;\">\n\t\t\t\t\t\t<div class=\"image-cover\" style=\"padding-top:200px;\">\n\t\t\t\t<img loading=\"lazy\" decoding=\"async\" width=\"1336\" height=\"784\" src=\"https:\/\/720degrees.ai\/wp-content\/uploads\/2025\/06\/iStock-2202094405.jpg\" class=\"attachment-original size-original\" alt=\"\" srcset=\"https:\/\/720degrees.ai\/wp-content\/uploads\/2025\/06\/iStock-2202094405.jpg 1336w, https:\/\/720degrees.ai\/wp-content\/uploads\/2025\/06\/iStock-2202094405-300x176.jpg 300w, https:\/\/720degrees.ai\/wp-content\/uploads\/2025\/06\/iStock-2202094405-1024x601.jpg 1024w, https:\/\/720degrees.ai\/wp-content\/uploads\/2025\/06\/iStock-2202094405-768x451.jpg 768w\" sizes=\"auto, (max-width: 1336px) 100vw, 1336px\" \/>\t\t\t\t<div class=\"overlay\" style=\"background-color:rgba(206, 206, 206, 0)\"><\/div>\t\t\t\t\t\t\t<\/div>\n\t\t\t\t\t<\/div>\n\n\t\t<div class=\"box-text text-center\" style=\"padding:15px 0px 0px 0px;\">\n\t\t\t<div class=\"box-text-inner\">\n\t\t\t\t\n\t<div id=\"text-1831812204\" class=\"text\">\n\t\t\n<h3>Automa\u00e7\u00e3o Multiagente<\/p>\n\t\t\n<style>\n#text-1831812204 {\n  font-size: 1.5rem;\n  text-align: left;\n  color: rgb(2, 188, 188);\n}\n#text-1831812204 > * {\n  color: rgb(2, 188, 188);\n}\n@media (min-width:550px) {\n  #text-1831812204 {\n    font-size: 1rem;\n  }\n}\n<\/style>\n\t<\/div>\n\t\n\t<div id=\"gap-1012826762\" class=\"gap-element clearfix\" style=\"display:block; height:auto;\">\n\t\t\n<style>\n#gap-1012826762 {\n  padding-top: 1px;\n}\n<\/style>\n\t<\/div>\n\t\n\t<div id=\"text-445144783\" class=\"text\">\n\t\t\n<p>N\u00f3s capacitamos seu neg\u00f3cio com Automa\u00e7\u00e3o Multiagente [\u2026]\n\t\t\n<style>\n#text-445144783 {\n  text-align: left;\n}\n<\/style>\n\t<\/div>\n\t\n<a href=\"\/pt\/what-we-do\/artificial-intelligence\/ai-modelling-training-and-inference\/\" class=\"button primary is-link is-small box-shadow-5-hover lowercase\"  style=\"border-radius:10px;padding:5px 40px 5px 0px;\">\n\t\t<span>Saiba mais<\/span>\n\t<i class=\"icon-angle-right\" aria-hidden=\"true\" ><\/i><\/a>\n\n\t\t\t<\/div>\n\t\t<\/div>\n\t<\/div>\n\t\n\t\t<\/div>\n\t\t\t\t\n<style>\n#col-1327974340 > .col-inner {\n  padding: 10px 10px 10px 10px;\n}\n<\/style>\n\t<\/div>\n\n\t\n\n<style>\n#row-1032427624 > .col > .col-inner {\n  border-radius: 21px;\n}\n<\/style>\n<\/div>\n     <\/div>\n\n     <div class=\"loading-spin dark large centered\"><\/div>\n\n\t\n<style>\n#slider-347064716 .flickity-slider > * {\n  max-width: 100%!important;\n}\n@media (min-width:550px) {\n  #slider-347064716 .flickity-slider > * {\n    max-width: 33%!important;\n  }\n}\n<\/style>\n<\/div>\n\n\n\t\t<\/div>\n\n\t\t\n<style>\n#section_1230993581 {\n  padding-top: 30px;\n  padding-bottom: 30px;\n  background-color: rgb(0,0,0);\n}\n#section_1230993581 .section-bg img {\n  object-position: 58% 0%;\n}\n<\/style>\n\t<\/section>","protected":false},"excerpt":{"rendered":"","protected":false},"author":1,"featured_media":0,"parent":380,"menu_order":0,"comment_status":"closed","ping_status":"closed","template":"page-transparent-header.php","meta":{"inline_featured_image":false,"footnotes":""},"class_list":["post-274","page","type-page","status-publish","hentry"],"_links":{"self":[{"href":"https:\/\/720degrees.ai\/pt\/wp-json\/wp\/v2\/pages\/274","targetHints":{"allow":["GET"]}}],"collection":[{"href":"https:\/\/720degrees.ai\/pt\/wp-json\/wp\/v2\/pages"}],"about":[{"href":"https:\/\/720degrees.ai\/pt\/wp-json\/wp\/v2\/types\/page"}],"author":[{"embeddable":true,"href":"https:\/\/720degrees.ai\/pt\/wp-json\/wp\/v2\/users\/1"}],"replies":[{"embeddable":true,"href":"https:\/\/720degrees.ai\/pt\/wp-json\/wp\/v2\/comments?post=274"}],"version-history":[{"count":68,"href":"https:\/\/720degrees.ai\/pt\/wp-json\/wp\/v2\/pages\/274\/revisions"}],"predecessor-version":[{"id":1466,"href":"https:\/\/720degrees.ai\/pt\/wp-json\/wp\/v2\/pages\/274\/revisions\/1466"}],"up":[{"embeddable":true,"href":"https:\/\/720degrees.ai\/pt\/wp-json\/wp\/v2\/pages\/380"}],"wp:attachment":[{"href":"https:\/\/720degrees.ai\/pt\/wp-json\/wp\/v2\/media?parent=274"}],"curies":[{"name":"wp","href":"https:\/\/api.w.org\/{rel}","templated":true}]}}