{"id":1307,"date":"2025-08-06T23:47:42","date_gmt":"2025-08-06T23:47:42","guid":{"rendered":"https:\/\/720degrees.ai\/?page_id=1307"},"modified":"2025-08-12T18:32:23","modified_gmt":"2025-08-12T18:32:23","slug":"source","status":"publish","type":"page","link":"https:\/\/720degrees.ai\/pt\/source\/","title":{"rendered":"Source"},"content":{"rendered":"<section class=\"section\" id=\"section_330866416\">\n\t\t<div class=\"section-bg fill\" >\n\t\t\t\t\t\t\t\t\t\n\t\t\t\n\n\t\t<\/div>\n\n\t\t\n\n\t\t<div class=\"section-content relative\">\n\t\t\t\n<div class=\"row\"  id=\"row-128873190\">\n\n\t<div id=\"col-1128585379\" class=\"col small-12 large-12\"  >\n\t\t\t\t<div class=\"col-inner\"  >\n\t\t\t\n\t\t\t\n\n[<br \/>\n    {<br \/>\n        &#8220;ProductName&#8221;: &#8220;IVAHART&#8221;,<br \/>\n        &#8220;RegularizationNumber&#8221;: &#8220;105250090&#8221;,<br \/>\n        &#8220;RegularizationDate&#8221;: &#8220;07\/06\/2021&#8221;,<br \/>\n        &#8220;CNPJ&#8221;: &#8220;33.078.528\/0001-32&#8221;,<br \/>\n        &#8220;CaseNumber&#8221;: &#8220;25351.679486\/2018-91&#8221;,<br \/>\n        &#8220;RegularizationDueDate&#8221;: &#8220;06\/2031&#8221;,<br \/>\n        &#8220;CloneDetails&#8221;: &#8220;{&#8220;Clones&#8221;: [{&#8220;Name&#8221;: &#8220;cloridrato de ivabradina&#8221;, &#8220;Process Number&#8221;: &#8220;25351.866933\/2021-46&#8221;, &#8220;Clone URL&#8221;: &#8220;https:\/\/consultas.anvisa.gov.br\/#\/medicamentos\/2963585&#8221;}], &#8220;Clone&#8221;: &#8220;2. Clone Product Name: cloridrato de ivabradina\\n Clone Process Number:25351.866933\/2021-46\\n Clone URL: https:\/\/consultas.anvisa.gov.br\/#\/medicamentos\/2963585&#8243;}&#8221;,<br \/>\n        &#8220;ActiveIngredient&#8221;: &#8220;CLORIDRATO DE IVABRADINA&#8221;,<br \/>\n        &#8220;Packaging&#8221;: &#8220;Prim\u00e1ria &#8211; Blister de alum\u00ednio e alum\u00ednionSecund\u00e1ria &#8211; Cartucho&#8221;,<br \/>\n        &#8220;ManufacturingLocation&#8221;: &#8220;Fabricante: TORRENT PHARMACEUTICALS LTD.nC\u00f3digo \u00fanico: A001089nEndere\u00e7o: PLOT NO Z\/104 TO106 DAHEJ SEZ PART-II, TAL &#8211; VAGRA, DIST &#8211; BHARUCH -392130 &#8211; \u00cdndianEtapa de Fabrica\u00e7\u00e3o: Processo produtivo completo&#8221;,<br \/>\n        &#8220;RouteofAdministration&#8221;: &#8220;ORAL&#8221;,<br \/>\n        &#8220;Conservation&#8221;: &#8220;CONSERVAR EM TEMPERATURA AMBIENTE ( AMBIENTE COM TEMPERATURA ENTRE15 E30\u00baC)&#8221;,<br \/>\n        &#8220;PrescriptionRestriction&#8221;: &#8220;Venda sob Prescri\u00e7\u00e3o M\u00e9dica&#8221;,<br \/>\n        &#8220;Restrictionofuse&#8221;: &#8220;Adulto&#8221;,<br \/>\n        &#8220;MatrixUpdateAlert&#8221;: &#8220;No Alert&#8221;,<br \/>\n        &#8220;MatrixUpdateAlertDate&#8221;: &#8220;N\/A&#8221;,<br \/>\n        &#8220;RegularizationExpirationAlert&#8221;: &#8220;No Alert&#8221;<br \/>\n    },<br \/>\n    {<br \/>\n        &#8220;ProductName&#8221;: &#8220;rivaroxabana&#8221;,<br \/>\n        &#8220;RegularizationNumber&#8221;: &#8220;105250080&#8221;,<br \/>\n        &#8220;RegularizationDate&#8221;: &#8220;16\/09\/2019&#8221;,<br \/>\n        &#8220;CNPJ&#8221;: &#8220;33.078.528\/0001-32&#8221;,<br \/>\n        &#8220;CaseNumber&#8221;: &#8220;25351.201839\/2017-95&#8221;,<br \/>\n        &#8220;RegularizationDueDate&#8221;: &#8220;09\/2029&#8221;,<br \/>\n        &#8220;CloneDetails&#8221;: &#8220;{&#8220;Clones&#8221;: [{&#8220;Name&#8221;: &#8220;ACOG&#8221;, &#8220;Process Number&#8221;: &#8220;25351.230018\/2017-31&#8221;, &#8220;Clone URL&#8221;: &#8220;https:\/\/consultas.anvisa.gov.br\/#\/medicamentos\/1166654?cnpj=33078528000132&#038;situacaoRegistro=V&#8221;}], &#8220;Clone Product Name&#8221;: &#8220;ACOG&#8221;, &#8220;Clone Process Number&#8221;: &#8220;25351.230018\/2017-31&#8221;, &#8220;Clone URL&#8221;: &#8220;https:\/\/consultas.anvisa.gov.br\/#\/medicamentos\/1166654?cnpj=33078528000132&#038;situacaoRegistro=V&#8221;}&#8221;,<br \/>\n        &#8220;ActiveIngredient&#8221;: &#8220;RIVAROXABANA&#8221;,<br \/>\n        &#8220;Packaging&#8221;: &#8220;Prim\u00e1ria &#8211; Blister de alum\u00ednio e alum\u00ednionSecund\u00e1ria &#8211; Cartucho&#8221;,<br \/>\n        &#8220;ManufacturingLocation&#8221;: &#8220;Fabricante: TORRENT PHARMACEUTICALS LIMITEDnC\u00f3digo \u00fanico: A000614nEndere\u00e7o: AHMEDABAD &#8211; MEHSANA HIGHWAY &#8211; TALUKA-KADI, DISTRICT MEHSANA, INDRAD382721 GUJARAT &#8211; \u00cdndianEtapa de Fabrica\u00e7\u00e3o: Processo produtivo completo&#8221;,<br \/>\n        &#8220;RouteofAdministration&#8221;: &#8220;ORAL&#8221;,<br \/>\n        &#8220;Conservation&#8221;: &#8220;CONSERVAR EM TEMPERATURA AMBIENTE ( AMBIENTE COM TEMPERATURA ENTRE15 E30\u00baC)nPROTEGER DA UMIDADE&#8221;,<br \/>\n        &#8220;PrescriptionRestriction&#8221;: &#8220;Venda sob Prescri\u00e7\u00e3o M\u00e9dica&#8221;,<br \/>\n        &#8220;Restrictionofuse&#8221;: &#8220;Adulto&#8221;,<br \/>\n        &#8220;MatrixUpdateAlert&#8221;: &#8220;Annual Matrix update is due on 16\/09\/2025 which is within next 9 months. Please update it and also update the clones within 30 days of matrix update.&#8221;,<br \/>\n        &#8220;MatrixUpdateAlertDate&#8221;: &#8220;16\/09\/2025&#8221;,<br \/>\n        &#8220;RegularizationExpirationAlert&#8221;: &#8220;No Alert&#8221;<br \/>\n    },<br \/>\n    {<br \/>\n        &#8220;ProductName&#8221;: &#8220;ARIPIPRAZOL&#8221;,<br \/>\n        &#8220;RegularizationNumber&#8221;: &#8220;156490007&#8221;,<br \/>\n        &#8220;RegularizationDate&#8221;: &#8220;01\/02\/2016&#8221;,<br \/>\n        &#8220;CNPJ&#8221;: &#8220;05.399.786\/0001-85&#8221;,<br \/>\n        &#8220;CaseNumber&#8221;: &#8220;25351.643872\/2012-43&#8221;,<br \/>\n        &#8220;RegularizationDueDate&#8221;: &#8220;02\/2026&#8221;,<br \/>\n        &#8220;CloneDetails&#8221;: &#8220;&#8221;,<br \/>\n        &#8220;ActiveIngredient&#8221;: &#8220;ARIPIPRAZOL&#8221;,<br \/>\n        &#8220;Packaging&#8221;: &#8220;Prim\u00e1ria &#8211; BLISTER DE ALUMINIO\/ALUMINIOnSecund\u00e1ria &#8211; CARTUCHO CARTAO&#8221;,<br \/>\n        &#8220;ManufacturingLocation&#8221;: &#8220;Fabricante: UNICHEM LABORATORIES LIMITEDnC\u00f3digo \u00fanico: A000621nEndere\u00e7o: C-31 &#038;32 &#038; D-10, INDUSTRIAL AREA, MEERUT ROAD, GHAZIABAD201003 &#8211; \u00cdndianEtapa de Fabrica\u00e7\u00e3o:&#8221;,<br \/>\n        &#8220;RouteofAdministration&#8221;: &#8220;ORAL&#8221;,<br \/>\n        &#8220;Conservation&#8221;: &#8220;CONSERVAR EM TEMPERATURA AMBIENTE ( AMBIENTE COM TEMPERATURA ENTRE15 E30\u00baC)&#8221;,<br \/>\n        &#8220;PrescriptionRestriction&#8221;: &#8220;Venda sob prescri\u00e7\u00e3o m\u00e9dica com reten\u00e7\u00e3o de receita&#8221;,<br \/>\n        &#8220;Restrictionofuse&#8221;: &#8220;Adulto&#8221;,<br \/>\n        &#8220;MatrixUpdateAlert&#8221;: &#8220;Annual Matrix update is due on 01\/02\/2026 which is within next 9 months. Please update it and also update the clones within 30 days of matrix update.&#8221;,<br \/>\n        &#8220;MatrixUpdateAlertDate&#8221;: &#8220;01\/02\/2026&#8221;,<br \/>\n        &#8220;RegularizationExpirationAlert&#8221;: &#8220;Regularization will expire on 02\/2026 which is within next 9 months. Please renew the regularization.&#8221;<br \/>\n    },<br \/>\n    {<br \/>\n        &#8220;ProductName&#8221;: &#8220;telmisartana + hidroclorotiazida&#8221;,<br \/>\n        &#8220;RegularizationNumber&#8221;: &#8220;155370096&#8221;,<br \/>\n        &#8220;RegularizationDate&#8221;: &#8220;26\/04\/2021&#8221;,<br \/>\n        &#8220;CNPJ&#8221;: &#8220;64.171.697\/0001-46&#8221;,<br \/>\n        &#8220;CaseNumber&#8221;: &#8220;25351.188508\/2019-90&#8221;,<br \/>\n        &#8220;RegularizationDueDate&#8221;: &#8220;04\/2031&#8221;,<br \/>\n        &#8220;CloneDetails&#8221;: &#8220;2. Clone Product Name: telmisartana + hidroclorotiazidan Clone Process Number:25351.443146\/2024-72n Clone URL: https:\/\/consultas.anvisa.gov.br\/#\/medicamentos\/3780574n3. Clone Product Name: n\u00e3o registradon Clone Process Number:25351.007478\/2025-78n Clone URL: https:\/\/consultas.anvisa.gov.br\/#\/medicamentos\/3789733n4. Clone Product Name: telmisartana + hidroclorotiazidan Clone Process Number:25351.530547\/2023-81n Clone URL: https:\/\/consultas.anvisa.gov.br\/#\/medicamentos\/3646330n5. Clone Product Name: telmisartana + hidroclorotiazidan Clone Process Number:25351.140055\/2024-88n Clone URL: https:\/\/consultas.anvisa.gov.br\/#\/medicamentos\/3709105n6. Clone Product Name: telmisartana + hidroclorotiazidan Clone Process Number:25351.255796\/2022-09n Clone URL: https:\/\/consultas.anvisa.gov.br\/#\/medicamentos\/3297024n7. Clone Product Name: TELD HCTn Clone Process Number:25351.255786\/2022-65n Clone URL: https:\/\/consultas.anvisa.gov.br\/#\/medicamentos\/3311890&#8221;,<br \/>\n        &#8220;ActiveIngredient&#8221;: &#8220;TELMISARTANAnHIDROCLOROTIAZIDA&#8221;,<br \/>\n        &#8220;Packaging&#8221;: &#8220;Prim\u00e1ria &#8211; Blister de alum\u00ednio e alum\u00ednionSecund\u00e1ria &#8211; Cartucho&#8221;,<br \/>\n        &#8220;ManufacturingLocation&#8221;: &#8220;Fabricante: INTAS PHARMACEUTICALS LIMITEDnC\u00f3digo \u00fanico: A000704nEndere\u00e7o: PLOT5 A14- PHARMEZ ,BUILDING: B, C AND G, NEAR VILLAGE MATODA, TAL-SANAND, CITY: MATODA, DIST: AHMEDABAD, GUJARAT STATE &#8211; \u00cdndianEtapa de Fabrica\u00e7\u00e3o: Processo produtivo completo&#8221;,<br \/>\n        &#8220;RouteofAdministration&#8221;: &#8220;ORAL&#8221;,<br \/>\n        &#8220;Conservation&#8221;: &#8220;CONSERVAR EM TEMPERATURA AMBIENTE ( AMBIENTE COM TEMPERATURA ENTRE15 E30\u00baC)nPROTEGER DA UMIDADE&#8221;,<br \/>\n        &#8220;PrescriptionRestriction&#8221;: &#8220;Venda sob Prescri\u00e7\u00e3o M\u00e9dica&#8221;,<br \/>\n        &#8220;Restrictionofuse&#8221;: &#8220;Adulto&#8221;,<br \/>\n        &#8220;MatrixUpdateAlert&#8221;: &#8220;Annual Matrix update is due on 26\/04\/2026 which is within next 9 months. Please update it and also update the clones within 30 days of matrix update.&#8221;,<br \/>\n        &#8220;MatrixUpdateAlertDate&#8221;: &#8220;26\/04\/2026&#8221;,<br \/>\n        &#8220;RegularizationExpirationAlert&#8221;: &#8220;No Alert&#8221;<br \/>\n    },<br \/>\n    {<br \/>\n        &#8220;ProductName&#8221;: &#8220;OLMECOR HCT&#8221;,<br \/>\n        &#8220;RegularizationNumber&#8221;: &#8220;105250114&#8221;,<br \/>\n        &#8220;RegularizationDate&#8221;: &#8220;20\/05\/2024&#8221;,<br \/>\n        &#8220;CNPJ&#8221;: &#8220;33.078.528\/0001-32&#8221;,<br \/>\n        &#8220;CaseNumber&#8221;: &#8220;25351.255787\/2022-18&#8221;,<br \/>\n        &#8220;RegularizationDueDate&#8221;: &#8220;05\/2034&#8221;,<br \/>\n        &#8220;CloneDetails&#8221;: &#8220;{&#8220;Clones&#8221;: [{&#8220;Name&#8221;: &#8220;olmesartana medoxomila + hidroclorotiazida&#8221;, &#8220;Process Number&#8221;: &#8220;25351.393719\/2024-18&#8221;, &#8220;Clone URL&#8221;: &#8220;https:\/\/consultas.anvisa.gov.br\/#\/medicamentos\/3801824?cnpj=33078528000132&#038;situacaoRegistro=V&#8221;}], &#8220;Clone Product Name&#8221;: &#8220;olmesartana medoxomila + hidroclorotiazida&#8221;, &#8220;Clone Process Number&#8221;: &#8220;25351.393719\/2024-18&#8221;, &#8220;Clone URL&#8221;: &#8220;https:\/\/consultas.anvisa.gov.br\/#\/medicamentos\/3801824?cnpj=33078528000132&#038;situacaoRegistro=V&#8221;}&#8221;,<br \/>\n        &#8220;ActiveIngredient&#8221;: &#8220;OLMESARTANA MEDOXOMILAnHIDROCLOROTIAZIDA&#8221;,<br \/>\n        &#8220;Packaging&#8221;: &#8220;Prim\u00e1ria &#8211; Blister de alum\u00ednio e alum\u00ednionSecund\u00e1ria &#8211; Cartucho&#8221;,<br \/>\n        &#8220;ManufacturingLocation&#8221;: &#8220;Fabricante: TORRENT PHARMACEUTICALS LTD.nC\u00f3digo \u00fanico: A000615nEndere\u00e7o: VILLAGE BHUD &#038; MAKHNU MAJRA, TEHSIL: BADDI-173205- DISTT. SOLAN (H.P) &#8211; \u00cdndianEtapa de Fabrica\u00e7\u00e3o: Processo produtivo completo&#8221;,<br \/>\n        &#8220;RouteofAdministration&#8221;: &#8220;ORAL&#8221;,<br \/>\n        &#8220;Conservation&#8221;: &#8220;CONSERVAR EM TEMPERATURA AMBIENTE ( AMBIENTE COM TEMPERATURA ENTRE15 E30\u00baC)&#8221;,<br \/>\n        &#8220;PrescriptionRestriction&#8221;: &#8220;Venda sob Prescri\u00e7\u00e3o M\u00e9dica&#8221;,<br \/>\n        &#8220;Restrictionofuse&#8221;: &#8220;Adulto&#8221;,<br \/>\n        &#8220;MatrixUpdateAlert&#8221;: &#8220;No Alert&#8221;,<br \/>\n        &#8220;MatrixUpdateAlertDate&#8221;: &#8220;N\/A&#8221;,<br \/>\n        &#8220;RegularizationExpirationAlert&#8221;: &#8220;No Alert&#8221;<br \/>\n    }<br \/>\n][<br \/>\n    {<br \/>\n        &#8220;Certified Company&#8221;: &#8220;INTAS PHARMACEUTICALS LIMITED&#8221;,<br \/>\n        &#8220;Code. Unique \/ Certified CNPJ&#8221;: &#8220;A000704&#8221;,<br \/>\n        &#8220;Certified Company Address&#8221;: &#8220;PLOT 5 A 14- PHARMEZ ,BUILDING: B, C AND G, NEAR VILLAGE MATODA, TAL-SANAND, CITY: MATODA, DIST: AHMEDABAD, GUJARAT STATE&#8221;,<br \/>\n        &#8220;Country&#8221;: &#8220;\u00cdNDIA&#8221;,<br \/>\n        &#8220;Requesting Company&#8221;: &#8220;TORRENT DO BRASIL LTDA&#8221;,<br \/>\n        &#8220;CNPJ (Requesting Company)&#8221;: &#8220;33.078.528\/0001-32&#8221;,<br \/>\n        &#8220;Requesting Company Address&#8221;: &#8220;AVENIDA TAMBOR\u00c9, N\u00b0 1180, M\u00d3DULOS A3, A4, A5 E A6.&#8221;,<br \/>\n        &#8220;City \/ State&#8221;: &#8220;BARUERI \/ SP&#8221;,<br \/>\n        &#8220;Subject&#8221;: &#8220;70512 &#8211; MEDICAMENTOS \u2013 RENOVA\u00c7\u00c3O (Certifica\u00e7\u00e3o de BPF) de IND\u00daSTRIA INTERNACIONAL de S\u00d3LIDOS N\u00c3O EST\u00c9REIS, exceto MERCOSUL&#8221;,<br \/>\n        &#8220;Certificate Type&#8221;: &#8220;CBPF&#8221;,<br \/>\n        &#8220;Expiration Date&#8221;: &#8220;29\/10\/2026&#8221;,<br \/>\n        &#8220;Publication Date&#8221;: &#8220;29\/10\/2024&#8221;,<br \/>\n        &#8220;Date of Resolution&#8221;: &#8220;24\/10\/2024&#8221;,<br \/>\n        &#8220;Resolution&#8221;: &#8220;3.976&#8221;,<br \/>\n        &#8220;Certificate Issued by&#8221;: &#8220;APROVA\u00c7\u00c3O T\u00c1CITA ?&#8221;,<br \/>\n        &#8220;N.DOU&#8221;: &#8220;209&#8221;,<br \/>\n        &#8220;GMP certificate Expiration Alert&#8221;: &#8220;No alerts&#8221;<br \/>\n    },<br \/>\n    {<br \/>\n        &#8220;Certified Company&#8221;: &#8220;UNICHEM LABORATORIES LIMITED&#8221;,<br \/>\n        &#8220;Code. Unique \/ Certified CNPJ&#8221;: &#8220;A000621&#8221;,<br \/>\n        &#8220;Certified Company Address&#8221;: &#8220;C-31 &#038; 32 &#038; D-10, INDUSTRIAL AREA, MEERUT ROAD, GHAZIABAD 201 003&#8221;,<br \/>\n        &#8220;Country&#8221;: &#8220;\u00cdNDIA&#8221;,<br \/>\n        &#8220;Requesting Company&#8221;: &#8220;TORRENT DO BRASIL LTDA&#8221;,<br \/>\n        &#8220;CNPJ (Requesting Company)&#8221;: &#8220;33.078.528\/0001-32&#8221;,<br \/>\n        &#8220;Requesting Company Address&#8221;: &#8220;AVENIDA TAMBOR\u00c9, N\u00b0 1180, M\u00d3DULOS A3, A4, A5 E A6.&#8221;,<br \/>\n        &#8220;City \/ State&#8221;: &#8220;BARUERI \/ SP&#8221;,<br \/>\n        &#8220;Subject&#8221;: &#8220;70512 &#8211; MEDICAMENTOS \u2013 RENOVA\u00c7\u00c3O (Certifica\u00e7\u00e3o de BPF) de IND\u00daSTRIA INTERNACIONAL de S\u00d3LIDOS N\u00c3O EST\u00c9REIS, exceto MERCOSUL&#8221;,<br \/>\n        &#8220;Certificate Type&#8221;: &#8220;CBPF&#8221;,<br \/>\n        &#8220;Expiration Date&#8221;: &#8220;22\/01\/2026&#8221;,<br \/>\n        &#8220;Publication Date&#8221;: &#8220;22\/01\/2024&#8221;,<br \/>\n        &#8220;Date of Resolution&#8221;: &#8220;18\/01\/2024&#8221;,<br \/>\n        &#8220;Resolution&#8221;: &#8220;211&#8221;,<br \/>\n        &#8220;Certificate Issued by&#8221;: &#8220;APROVA\u00c7\u00c3O T\u00c1CITA ?&#8221;,<br \/>\n        &#8220;N.DOU&#8221;: &#8220;15&#8221;,<br \/>\n        &#8220;GMP certificate Expiration Alert&#8221;: &#8220;Your GMP certificate is expiring on 22\/01\/2026 (in 9 months or less). Please renew it.&#8221;<br \/>\n    },<br \/>\n    {<br \/>\n        &#8220;Certified Company&#8221;: &#8220;NATCO PHARMA LIMITED&#8221;,<br \/>\n        &#8220;Code. Unique \/ Certified CNPJ&#8221;: &#8220;A001421&#8221;,<br \/>\n        &#8220;Certified Company Address&#8221;: &#8220;PLOT NO. 89 E 90, JNPC, RAMKY PHARMA CITY, PARAWADA VISAKHAPATNAM-531019,ANDHRA PRADESH&#8221;,<br \/>\n        &#8220;Country&#8221;: &#8220;\u00cdNDIA&#8221;,<br \/>\n        &#8220;Requesting Company&#8221;: &#8220;TORRENT DO BRASIL LTDA&#8221;,<br \/>\n        &#8220;CNPJ (Requesting Company)&#8221;: &#8220;33.078.528\/0001-32&#8221;,<br \/>\n        &#8220;Requesting Company Address&#8221;: &#8220;AVENIDA TAMBOR\u00c9, N\u00b0 1180, M\u00d3DULOS A3, A4, A5 E A6.&#8221;,<br \/>\n        &#8220;City \/ State&#8221;: &#8220;BARUERI \/ SP&#8221;,<br \/>\n        &#8220;Subject&#8221;: &#8220;769 &#8211; MEDICAMENTOS &#8211; (Certifica\u00e7\u00e3o de BPF) de IND\u00daSTRIA INTERNACIONAL de S\u00d3LIDOS N\u00c3O EST\u00c9REIS, exceto MERCOSUL&#8221;,<br \/>\n        &#8220;Certificate Type&#8221;: &#8220;CBPF&#8221;,<br \/>\n        &#8220;Expiration Date&#8221;: &#8220;04\/11\/2026&#8221;,<br \/>\n        &#8220;Publication Date&#8221;: &#8220;04\/11\/2024&#8221;,<br \/>\n        &#8220;Date of Resolution&#8221;: &#8220;31\/10\/2024&#8221;,<br \/>\n        &#8220;Resolution&#8221;: &#8220;4.073&#8221;,<br \/>\n        &#8220;Certificate Issued by&#8221;: &#8220;AN\u00c1LISE DE RISCO ?&#8221;,<br \/>\n        &#8220;N.DOU&#8221;: &#8220;213&#8221;,<br \/>\n        &#8220;GMP certificate Expiration Alert&#8221;: &#8220;No alerts&#8221;<br \/>\n    },<br \/>\n    {<br \/>\n        &#8220;Certified Company&#8221;: &#8220;ATHENA DRUG DELIVERY SOLUTIONS PVT. LTD.&#8221;,<br \/>\n        &#8220;Code. Unique \/ Certified CNPJ&#8221;: &#8220;A001229&#8221;,<br \/>\n        &#8220;Certified Company Address&#8221;: &#8220;PLOT NO. A-1 TO A-5, MIDC, CHEMICAL ZONE, AMBERNATH (W), THANE 421501, MAHARASHTRA STATE&#8221;,<br \/>\n        &#8220;Country&#8221;: &#8220;\u00cdNDIA&#8221;,<br \/>\n        &#8220;Requesting Company&#8221;: &#8220;TORRENT DO BRASIL LTDA&#8221;,<br \/>\n        &#8220;CNPJ (Requesting Company)&#8221;: &#8220;33.078.528\/0001-32&#8221;,<br \/>\n        &#8220;Requesting Company Address&#8221;: &#8220;AVENIDA TAMBOR\u00c9, N\u00b0 1180, M\u00d3DULOS A3, A4, A5 E A6.&#8221;,<br \/>\n        &#8220;City \/ State&#8221;: &#8220;BARUERI \/ SP&#8221;,<br \/>\n        &#8220;Subject&#8221;: &#8220;70512 &#8211; MEDICAMENTOS \u2013 RENOVA\u00c7\u00c3O (Certifica\u00e7\u00e3o de BPF) de IND\u00daSTRIA INTERNACIONAL de S\u00d3LIDOS N\u00c3O EST\u00c9REIS, exceto MERCOSUL&#8221;,<br \/>\n        &#8220;Certificate Type&#8221;: &#8220;CBPF&#8221;,<br \/>\n        &#8220;Expiration Date&#8221;: &#8220;21\/10\/2026&#8221;,<br \/>\n        &#8220;Publication Date&#8221;: &#8220;21\/10\/2024&#8221;,<br \/>\n        &#8220;Date of Resolution&#8221;: &#8220;17\/10\/2024&#8221;,<br \/>\n        &#8220;Resolution&#8221;: &#8220;3.860&#8221;,<br \/>\n        &#8220;Certificate Issued by&#8221;: &#8220;APROVA\u00c7\u00c3O T\u00c1CITA ?&#8221;,<br \/>\n        &#8220;N.DOU&#8221;: &#8220;204&#8221;,<br \/>\n        &#8220;GMP certificate Expiration Alert&#8221;: &#8220;No alerts&#8221;<br \/>\n    },<br \/>\n    {<br \/>\n        &#8220;Certified Company&#8221;: &#8220;LABORATORIOS LICONSA S.A.&#8221;,<br \/>\n        &#8220;Code. Unique \/ Certified CNPJ&#8221;: &#8220;A000705&#8221;,<br \/>\n        &#8220;Certified Company Address&#8221;: &#8220;AVDA. MIRALCAMPO, 7, POL. IND. MIRALCAMPO, AZUQUECA DE HENARES 19200 (GUADALAJARA)&#8221;,<br \/>\n        &#8220;Country&#8221;: &#8220;ESPANHA&#8221;,<br \/>\n        &#8220;Requesting Company&#8221;: &#8220;TORRENT DO BRASIL LTDA&#8221;,<br \/>\n        &#8220;CNPJ (Requesting Company)&#8221;: &#8220;33.078.528\/0001-32&#8221;,<br \/>\n        &#8220;Requesting Company Address&#8221;: &#8220;AVENIDA TAMBOR\u00c9, N\u00b0 1180, M\u00d3DULOS A3, A4, A5 E A6.&#8221;,<br \/>\n        &#8220;City \/ State&#8221;: &#8220;BARUERI \/ SP&#8221;,<br \/>\n        &#8220;Subject&#8221;: &#8220;70512 &#8211; MEDICAMENTOS \u2013 RENOVA\u00c7\u00c3O (Certifica\u00e7\u00e3o de BPF) de IND\u00daSTRIA INTERNACIONAL de S\u00d3LIDOS N\u00c3O EST\u00c9REIS, exceto MERCOSUL&#8221;,<br \/>\n        &#8220;Certificate Type&#8221;: &#8220;CBPF&#8221;,<br \/>\n        &#8220;Expiration Date&#8221;: &#8220;22\/04\/2027&#8221;,<br \/>\n        &#8220;Publication Date&#8221;: &#8220;22\/04\/2025&#8221;,<br \/>\n        &#8220;Date of Resolution&#8221;: &#8220;16\/04\/2025&#8221;,<br \/>\n        &#8220;Resolution&#8221;: &#8220;1.503&#8221;,<br \/>\n        &#8220;Certificate Issued by&#8221;: &#8220;RENOVA\u00c7\u00c3O AUTOM\u00c1TICA ?&#8221;,<br \/>\n        &#8220;N.DOU&#8221;: &#8220;75&#8221;,<br \/>\n        &#8220;GMP certificate Expiration Alert&#8221;: &#8220;No alerts&#8221;<br \/>\n    }<br \/>\n]\n\n\t\t<\/div>\n\t\t\t\t\t<\/div>\n\n\t\n<\/div>\n\t\t<\/div>\n\n\t\t\n<style>\n#section_330866416 {\n  padding-top: 194px;\n  padding-bottom: 194px;\n}\n<\/style>\n\t<\/section>","protected":false},"excerpt":{"rendered":"","protected":false},"author":1,"featured_media":0,"parent":0,"menu_order":0,"comment_status":"closed","ping_status":"closed","template":"","meta":{"inline_featured_image":false,"footnotes":""},"class_list":["post-1307","page","type-page","status-publish","hentry"],"_links":{"self":[{"href":"https:\/\/720degrees.ai\/pt\/wp-json\/wp\/v2\/pages\/1307","targetHints":{"allow":["GET"]}}],"collection":[{"href":"https:\/\/720degrees.ai\/pt\/wp-json\/wp\/v2\/pages"}],"about":[{"href":"https:\/\/720degrees.ai\/pt\/wp-json\/wp\/v2\/types\/page"}],"author":[{"embeddable":true,"href":"https:\/\/720degrees.ai\/pt\/wp-json\/wp\/v2\/users\/1"}],"replies":[{"embeddable":true,"href":"https:\/\/720degrees.ai\/pt\/wp-json\/wp\/v2\/comments?post=1307"}],"version-history":[{"count":4,"href":"https:\/\/720degrees.ai\/pt\/wp-json\/wp\/v2\/pages\/1307\/revisions"}],"predecessor-version":[{"id":1348,"href":"https:\/\/720degrees.ai\/pt\/wp-json\/wp\/v2\/pages\/1307\/revisions\/1348"}],"wp:attachment":[{"href":"https:\/\/720degrees.ai\/pt\/wp-json\/wp\/v2\/media?parent=1307"}],"curies":[{"name":"wp","href":"https:\/\/api.w.org\/{rel}","templated":true}]}}